{"id":6526,"date":"2024-03-26T00:15:15","date_gmt":"2024-03-25T23:15:15","guid":{"rendered":"http:\/\/3-lab.pl\/?page_id=6526"},"modified":"2024-03-26T00:24:51","modified_gmt":"2024-03-25T23:24:51","slug":"skora-bez-obaw","status":"publish","type":"page","link":"https:\/\/3-lab.pl\/en\/skora-bez-obaw\/","title":{"rendered":"Sk\u00f3ra Bez Obaw"},"content":{"rendered":"<p><a href=\"http:\/\/3-lab.pl\/en\/wp-content\/uploads\/2024\/03\/434144686_732692015352463_7955644499874450775_n.jpg\/\"><img class=\"wp-image-6527 aligncenter\" src=\"http:\/\/3-lab.pl\/wp-content\/uploads\/2024\/03\/434144686_732692015352463_7955644499874450775_n.jpg\" alt=\"\" width=\"444\" height=\"427\" srcset=\"https:\/\/3-lab.pl\/wp-content\/uploads\/2024\/03\/434144686_732692015352463_7955644499874450775_n.jpg 707w, https:\/\/3-lab.pl\/wp-content\/uploads\/2024\/03\/434144686_732692015352463_7955644499874450775_n-450x433.jpg 450w, https:\/\/3-lab.pl\/wp-content\/uploads\/2024\/03\/434144686_732692015352463_7955644499874450775_n-12x12.jpg 12w\" sizes=\"(max-width: 444px) 100vw, 444px\" \/><\/a><\/p>\n<p>&nbsp;<\/p>\n<div id=\"ut-row-69ded074602b9\" data-vc-full-width=\"true\" data-vc-full-width-init=\"false\" class=\"vc_row wpb_row vc_row-fluid vc_column-gap-0 ut-row-69ded074602cb\" ><div class=\"wpb_column vc_column_container vc_col-sm-12\" ><div id=\"ut_inner_column_69ded074611fc\" class=\"vc_column-inner\" ><div class=\"wpb_wrapper\"><div class=\"wpb_content_element\"><style type=\"text\/css\" scoped>#ut_accordion_69ded07461323 .ut-accordion-module-item.open .ut-accordion-module-heading { color: rgba(0, 179, 227, 1) !important }#ut_accordion_69ded07461323 .ut-accordion-module-heading:hover { color: rgba(0, 179, 227, 1) !important }#ut_accordion_69ded07461323 .ut-accordion-module-heading:active { color: rgba(0, 179, 227, 1) !important }#ut_accordion_69ded07461323 .ut-accordion-module-heading:focus { color: rgba(0, 179, 227, 1) !important }#ut_accordion_69ded07461323 .ut-accordion-module-item { border-top-style:solid; }#ut_accordion_69ded07461323 .ut-accordion-module-item:last-child { border-top-style:solid; border-bottom-style:solid; }<\/style>                \r\n                <script type=\"text\/javascript\">\r\n                \r\n                    (function($){\r\n                                                \r\n                        $(document).ready(function(){\r\n                            \r\n                            $('#ut_accordion_69ded07461323 [data-accordion]').accordion({\r\n                                \"transitionSpeed\"  : 400,\r\n                                \"singleOpen\"       : true,\r\n                                \"transitionEasing\" : \"ease\",\r\n                            });                            \r\n                    \r\n                        });\r\n                            \r\n                    })(jQuery);\r\n            \r\n                <\/script>\r\n                \r\n            <div id=\"ut_accordion_69ded07461323\" data-accordion-group class=\"ut-accordion-module  ut-accordion-module-with-border\"><div data-accordion class=\"ut-accordion-module-item  open\"><h3 data-control class=\"ut-accordion-module-heading\" data-counter=\"1\">Project description<\/h3><div data-content class=\"ut-accordion-module-content\"><div class=\"ut-accordion-module-inner entry-content clearfix\"><\/p>\n<p>\u201eSk\u00f3ra Bez Obaw\u201d to aplikacja wychodz\u0105ca naprzeciw rosn\u0105cym powszechnie w ka\u017cdej grupie spo\u0142ecznej problemom zmian sk\u00f3rnych. Pozwala ona na znaczne obni\u017cenie koszt\u00f3w zwi\u0105zanych z diagnostyk\u0105 lekarsk\u0105, a na dodatek jest ca\u0142kowicie bezp\u0142atna, co sprawia, \u017ce staje si\u0119 konkurencyjn\u0105 alternatyw\u0105 dla obecnie istniej\u0105cych rozwi\u0105za\u0144.<\/p>\n<p>&nbsp;<\/p>\n<p>Nasz\u0105 grup\u0105 docelow\u0105 s\u0105 cz\u0119sto pomijane osoby starsze, kt\u00f3re zazwyczaj nie potrafi\u0105 obs\u0142ugiwa\u0107 skomplikowanych aplikacji elektronicznych, wi\u0119c \u201eSk\u00f3ra bez Obaw\u201d zawiera czytelny film instrukta\u017cowy i formularz pozwalaj\u0105cy na spersonalizowane dopasowanie do potrzeb ka\u017cdego u\u017cytkownika. Zawiera niespotykane w konkurencyjnych rozwi\u0105zaniach opcje powi\u0119kszenia czcionki i obecno\u015bci lektora dla os\u00f3b niedos\u0142ysz\u0105cych i niedowidz\u0105cych.<\/p>\n<p>&nbsp;<\/p>\n<p>Zawiera tak\u017ce b\u0119d\u0105ce miejscem wzajemnego wsparcia i wsp\u00f3\u0142pracy forum dyskusyjne, baz\u0119 lekarzy, kt\u00f3ra zmienia si\u0119 w zale\u017cno\u015bci od indywidualnych potrzeb i sesje FAQ, co umo\u017cliwia \u0142atw\u0105 interwencje i znalezienie najefektywniejszej drogi leczenia w razie wykrycia zmian nowotworowych.<\/p>\n<p><\/div><\/div><\/div><\/div><\/div><\/div><\/div><\/div><\/div><div class=\"vc_row-full-width vc_clearfix\"><\/div>","protected":false},"excerpt":{"rendered":"<p>&nbsp;<\/p>","protected":false},"author":36,"featured_media":0,"parent":0,"menu_order":0,"comment_status":"closed","ping_status":"closed","template":"","meta":{"spay_email":""},"_links":{"self":[{"href":"https:\/\/3-lab.pl\/en\/wp-json\/wp\/v2\/pages\/6526"}],"collection":[{"href":"https:\/\/3-lab.pl\/en\/wp-json\/wp\/v2\/pages"}],"about":[{"href":"https:\/\/3-lab.pl\/en\/wp-json\/wp\/v2\/types\/page"}],"author":[{"embeddable":true,"href":"https:\/\/3-lab.pl\/en\/wp-json\/wp\/v2\/users\/36"}],"replies":[{"embeddable":true,"href":"https:\/\/3-lab.pl\/en\/wp-json\/wp\/v2\/comments?post=6526"}],"version-history":[{"count":3,"href":"https:\/\/3-lab.pl\/en\/wp-json\/wp\/v2\/pages\/6526\/revisions"}],"predecessor-version":[{"id":6529,"href":"https:\/\/3-lab.pl\/en\/wp-json\/wp\/v2\/pages\/6526\/revisions\/6529"}],"wp:attachment":[{"href":"https:\/\/3-lab.pl\/en\/wp-json\/wp\/v2\/media?parent=6526"}],"curies":[{"name":"wp","href":"https:\/\/api.w.org\/{rel}","templated":true}]}}