{"id":6429,"date":"2024-03-07T22:51:15","date_gmt":"2024-03-07T21:51:15","guid":{"rendered":"http:\/\/3-lab.pl\/?page_id=6429"},"modified":"2024-04-17T00:35:22","modified_gmt":"2024-04-16T22:35:22","slug":"singo","status":"publish","type":"page","link":"https:\/\/3-lab.pl\/en\/singo\/","title":{"rendered":"SINGO"},"content":{"rendered":"<p><a href=\"http:\/\/3-lab.pl\/en\/wp-content\/uploads\/2024\/03\/Zrzut-ekranu-2024-03-07-223452.png\/\"><img class=\"size-full wp-image-6430 aligncenter\" src=\"http:\/\/3-lab.pl\/wp-content\/uploads\/2024\/03\/Zrzut-ekranu-2024-03-07-223452.png\" alt=\"\" width=\"1224\" height=\"483\" srcset=\"https:\/\/3-lab.pl\/wp-content\/uploads\/2024\/03\/Zrzut-ekranu-2024-03-07-223452.png 1224w, https:\/\/3-lab.pl\/wp-content\/uploads\/2024\/03\/Zrzut-ekranu-2024-03-07-223452-650x256.png 650w, https:\/\/3-lab.pl\/wp-content\/uploads\/2024\/03\/Zrzut-ekranu-2024-03-07-223452-768x303.png 768w, https:\/\/3-lab.pl\/wp-content\/uploads\/2024\/03\/Zrzut-ekranu-2024-03-07-223452-16x6.png 16w\" sizes=\"(max-width: 1224px) 100vw, 1224px\" \/><\/a><\/p>\n<section id=\"ut-section-69f175467196a\" data-vc-full-width=\"true\" data-vc-full-width-init=\"false\" data-cursor-skin=\"global\" class=\"vc_section ut-vc-160 vc_section-has-no-fill ut-section-69f1754671978\"><a data-id=\"section-without-id\" class=\"ut-vc-offset-anchor-bottom\" name=\"section-without-id\"><\/a><\/section><div class=\"vc_row-full-width vc_clearfix\"><\/div><div id=\"ut-row-69f175467235b\" data-vc-full-width=\"true\" data-vc-full-width-init=\"false\" class=\"vc_row wpb_row vc_row-fluid vc_column-gap-0 ut-row-69f1754672367\" ><div class=\"wpb_column vc_column_container vc_col-sm-12\" ><div id=\"ut_inner_column_69f1754672cd5\" class=\"vc_column-inner\" ><div class=\"wpb_wrapper\"><div class=\"wpb_content_element\"><style type=\"text\/css\" scoped>#ut_accordion_69f1754672e60 .ut-accordion-module-item.open .ut-accordion-module-heading { color: rgba(0, 179, 227, 1) !important }#ut_accordion_69f1754672e60 .ut-accordion-module-heading:hover { color: rgba(0, 179, 227, 1) !important }#ut_accordion_69f1754672e60 .ut-accordion-module-heading:active { color: rgba(0, 179, 227, 1) !important }#ut_accordion_69f1754672e60 .ut-accordion-module-heading:focus { color: rgba(0, 179, 227, 1) !important }#ut_accordion_69f1754672e60 .ut-accordion-module-item { border-top-style:solid; }#ut_accordion_69f1754672e60 .ut-accordion-module-item:last-child { border-top-style:solid; border-bottom-style:solid; }<\/style>                \r\n                <script type=\"text\/javascript\">\r\n                \r\n                    (function($){\r\n                                                \r\n                        $(document).ready(function(){\r\n                            \r\n                            $('#ut_accordion_69f1754672e60 [data-accordion]').accordion({\r\n                                \"transitionSpeed\"  : 400,\r\n                                \"singleOpen\"       : true,\r\n                                \"transitionEasing\" : \"ease\",\r\n                            });                            \r\n                    \r\n                        });\r\n                            \r\n                    })(jQuery);\r\n            \r\n                <\/script>\r\n                \r\n            <div id=\"ut_accordion_69f1754672e60\" data-accordion-group class=\"ut-accordion-module  ut-accordion-module-with-border\"><\/p>\n<div data-accordion class=\"ut-accordion-module-item  open\"><h3 data-control class=\"ut-accordion-module-heading\" data-counter=\"1\">Opis projektu <\/h3><div data-content class=\"ut-accordion-module-content\"><div class=\"ut-accordion-module-inner entry-content clearfix\">\n<p>Projekt Singo ma na celu rozwi\u0105zanie problemu braku danych z rejon\u00f3w polarnych. Obecnie stosowane metody pomiaru bilansu<br \/>\nmasy lodowc\u00f3w s\u0105 nieefektywne i niebezpieczne. Naukowcy musz\u0105 r\u0119cznie mierzy\u0107 wysoko\u015b\u0107 pokrywy \u015bnie\u017cnej na lodowcach, co<br \/>\njest drogie oraz ryzykowne.<br \/>\nW rezultacie modele prognozuj\u0105ce wzrost poziomu ocean\u00f3w s\u0105 bardzo niedok\u0142adne. Tymczasem dok\u0142adno\u015b\u0107 tych modeli ma<br \/>\nkluczowe znaczenie dla przewidywania skutk\u00f3w zmian klimatu i podejmowania odpowiednich dzia\u0142a\u0144 adaptacyjnych.<br \/>\nSingo rozwi\u0105zuje ten problem poprzez zbudowanie drona wyposa\u017conego w radar i sonar do pomiaru wysoko\u015bci pokrywy \u015bnie\u017cnej<br \/>\nna lodowcach. Pozwoli to znacz\u0105co zwi\u0119kszy\u0107 ilo\u015b\u0107 i dok\u0142adno\u015b\u0107 danych z obszar\u00f3w polarnych, co prze\u0142o\u017cy si\u0119 na lepsze modele<br \/>\nprognozowania wzrostu poziomu ocean\u00f3w.<\/p>\n<p>&nbsp;<\/p>\n<p><\/div><\/div><\/div><div data-accordion class=\"ut-accordion-module-item\"><h3 data-control class=\"ut-accordion-module-heading\" data-counter=\"2\">Dlaczego nasze rozwi\u0105zanie jest najlepsze?<\/h3><div data-content class=\"ut-accordion-module-content\"><div class=\"ut-accordion-module-inner entry-content clearfix\"><\/p>\n<p><a href=\"http:\/\/3-lab.pl\/en\/wp-content\/uploads\/2024\/03\/obraz_2024-03-07_223751226.png\/\"><img class=\"size-full wp-image-6431 aligncenter\" src=\"http:\/\/3-lab.pl\/wp-content\/uploads\/2024\/03\/obraz_2024-03-07_223751226.png\" alt=\"\" width=\"1182\" height=\"630\" srcset=\"https:\/\/3-lab.pl\/wp-content\/uploads\/2024\/03\/obraz_2024-03-07_223751226.png 1182w, https:\/\/3-lab.pl\/wp-content\/uploads\/2024\/03\/obraz_2024-03-07_223751226-650x346.png 650w, https:\/\/3-lab.pl\/wp-content\/uploads\/2024\/03\/obraz_2024-03-07_223751226-768x409.png 768w, https:\/\/3-lab.pl\/wp-content\/uploads\/2024\/03\/obraz_2024-03-07_223751226-16x9.png 16w\" sizes=\"(max-width: 1182px) 100vw, 1182px\" \/><\/a><\/p>\n<p><\/div><\/div><\/div><div data-accordion class=\"ut-accordion-module-item\"><h3 data-control class=\"ut-accordion-module-heading\" data-counter=\"3\">Nasz Zesp\u00f3\u0142<\/h3><div data-content class=\"ut-accordion-module-content\"><div class=\"ut-accordion-module-inner entry-content clearfix\"><\/p>\n<p><a href=\"http:\/\/3-lab.pl\/en\/wp-content\/uploads\/2024\/03\/obraz_2024-03-07_224938627.png\/\"><img class=\"alignnone size-full wp-image-6436\" src=\"http:\/\/3-lab.pl\/wp-content\/uploads\/2024\/03\/obraz_2024-03-07_224938627.png\" alt=\"\" width=\"1645\" height=\"730\" srcset=\"https:\/\/3-lab.pl\/wp-content\/uploads\/2024\/03\/obraz_2024-03-07_224938627.png 1645w, https:\/\/3-lab.pl\/wp-content\/uploads\/2024\/03\/obraz_2024-03-07_224938627-650x288.png 650w, https:\/\/3-lab.pl\/wp-content\/uploads\/2024\/03\/obraz_2024-03-07_224938627-1300x577.png 1300w, https:\/\/3-lab.pl\/wp-content\/uploads\/2024\/03\/obraz_2024-03-07_224938627-768x341.png 768w, https:\/\/3-lab.pl\/wp-content\/uploads\/2024\/03\/obraz_2024-03-07_224938627-1536x682.png 1536w, https:\/\/3-lab.pl\/wp-content\/uploads\/2024\/03\/obraz_2024-03-07_224938627-16x7.png 16w, https:\/\/3-lab.pl\/wp-content\/uploads\/2024\/03\/obraz_2024-03-07_224938627-1280x568.png 1280w\" sizes=\"(max-width: 1645px) 100vw, 1645px\" \/><\/a><\/p>\n<p><\/div><\/div><\/div>\n<div data-accordion class=\"ut-accordion-module-item\"><h3 data-control class=\"ut-accordion-module-heading\" data-counter=\"4\">Kiedy?<\/h3><div data-content class=\"ut-accordion-module-content\"><div class=\"ut-accordion-module-inner entry-content clearfix\"><\/p>\n<p>Projekt by\u0142 realizowany od 2022 roku.<\/p>\n<p>&nbsp;<\/p>\n<p><\/div><\/div><\/div>\n<div data-accordion class=\"ut-accordion-module-item\"><h3 data-control class=\"ut-accordion-module-heading\" data-counter=\"5\">Linki<\/h3><div data-content class=\"ut-accordion-module-content\"><div class=\"ut-accordion-module-inner entry-content clearfix\"><\/p>\n<p><a href=\"https:\/\/singo.simle.pl\/\"><strong>STRONA<\/strong><\/a><\/p>\n<p><\/div><\/div><\/div>\n<p><\/div><\/div><\/div><\/div><\/div><\/div><div class=\"vc_row-full-width vc_clearfix\"><\/div>","protected":false},"excerpt":{"rendered":"#ut_accordion_69f17546754eb .ut-accordion-module-item.open .ut-accordion-module-heading { color: rgba(0, 179, 227, 1) !important }#ut_accordion_69f17546754eb .ut-accordion-module-heading:hover { color: rgba(0, 179, 227, 1) !important }#ut_accordion_69f17546754eb .ut-accordion-module-heading:active { color: rgba(0, 179, 227, 1) !important }#ut_accordion_69f17546754eb .ut-accordion-module-heading:focus { color: rgba(0, 179, 227, 1) !important }#ut_accordion_69f17546754eb .ut-accordion-module-item { border-top-style:solid; }#ut_accordion_69f17546754eb .ut-accordion-module-item:last-child { border-top-style:solid; border-bottom-style:solid; } (function($){ $(document).ready(function(){ $('#ut_accordion_69f17546754eb [data-accordion]').accordion({ \"transitionSpeed\" : 400, \"singleOpen\" [...]","protected":false},"author":36,"featured_media":0,"parent":0,"menu_order":0,"comment_status":"closed","ping_status":"closed","template":"","meta":{"spay_email":""},"_links":{"self":[{"href":"https:\/\/3-lab.pl\/en\/wp-json\/wp\/v2\/pages\/6429"}],"collection":[{"href":"https:\/\/3-lab.pl\/en\/wp-json\/wp\/v2\/pages"}],"about":[{"href":"https:\/\/3-lab.pl\/en\/wp-json\/wp\/v2\/types\/page"}],"author":[{"embeddable":true,"href":"https:\/\/3-lab.pl\/en\/wp-json\/wp\/v2\/users\/36"}],"replies":[{"embeddable":true,"href":"https:\/\/3-lab.pl\/en\/wp-json\/wp\/v2\/comments?post=6429"}],"version-history":[{"count":7,"href":"https:\/\/3-lab.pl\/en\/wp-json\/wp\/v2\/pages\/6429\/revisions"}],"predecessor-version":[{"id":6670,"href":"https:\/\/3-lab.pl\/en\/wp-json\/wp\/v2\/pages\/6429\/revisions\/6670"}],"wp:attachment":[{"href":"https:\/\/3-lab.pl\/en\/wp-json\/wp\/v2\/media?parent=6429"}],"curies":[{"name":"wp","href":"https:\/\/api.w.org\/{rel}","templated":true}]}}