{"id":6380,"date":"2024-02-19T21:08:39","date_gmt":"2024-02-19T20:08:39","guid":{"rendered":"http:\/\/3-lab.pl\/?page_id=6380"},"modified":"2024-05-07T21:09:52","modified_gmt":"2024-05-07T19:09:52","slug":"dzis-jutro-pojutrze","status":"publish","type":"page","link":"https:\/\/3-lab.pl\/en\/dzis-jutro-pojutrze\/","title":{"rendered":"Dzisiaj, Jutro, Pojutrze"},"content":{"rendered":"<p><a href=\"https:\/\/3-lab.pl\/en\/dzis-jutro-pojutrze\/427816788_1765332057272608_7749672654111799794_n\/#main\/\" rel=\"attachment wp-att-6383\"><img class=\"wp-image-6383 aligncenter\" src=\"http:\/\/3-lab.pl\/wp-content\/uploads\/2024\/02\/427816788_1765332057272608_7749672654111799794_n-650x366.jpg\" alt=\"\" width=\"979\" height=\"551\" srcset=\"https:\/\/3-lab.pl\/wp-content\/uploads\/2024\/02\/427816788_1765332057272608_7749672654111799794_n-650x366.jpg 650w, https:\/\/3-lab.pl\/wp-content\/uploads\/2024\/02\/427816788_1765332057272608_7749672654111799794_n-1300x731.jpg 1300w, https:\/\/3-lab.pl\/wp-content\/uploads\/2024\/02\/427816788_1765332057272608_7749672654111799794_n-768x432.jpg 768w, https:\/\/3-lab.pl\/wp-content\/uploads\/2024\/02\/427816788_1765332057272608_7749672654111799794_n-1536x864.jpg 1536w, https:\/\/3-lab.pl\/wp-content\/uploads\/2024\/02\/427816788_1765332057272608_7749672654111799794_n-16x9.jpg 16w, https:\/\/3-lab.pl\/wp-content\/uploads\/2024\/02\/427816788_1765332057272608_7749672654111799794_n-1280x720.jpg 1280w, https:\/\/3-lab.pl\/wp-content\/uploads\/2024\/02\/427816788_1765332057272608_7749672654111799794_n.jpg 1920w\" sizes=\"(max-width: 979px) 100vw, 979px\" \/><\/a><\/p>\n<section id=\"ut-section-69e1e23d82b0e\" data-vc-full-width=\"true\" data-vc-full-width-init=\"false\" data-cursor-skin=\"global\" class=\"vc_section ut-vc-160 vc_section-has-no-fill ut-section-69e1e23d82b1c\"><a data-id=\"section-without-id\" class=\"ut-vc-offset-anchor-bottom\" name=\"section-without-id\"><\/a><\/section><div class=\"vc_row-full-width vc_clearfix\"><\/div><div id=\"ut-row-69e1e23d832c5\" data-vc-full-width=\"true\" data-vc-full-width-init=\"false\" class=\"vc_row wpb_row vc_row-fluid vc_column-gap-0 ut-row-69e1e23d832d7\" ><div class=\"wpb_column vc_column_container vc_col-sm-12\" ><div id=\"ut_inner_column_69e1e23d846b9\" class=\"vc_column-inner\" ><div class=\"wpb_wrapper\"><div class=\"wpb_content_element\"><style type=\"text\/css\" scoped>#ut_accordion_69e1e23d84916 .ut-accordion-module-item.open .ut-accordion-module-heading { color: rgba(0, 179, 227, 1) !important }#ut_accordion_69e1e23d84916 .ut-accordion-module-heading:hover { color: rgba(0, 179, 227, 1) !important }#ut_accordion_69e1e23d84916 .ut-accordion-module-heading:active { color: rgba(0, 179, 227, 1) !important }#ut_accordion_69e1e23d84916 .ut-accordion-module-heading:focus { color: rgba(0, 179, 227, 1) !important }#ut_accordion_69e1e23d84916 .ut-accordion-module-item { border-top-style:solid; }#ut_accordion_69e1e23d84916 .ut-accordion-module-item:last-child { border-top-style:solid; border-bottom-style:solid; }<\/style>                \r\n                <script type=\"text\/javascript\">\r\n                \r\n                    (function($){\r\n                                                \r\n                        $(document).ready(function(){\r\n                            \r\n                            $('#ut_accordion_69e1e23d84916 [data-accordion]').accordion({\r\n                                \"transitionSpeed\"  : 400,\r\n                                \"singleOpen\"       : true,\r\n                                \"transitionEasing\" : \"ease\",\r\n                            });                            \r\n                    \r\n                        });\r\n                            \r\n                    })(jQuery);\r\n            \r\n                <\/script>\r\n                \r\n            <div id=\"ut_accordion_69e1e23d84916\" data-accordion-group class=\"ut-accordion-module  ut-accordion-module-with-border\"><div data-accordion class=\"ut-accordion-module-item  open\"><h3 data-control class=\"ut-accordion-module-heading\" data-counter=\"1\">Co robimy?<\/h3><div data-content class=\"ut-accordion-module-content\"><div class=\"ut-accordion-module-inner entry-content clearfix\"><\/p>\n<p>Podczas naszej prezentacji u\u015bwiadamiamy odbiorc\u00f3w o faktycznym poziomie AI, kt\u00f3ry jest znacznie bardziej zaawansowany ni\u017c si\u0119 mo\u017ce wydawa\u0107 np. (my\u015bliwce w pe\u0142ni sterowane przez AI). Rozpatrujemy zalety i mo\u017cliwo\u015bci jakie sztuczna inteligencja niesie ze sob\u0105 &#8211; nie tylko w edukacji. Spor\u0105 cz\u0119\u015b\u0107 prezentacji po\u015bwi\u0119camy tak\u017ce zagro\u017ceniom, o kt\u00f3rych bardzo wielu u\u017cytkownik\u00f3w AI nie jest \u015bwiadomych. Przyk\u0142adowo, sztuczna inteligencja jest w stanie rozpozna\u0107 nasze wierzenia, pogl\u0105dy polityczne oraz orientacj\u0119 seksualn\u0105, analizuj\u0105c jedynie zdj\u0119cia naszej twarzy. Robi to a\u017c z 91% poprawno\u015bci\u0105, wed\u0142ug danych z 2017 roku, co w \u015bwiecie sztucznej inteligencji jest ju\u017c prehistori\u0105. Nasze szkolenie zawiera interaktywne elementy np. robotyczn\u0105 fok\u0119 ,,Paro&#8221; stosowan\u0105 w terapii, kt\u00f3r\u0105 nauczyciele mog\u0105 fizycznie pog\u0142aska\u0107.<\/p>\n<p><\/div><\/div><\/div><div data-accordion class=\"ut-accordion-module-item\"><h3 data-control class=\"ut-accordion-module-heading\" data-counter=\"2\">Jak to robimy?<\/h3><div data-content class=\"ut-accordion-module-content\"><div class=\"ut-accordion-module-inner entry-content clearfix\"><\/p>\n<p>Je\u017adzimy na wyk\u0142ady oraz konferencje, analizujemy podcasty i wywiady, w kt\u00f3rych bior\u0105 udzia\u0142 najs\u0142ynniejsze nazwiska ze \u015bwiata AI, m.in. prof. Micha\u0142 Kosi\u0144ski, prof. Andrzej Dragan, prof. Aleksandra Przegali\u0144ska czy prof. W\u0142odzis\u0142aw Duch. Konsultujemy si\u0119 ze studentami kierunk\u00f3w zwi\u0105zanych z AI oraz na bie\u017c\u0105co \u015bledzimy nowinki ze \u015bwiata sztucznej inteligencji. Dzi\u0119ki temu, \u017ce de facto dorastamy razem z AI i poznajemy j\u0105 empirycznie, odrabiaj\u0105c prace domowe, a nie prowadz\u0105c nad ni\u0105 wy\u0142\u0105cznie badania naukowe, potrafimy przekaza\u0107 informacje na jej temat w prosty, przejrzysty i przyst\u0119pny spos\u00f3b. Opowiadamy o sztucznej inteligencji w oparciu o konkretne przypadki. Nie korzystamy z technicznego s\u0142ownictwa, ale opieramy si\u0119 na sprawdzonych badaniach i statystykach.<\/p>\n<p>&nbsp;<\/p>\n<p><\/div><\/div><\/div><div data-accordion class=\"ut-accordion-module-item\"><h3 data-control class=\"ut-accordion-module-heading\" data-counter=\"3\">Dlaczego uczniowie opowiadaj\u0105 nauczycielom o AI?<\/h3><div data-content class=\"ut-accordion-module-content\"><div class=\"ut-accordion-module-inner entry-content clearfix\"><\/p>\n<p>Edukacja wymaga zmian.<\/p>\n<p>&nbsp;<\/p>\n<p>Jedn\u0105 z nich jest reformacja w relacji ucze\u0144-nauczyciel.<\/p>\n<p>&nbsp;<\/p>\n<p>Dopiero od oko\u0142o roku obserwujemy tendencj\u0119, \u017ce rola nauczyciela nie ogranicza si\u0119 ju\u017c g\u0142\u00f3wnie do jednostronnego przekazywania wiedzy. Zmiana tego my\u015blenia, kt\u00f3ra zachodzi w edukacji, pozwala na tworzenie relacji opartych na wsp\u00f3\u0142pracy. Nasza szko\u0142a (III LO w Gdyni) m.in poprzez 3-LAB, szkoln\u0105 pracowni\u0119 innowacji, robi to od lat, daj\u0105c uczniom ,,miejsce przy stole\u2019\u2019. Realizujemy swoje projekty we wsp\u00f3\u0142pracy z doros\u0142ymi, kt\u00f3rzy wreszcie chc\u0105 nas s\u0142ucha\u0107 i pracowa\u0107 z nami na zasadach partnerstwa.<\/p>\n<p>&nbsp;<\/p>\n<p>Internet, technologia i AI jest naszym \u015bwiatem.<\/p>\n<p>W przeciwie\u0144stwie do znacznej wi\u0119kszo\u015bci nauczycieli, nie znamy \u015bwiata bez internetu, urodzili\u015bmy si\u0119 z elektroniczn\u0105 smycz\u0105. Z tego powodu postanowili\u015bmy opowiedzie\u0107 nauczycielom o naszej normalno\u015bci, czyli rzeczywisto\u015bci sztucznej inteligencji, w kt\u00f3rym poruszamy si\u0119 od najm\u0142odszych lat. O sztucznej inteligencji opowiadamy jako osoby, kt\u00f3rym przychodzi to tak naturalnie, jak u\u017cywanie sztu\u0107c\u00f3w.<\/p>\n<p><\/div><\/div><\/div><div data-accordion class=\"ut-accordion-module-item\"><h3 data-control class=\"ut-accordion-module-heading\" data-counter=\"4\">Co osi\u0105gn\u0119li\u015bmy?<\/h3><div data-content class=\"ut-accordion-module-content\"><div class=\"ut-accordion-module-inner entry-content clearfix\"><\/p>\n<p>Nasz projekt otrzyma\u0142 laury konkursu ,,Projektanci Edukacji\u2019\u2019 organizowanego przez Now\u0105 Er\u0119.<\/p>\n<p>&nbsp;<\/p>\n<p>Uda\u0142o si\u0119 nam ju\u017c przeprowadzi\u0107 szkolenia m.in. dla wszystkich dyrektor\u00f3w gdy\u0144skich i s\u0142upskich szk\u00f3\u0142. \u0141\u0105cznie by\u0142o to ponad 250 os\u00f3b.<\/p>\n<p>&nbsp;<\/p>\n<p>Stworzyli\u015bmy tak\u017ce kodeks etycznego korzystania z AI w szko\u0142ach. Zale\u017cy nam aby szko\u0142y nie zakazywa\u0142y korzystania ze sztucznej inteligencji, lecz pokaza\u0142y uczniom jak m\u0105drze i etycznie j\u0105 wykorzysta\u0107. Kodeks jest pierwszym krokiem do skutecznego wprowadzenia AI do szk\u00f3\u0142.<\/p>\n<p>&nbsp;<\/p>\n<p>Napisali\u015bmy te\u017c raport, kt\u00f3ry podsumowuje prezentacj\u0119 i pe\u0142ni rol\u0119 study guide\u2019a, dzi\u0119ki czemu nasi odbiorcy po zako\u0144czeniu spotkania, otrzymaj\u0105 skondensowan\u0105 wiedz\u0119, notatki oraz przewodnik, jak korzysta\u0107 z og\u00f3lnodost\u0119pnych modeli sztucznej inteligencji. Spotkali\u015bmy si\u0119 ze znakomitym odbiorem i powsta\u0142y ju\u017c o nas pierwsze artyku\u0142y.<\/p>\n<p>&nbsp;<\/p>\n<p>Nawi\u0105zali\u015bmy wsp\u00f3\u0142prac\u0119 z UNICEF Polska<\/p>\n<p>&nbsp;<\/p>\n<p><\/div><\/div><\/div><div data-accordion class=\"ut-accordion-module-item\"><h3 data-control class=\"ut-accordion-module-heading\" data-counter=\"5\">Dlaczego jeste\u015bmy innowacyjni?<\/h3><div data-content class=\"ut-accordion-module-content\"><div class=\"ut-accordion-module-inner entry-content clearfix\"><\/p>\n<p>Nie ma na rynku podobnego w pe\u0142ni darmowego szkolenia, kt\u00f3re w tak szczeg\u00f3\u0142owy, holistyczny i jednocze\u015bnie przejrzysty spos\u00f3b przybli\u017ca tematyk\u0119 sztucznej inteligencji (AI); zale\u017cy nam na tym, aby prezentacja by\u0142a zrozumia\u0142a dla kogo\u015b, kto pierwszy raz zetkn\u0105\u0142 si\u0119 z terminem AI, jak i dla os\u00f3b, kt\u00f3re regularnie korzystaj\u0105 z narz\u0119dzi AI i maj\u0105 stosunkowo du\u017c\u0105 wiedz\u0119 w tym zakresie. Ponadto, odwracaj\u0105c rol\u0119 nauczyciela i ucznia, prze\u0142amujemy pewien utarty schemat i dzielimy si\u0119 nasz\u0105 perspektyw\u0105, kt\u00f3ra &#8211; jak wspomnia\u0142y\u015bmy wy\u017cej, &#8211; mo\u017ce okaza\u0107 si\u0119 szczeg\u00f3lnie istotna w tym temacie.<\/p>\n<p><\/div><\/div><\/div><div data-accordion class=\"ut-accordion-module-item\"><h3 data-control class=\"ut-accordion-module-heading\" data-counter=\"6\">Co dalej?<\/h3><div data-content class=\"ut-accordion-module-content\"><div class=\"ut-accordion-module-inner entry-content clearfix\"><\/p>\n<p>Planujemy poszerza\u0107 nasz\u0105 dzia\u0142alno\u015b\u0107, o stworzenie kolejnych prezentacji m.in na tematy: transhumanizmu, metaverse, zdrowia psychicznego dzieci w \u015bwiecie technologii.<\/p>\n<p><\/div><\/div><\/div><div data-accordion class=\"ut-accordion-module-item\"><h3 data-control class=\"ut-accordion-module-heading\" data-counter=\"7\">About us<\/h3><div data-content class=\"ut-accordion-module-content\"><div class=\"ut-accordion-module-inner entry-content clearfix\"><\/p>\n<p>Link do artyku\u0142u na nasz temat:<\/p>\n<p>&nbsp;<\/p>\n<p><span role=\"gridcell\"><a class=\"x1i10hfl xjbqb8w x1ejq31n xd10rxx x1sy0etr x17r0tee x972fbf xcfux6l x1qhh985 xm0m39n x9f619 x1ypdohk xt0psk2 xe8uvvx xdj266r x11i5rnm xat24cr x1mh8g0r xexx8yu x4uap5 x18d9i69 xkhd6sd x16tdsg8 xggy1nq x1a2a7pz xt0b8zv x1heor9g x1bvjpef\" tabindex=\"0\" role=\"link\" href=\"https:\/\/www.gdynia.pl\/mieszkaniec\/aktualnosci,4018\/eksperci-z-liceum-na-forum-dyrektorow,579069?fbclid=IwAR1ZkBM7Dx4uirOoa07tqXD455tWU_hNby4LrnA2td01dbgduXp6LP2LHIY\" target=\"_blank\" rel=\"nofollow noopener noreferrer\">https:\/\/www.gdynia.pl\/mieszkaniec\/aktualnosci,4018\/eksperci-z-liceum-na-forum-dyrektorow,579069<\/a><\/span><\/p>\n<p>&nbsp;<\/p>\n<p>Wi\u0119cej pozytywnego feedbacku jaki uzyska\u0142y\u015bmy:<\/p>\n<p>&nbsp;<\/p>\n<p><span role=\"gridcell\"><a class=\"x1i10hfl xjbqb8w x1ejq31n xd10rxx x1sy0etr x17r0tee x972fbf xcfux6l x1qhh985 xm0m39n x9f619 x1ypdohk xt0psk2 xe8uvvx xdj266r x11i5rnm xat24cr x1mh8g0r xexx8yu x4uap5 x18d9i69 xkhd6sd x16tdsg8 xggy1nq x1a2a7pz xt0b8zv x1s688f x1heor9g x1bvjpef\" tabindex=\"0\" role=\"link\" href=\"https:\/\/www.facebook.com\/share\/5oMXjVjJNDb4KYgY\/?mibextid=WC7FNe\">https:\/\/www.facebook.com\/share\/5oMXjVjJNDb4KYgY\/?mibextid=WC7FNe<\/a><\/span><\/p>\n<p>&nbsp;<\/p>\n<p><span role=\"gridcell\"><a class=\"x1i10hfl xjbqb8w x1ejq31n xd10rxx x1sy0etr x17r0tee x972fbf xcfux6l x1qhh985 xm0m39n x9f619 x1ypdohk xt0psk2 xe8uvvx xdj266r x11i5rnm xat24cr x1mh8g0r xexx8yu x4uap5 x18d9i69 xkhd6sd x16tdsg8 xggy1nq x1a2a7pz xt0b8zv x1s688f x1heor9g x1bvjpef\" tabindex=\"0\" role=\"link\" href=\"https:\/\/www.facebook.com\/share\/p\/q6ktfBhMCUuvMTvt\/\">https:\/\/www.facebook.com\/share\/p\/q6ktfBhMCUuvMTvt\/<\/a><\/span><\/p>\n<p>&nbsp;<\/p>\n<p><\/div><\/div><\/div><div data-accordion class=\"ut-accordion-module-item\"><h3 data-control class=\"ut-accordion-module-heading\" data-counter=\"8\">Kiedy?<\/h3><div data-content class=\"ut-accordion-module-content\"><div class=\"ut-accordion-module-inner entry-content clearfix\"><\/p>\n<p>Projekt jest realizowany od 2023 roku.<\/p>\n<p><\/div><\/div><\/div><div data-accordion class=\"ut-accordion-module-item\"><h3 data-control class=\"ut-accordion-module-heading\" data-counter=\"9\">Galeria<\/h3><div data-content class=\"ut-accordion-module-content\"><div class=\"ut-accordion-module-inner entry-content clearfix\"><\/p>\n\r\n            <style type='text\/css'>\r\n                #gallery-1 {\r\n                    margin: auto;\r\n                }\r\n                #gallery-1 .gallery-item {\r\n                    float: left;\r\n                    margin-top: 10px;\r\n                    text-align: center;\r\n                    width: 33%;\r\n                }\r\n                #gallery-1 img {\r\n                    border: 2px solid #cfcfcf;\r\n                }\r\n                #gallery-1 .gallery-caption {\r\n                    margin-left: 0;\r\n                }\r\n                \r\n                \r\n                \r\n                \/* see gallery_shortcode() in wp-includes\/media.php *\/\r\n            <\/style>\n\t\t<div id='gallery-1' class='gallery galleryid-6380 gallery-columns-3 gallery-size-thumbnail'><dl class='gallery-item'>\r\n                <dt class='gallery-icon landscape'>\r\n                    <a href='https:\/\/3-lab.pl\/en\/dzis-jutro-pojutrze\/419204245_815400897263875_6816535368997423027_n\/#main'><img width=\"325\" height=\"217\" src=\"https:\/\/3-lab.pl\/wp-content\/uploads\/2024\/02\/419204245_815400897263875_6816535368997423027_n-325x217.jpg\" class=\"attachment-thumbnail size-thumbnail\" alt=\"\" \/><\/a>\r\n                <\/dt><\/dl><dl class='gallery-item'>\r\n                <dt class='gallery-icon landscape'>\r\n                    <a href='https:\/\/3-lab.pl\/en\/dzis-jutro-pojutrze\/414570350_773883564782217_5655575467242414862_n\/#main'><img width=\"325\" height=\"217\" src=\"https:\/\/3-lab.pl\/wp-content\/uploads\/2024\/02\/414570350_773883564782217_5655575467242414862_n-325x217.jpg\" class=\"attachment-thumbnail size-thumbnail\" alt=\"\" srcset=\"https:\/\/3-lab.pl\/wp-content\/uploads\/2024\/02\/414570350_773883564782217_5655575467242414862_n-325x217.jpg 325w, https:\/\/3-lab.pl\/wp-content\/uploads\/2024\/02\/414570350_773883564782217_5655575467242414862_n-16x12.jpg 16w\" sizes=\"(max-width: 325px) 100vw, 325px\" \/><\/a>\r\n                <\/dt><\/dl><dl class='gallery-item'>\r\n                <dt class='gallery-icon landscape'>\r\n                    <a href='https:\/\/3-lab.pl\/en\/dzis-jutro-pojutrze\/417398804_773883741448866_7814980549549173324_n\/#main'><img width=\"325\" height=\"217\" src=\"https:\/\/3-lab.pl\/wp-content\/uploads\/2024\/02\/417398804_773883741448866_7814980549549173324_n-325x217.jpg\" class=\"attachment-thumbnail size-thumbnail\" alt=\"\" srcset=\"https:\/\/3-lab.pl\/wp-content\/uploads\/2024\/02\/417398804_773883741448866_7814980549549173324_n-325x217.jpg 325w, https:\/\/3-lab.pl\/wp-content\/uploads\/2024\/02\/417398804_773883741448866_7814980549549173324_n-16x12.jpg 16w\" sizes=\"(max-width: 325px) 100vw, 325px\" \/><\/a>\r\n                <\/dt><\/dl><br style=\"clear: both\" \/><dl class='gallery-item'>\r\n                <dt class='gallery-icon landscape'>\r\n                    <a href='https:\/\/3-lab.pl\/en\/dzis-jutro-pojutrze\/414154290_272845638891344_8962708457222708758_n-2\/#main'><img width=\"325\" height=\"217\" src=\"https:\/\/3-lab.pl\/wp-content\/uploads\/2024\/02\/414154290_272845638891344_8962708457222708758_n-2-325x217.jpg\" class=\"attachment-thumbnail size-thumbnail\" alt=\"\" \/><\/a>\r\n                <\/dt><\/dl><dl class='gallery-item'>\r\n                <dt class='gallery-icon landscape'>\r\n                    <a href='https:\/\/3-lab.pl\/en\/2024\/02\/02\/prezentacja-na-temat-sztucznej-inteligencji-dzis-jutro-pojutrze-w-slupsku\/slupsk\/#main'><img width=\"325\" height=\"217\" src=\"https:\/\/3-lab.pl\/wp-content\/uploads\/2024\/02\/slupsk-325x217.jpg\" class=\"attachment-thumbnail size-thumbnail\" alt=\"\" srcset=\"https:\/\/3-lab.pl\/wp-content\/uploads\/2024\/02\/slupsk-325x217.jpg 325w, https:\/\/3-lab.pl\/wp-content\/uploads\/2024\/02\/slupsk-16x12.jpg 16w, https:\/\/3-lab.pl\/wp-content\/uploads\/2024\/02\/slupsk-300x200.jpg 300w, https:\/\/3-lab.pl\/wp-content\/uploads\/2024\/02\/slupsk-500x333.jpg 500w, https:\/\/3-lab.pl\/wp-content\/uploads\/2024\/02\/slupsk-750x500.jpg 750w, https:\/\/3-lab.pl\/wp-content\/uploads\/2024\/02\/slupsk-1000x667.jpg 1000w, https:\/\/3-lab.pl\/wp-content\/uploads\/2024\/02\/slupsk-1500x1000.jpg 1500w\" sizes=\"(max-width: 325px) 100vw, 325px\" \/><\/a>\r\n                <\/dt><\/dl>\r\n                <br style='clear: both' \/><\/div>\n\n<p><\/div><\/div><\/div><\/div><\/div><\/div><\/div><\/div><\/div><div class=\"vc_row-full-width vc_clearfix\"><\/div>","protected":false},"excerpt":{"rendered":"#ut_accordion_69e1e23d8c5ee .ut-accordion-module-item.open .ut-accordion-module-heading { color: rgba(0, 179, 227, 1) !important }#ut_accordion_69e1e23d8c5ee .ut-accordion-module-heading:hover { color: rgba(0, 179, 227, 1) !important }#ut_accordion_69e1e23d8c5ee .ut-accordion-module-heading:active { color: rgba(0, 179, 227, 1) !important }#ut_accordion_69e1e23d8c5ee .ut-accordion-module-heading:focus { color: rgba(0, 179, 227, 1) !important }#ut_accordion_69e1e23d8c5ee .ut-accordion-module-item { border-top-style:solid; }#ut_accordion_69e1e23d8c5ee .ut-accordion-module-item:last-child { border-top-style:solid; border-bottom-style:solid; } (function($){ $(document).ready(function(){ $('#ut_accordion_69e1e23d8c5ee [data-accordion]').accordion({ \"transitionSpeed\" : 400, \"singleOpen\" [...]","protected":false},"author":36,"featured_media":0,"parent":0,"menu_order":0,"comment_status":"closed","ping_status":"closed","template":"","meta":{"spay_email":""},"_links":{"self":[{"href":"https:\/\/3-lab.pl\/en\/wp-json\/wp\/v2\/pages\/6380"}],"collection":[{"href":"https:\/\/3-lab.pl\/en\/wp-json\/wp\/v2\/pages"}],"about":[{"href":"https:\/\/3-lab.pl\/en\/wp-json\/wp\/v2\/types\/page"}],"author":[{"embeddable":true,"href":"https:\/\/3-lab.pl\/en\/wp-json\/wp\/v2\/users\/36"}],"replies":[{"embeddable":true,"href":"https:\/\/3-lab.pl\/en\/wp-json\/wp\/v2\/comments?post=6380"}],"version-history":[{"count":10,"href":"https:\/\/3-lab.pl\/en\/wp-json\/wp\/v2\/pages\/6380\/revisions"}],"predecessor-version":[{"id":6733,"href":"https:\/\/3-lab.pl\/en\/wp-json\/wp\/v2\/pages\/6380\/revisions\/6733"}],"wp:attachment":[{"href":"https:\/\/3-lab.pl\/en\/wp-json\/wp\/v2\/media?parent=6380"}],"curies":[{"name":"wp","href":"https:\/\/api.w.org\/{rel}","templated":true}]}}