{"id":6362,"date":"2024-02-18T18:15:08","date_gmt":"2024-02-18T17:15:08","guid":{"rendered":"http:\/\/3-lab.pl\/?page_id=6362"},"modified":"2024-02-18T18:15:08","modified_gmt":"2024-02-18T17:15:08","slug":"rhizobiotic","status":"publish","type":"page","link":"https:\/\/3-lab.pl\/en\/rhizobiotic\/","title":{"rendered":"Rhizobiotic"},"content":{"rendered":"<p><img class=\"wp-image-6363 aligncenter\" src=\"http:\/\/3-lab.pl\/wp-content\/uploads\/2024\/02\/423036728_1052713299120105_3838198075647035106_n-413x433.jpg\" alt=\"\" width=\"326\" height=\"342\" srcset=\"https:\/\/3-lab.pl\/wp-content\/uploads\/2024\/02\/423036728_1052713299120105_3838198075647035106_n-413x433.jpg 413w, https:\/\/3-lab.pl\/wp-content\/uploads\/2024\/02\/423036728_1052713299120105_3838198075647035106_n-11x12.jpg 11w, https:\/\/3-lab.pl\/wp-content\/uploads\/2024\/02\/423036728_1052713299120105_3838198075647035106_n.jpg 533w\" sizes=\"(max-width: 326px) 100vw, 326px\" \/><\/p>\n<p>&nbsp;<\/p>\n<div id=\"ut-row-69e1caf5cecfb\" data-vc-full-width=\"true\" data-vc-full-width-init=\"false\" class=\"vc_row wpb_row vc_row-fluid vc_column-gap-0 ut-row-69e1caf5ced09\" ><div class=\"wpb_column vc_column_container vc_col-sm-12\" ><div id=\"ut_inner_column_69e1caf5cf40b\" class=\"vc_column-inner\" ><div class=\"wpb_wrapper\"><div class=\"wpb_content_element\"><style type=\"text\/css\" scoped>#ut_accordion_69e1caf5cf501 .ut-accordion-module-item.open .ut-accordion-module-heading { color: rgba(0, 179, 227, 1) !important }#ut_accordion_69e1caf5cf501 .ut-accordion-module-heading:hover { color: rgba(0, 179, 227, 1) !important }#ut_accordion_69e1caf5cf501 .ut-accordion-module-heading:active { color: rgba(0, 179, 227, 1) !important }#ut_accordion_69e1caf5cf501 .ut-accordion-module-heading:focus { color: rgba(0, 179, 227, 1) !important }#ut_accordion_69e1caf5cf501 .ut-accordion-module-item { border-top-style:solid; }#ut_accordion_69e1caf5cf501 .ut-accordion-module-item:last-child { border-top-style:solid; border-bottom-style:solid; }<\/style>                \r\n                <script type=\"text\/javascript\">\r\n                \r\n                    (function($){\r\n                                                \r\n                        $(document).ready(function(){\r\n                            \r\n                            $('#ut_accordion_69e1caf5cf501 [data-accordion]').accordion({\r\n                                \"transitionSpeed\"  : 400,\r\n                                \"singleOpen\"       : true,\r\n                                \"transitionEasing\" : \"ease\",\r\n                            });                            \r\n                    \r\n                        });\r\n                            \r\n                    })(jQuery);\r\n            \r\n                <\/script>\r\n                \r\n            <div id=\"ut_accordion_69e1caf5cf501\" data-accordion-group class=\"ut-accordion-module  ut-accordion-module-with-border\"><div data-accordion class=\"ut-accordion-module-item  open\"><h3 data-control class=\"ut-accordion-module-heading\" data-counter=\"1\">Project description<\/h3><div data-content class=\"ut-accordion-module-content\"><div class=\"ut-accordion-module-inner entry-content clearfix\"><\/p>\n<p>Ka\u017cdego dnia na naszej planecie przybywa zanieczyszcze\u0144, kt\u00f3re prowadz\u0105 zar\u00f3wno do problem\u00f3w ekologicznych i \u015brodowiskowych, jak i do rozprzestrzeniania si\u0119 licznych chor\u00f3b cywilizacyjnych. Jedn\u0105 z przyczyn jest powi\u0119kszanie si\u0119 stref eutroficznych, kt\u00f3re powstaj\u0105 w wyniku nadwy\u017cek azotowych i fosforowych dostarczanych doglebowo lub dolistnie do ro\u015blin.<\/p>\n<p>&nbsp;<\/p>\n<p>Nasz zesp\u00f3\u0142 postanowi\u0142 zaj\u0105\u0107 si\u0119 tym zagadnieniem i znale\u017a\u0107 alternatyw\u0119 dla azotu i fosforu, kt\u00f3re mimo negatywnych skutk\u00f3w dla ekosystemu, s\u0105 niezb\u0119dne do prawid\u0142owego rozwoju ro\u015blin. Tworz\u0105c RHIZOBIOTIC, czyli nasz innowacyjny naw\u00f3z, skupi\u0142y\u015bmy si\u0119 na Rhizobacteriach (PGPR), kt\u00f3re ograniczaj\u0105 konieczno\u015b\u0107 stosowania nawoz\u00f3w wp\u0142ywaj\u0105cych na degradacj\u0119 gleb.<\/p>\n<p>&nbsp;<\/p>\n<p>Nasz prototyp nawozu przeszed\u0142 liczne testy, co pozwoli\u0142o nam znale\u017a\u0107 rozwi\u0105zanie, kt\u00f3rego koszty s\u0105 dwukrotnie ni\u017csze, a wzrost ro\u015bliny na tyle konkurencyjny by stanowi\u0107 atrakcyjny zamiennik dla obecnie stosowanych rozwi\u0105za\u0144.<\/p>\n<p><\/div><\/div><\/div><\/div><\/div><\/div><\/div><\/div><\/div><div class=\"vc_row-full-width vc_clearfix\"><\/div>","protected":false},"excerpt":{"rendered":"<p>&nbsp;<\/p>","protected":false},"author":36,"featured_media":0,"parent":0,"menu_order":0,"comment_status":"closed","ping_status":"closed","template":"","meta":{"spay_email":""},"_links":{"self":[{"href":"https:\/\/3-lab.pl\/en\/wp-json\/wp\/v2\/pages\/6362"}],"collection":[{"href":"https:\/\/3-lab.pl\/en\/wp-json\/wp\/v2\/pages"}],"about":[{"href":"https:\/\/3-lab.pl\/en\/wp-json\/wp\/v2\/types\/page"}],"author":[{"embeddable":true,"href":"https:\/\/3-lab.pl\/en\/wp-json\/wp\/v2\/users\/36"}],"replies":[{"embeddable":true,"href":"https:\/\/3-lab.pl\/en\/wp-json\/wp\/v2\/comments?post=6362"}],"version-history":[{"count":2,"href":"https:\/\/3-lab.pl\/en\/wp-json\/wp\/v2\/pages\/6362\/revisions"}],"predecessor-version":[{"id":6365,"href":"https:\/\/3-lab.pl\/en\/wp-json\/wp\/v2\/pages\/6362\/revisions\/6365"}],"wp:attachment":[{"href":"https:\/\/3-lab.pl\/en\/wp-json\/wp\/v2\/media?parent=6362"}],"curies":[{"name":"wp","href":"https:\/\/api.w.org\/{rel}","templated":true}]}}