{"id":6350,"date":"2024-02-18T18:11:50","date_gmt":"2024-02-18T17:11:50","guid":{"rendered":"http:\/\/3-lab.pl\/?page_id=6350"},"modified":"2024-02-18T18:11:50","modified_gmt":"2024-02-18T17:11:50","slug":"biopowered","status":"publish","type":"page","link":"https:\/\/3-lab.pl\/en\/biopowered\/","title":{"rendered":"BioPowerEd"},"content":{"rendered":"<p><img class=\"wp-image-6356 aligncenter\" src=\"http:\/\/3-lab.pl\/wp-content\/uploads\/2024\/02\/423036713_7087616137952084_306763682271363757_n-595x433.jpg\" alt=\"\" width=\"413\" height=\"300\" srcset=\"https:\/\/3-lab.pl\/wp-content\/uploads\/2024\/02\/423036713_7087616137952084_306763682271363757_n-595x433.jpg 595w, https:\/\/3-lab.pl\/wp-content\/uploads\/2024\/02\/423036713_7087616137952084_306763682271363757_n-768x559.jpg 768w, https:\/\/3-lab.pl\/wp-content\/uploads\/2024\/02\/423036713_7087616137952084_306763682271363757_n-16x12.jpg 16w, https:\/\/3-lab.pl\/wp-content\/uploads\/2024\/02\/423036713_7087616137952084_306763682271363757_n.jpg 946w\" sizes=\"(max-width: 413px) 100vw, 413px\" \/><\/p>\n<div id=\"ut-row-69e1de10c5a05\" data-vc-full-width=\"true\" data-vc-full-width-init=\"false\" class=\"vc_row wpb_row vc_row-fluid vc_column-gap-0 ut-row-69e1de10c5a14\" ><div class=\"wpb_column vc_column_container vc_col-sm-12\" ><div id=\"ut_inner_column_69e1de10c6b9c\" class=\"vc_column-inner\" ><div class=\"wpb_wrapper\"><div class=\"wpb_content_element\"><style type=\"text\/css\" scoped>#ut_accordion_69e1de10c6d07 .ut-accordion-module-item.open .ut-accordion-module-heading { color: rgba(0, 179, 227, 1) !important }#ut_accordion_69e1de10c6d07 .ut-accordion-module-heading:hover { color: rgba(0, 179, 227, 1) !important }#ut_accordion_69e1de10c6d07 .ut-accordion-module-heading:active { color: rgba(0, 179, 227, 1) !important }#ut_accordion_69e1de10c6d07 .ut-accordion-module-heading:focus { color: rgba(0, 179, 227, 1) !important }#ut_accordion_69e1de10c6d07 .ut-accordion-module-item { border-top-style:solid; }#ut_accordion_69e1de10c6d07 .ut-accordion-module-item:last-child { border-top-style:solid; border-bottom-style:solid; }<\/style>                \r\n                <script type=\"text\/javascript\">\r\n                \r\n                    (function($){\r\n                                                \r\n                        $(document).ready(function(){\r\n                            \r\n                            $('#ut_accordion_69e1de10c6d07 [data-accordion]').accordion({\r\n                                \"transitionSpeed\"  : 400,\r\n                                \"singleOpen\"       : true,\r\n                                \"transitionEasing\" : \"ease\",\r\n                            });                            \r\n                    \r\n                        });\r\n                            \r\n                    })(jQuery);\r\n            \r\n                <\/script>\r\n                \r\n            <div id=\"ut_accordion_69e1de10c6d07\" data-accordion-group class=\"ut-accordion-module  ut-accordion-module-with-border\"><div data-accordion class=\"ut-accordion-module-item  open\"><h3 data-control class=\"ut-accordion-module-heading\" data-counter=\"1\">Project description<\/h3><div data-content class=\"ut-accordion-module-content\"><div class=\"ut-accordion-module-inner entry-content clearfix\"><\/p>\n<p>Projekt Biogazowni szkolnej to innowacyjna inicjatywa maj\u0105ca na celu przekszta\u0142cenie resztek jedzenia ze szkolnych sto\u0142\u00f3wek w energi\u0119 elektryczn\u0105, a produkty uboczne na warto\u015bciowy bionaw\u00f3z. Poprzez zastosowanie procesu fermentacji organicznych materia\u0142\u00f3w, projekt ten promuje zr\u00f3wnowa\u017cone praktyki ekologiczne i edukuje uczni\u00f3w na temat odnawialnych \u017ar\u00f3de\u0142 energii oraz cyklu \u017cycia organicznych substancji poprzez samodzielnie stworzony model.<\/p>\n<p>&nbsp;<\/p>\n<p>Dodatkowo na podstawie biogazowni tworzymy autorskie konspekty lekcji przeznaczone dla uczni\u00f3w klas 7, 8 szko\u0142y podstawowej oraz klas 1, 2 szko\u0142y ponadpodstawowej.<\/p>\n<p>&nbsp;<\/p>\n<p>Projekt opiera si\u0119 na kilku g\u0142\u00f3wnych zasadach dzia\u0142ania. Po pierwsze, codziennie zbierane s\u0105 resztki jedzenia ze szkolnej sto\u0142\u00f3wki, takie jak obierki warzyw, skorupy owoc\u00f3w i inne pozosta\u0142o\u015bci organiczne. Nast\u0119pnie te materia\u0142y s\u0105 poddawane fermentacji w fermentorze, gdzie za pomoc\u0105 bakterii beztlenowych przekszta\u0142caj\u0105 si\u0119 w biogaz oraz bionaw\u00f3z. Biogaz, g\u0142\u00f3wnie sk\u0142adaj\u0105cy si\u0119 z metanu i dwutlenku w\u0119gla, jest wykorzystywany do zasilania generatora, kt\u00f3ry produkuje energi\u0119 elektryczn\u0105, natomiast pozosta\u0142o\u015bci po procesie fermentacji s\u0105 przetwarzane na wysokiej jako\u015bci naw\u00f3z organiczny, kt\u00f3ry mo\u017ce znale\u017a\u0107 zastosowanie w szkolnych ogrodach.<\/p>\n<p>&nbsp;<\/p>\n<p>Projekt Biogazowni jest przeznaczony dla szk\u00f3\u0142, kt\u00f3re pragn\u0105 wprowadzi\u0107 nowoczesne i ekologiczne rozwi\u0105zania do swojego \u015brodowiska. Jest to doskona\u0142a propozycja zar\u00f3wno dla plac\u00f3wek o silnym zainteresowaniu ekologi\u0105, jak i dla tych, kt\u00f3re chc\u0105 wzbogaci\u0107 swoje programy nauczania o praktyczne aspekty nauk przyrodniczych.<\/p>\n<p>&nbsp;<\/p>\n<p>Dodatkowo, na podstawie projektu stworzy\u0142y\u015bmy autorskie konspekty lekcji, kt\u00f3re wyja\u015bniaj\u0105 zagadnienia z dziedziny biologii, chemii oraz fizyki, skupiaj\u0105c si\u0119 na ich zastosowaniach praktycznych i ekologicznych.<\/p>\n<p>&nbsp;<\/p>\n<p>Nasz projekt Biogazowni szkolnej w po\u0142\u0105czeniu z autorskim podr\u0119cznikiem nie tylko przyczynia si\u0119 do osi\u0105gni\u0119cia konkretnych cel\u00f3w ekologicznych, ale tak\u017ce wspiera szerokie spektrum dzia\u0142a\u0144 zwi\u0105zanych z promocj\u0105 zr\u00f3wnowa\u017conego rozwoju spo\u0142ecznego i ekonomicznego. Dzia\u0142aj\u0105c w zgodzie z celami zr\u00f3wnowa\u017conego rozwoju, nasza biogazownia ma potencja\u0142 zmieni\u0107 spos\u00f3b, w jaki my\u015blimy o zarz\u0105dzaniu odpadami i produkcji energii, kszta\u0142tuj\u0105c bardziej zr\u00f3wnowa\u017con\u0105 przysz\u0142o\u015b\u0107 dla naszej planety<\/p>\n<p><\/div><\/div><\/div><\/div><\/div><\/div><\/div><\/div><\/div><div class=\"vc_row-full-width vc_clearfix\"><\/div>","protected":false},"excerpt":{"rendered":"#ut_accordion_69e1de10c7f95 .ut-accordion-module-item.open .ut-accordion-module-heading { color: rgba(0, 179, 227, 1) !important }#ut_accordion_69e1de10c7f95 .ut-accordion-module-heading:hover { color: rgba(0, 179, 227, 1) !important }#ut_accordion_69e1de10c7f95 .ut-accordion-module-heading:active { color: rgba(0, 179, 227, 1) !important }#ut_accordion_69e1de10c7f95 .ut-accordion-module-heading:focus { color: rgba(0, 179, 227, 1) !important }#ut_accordion_69e1de10c7f95 .ut-accordion-module-item { border-top-style:solid; }#ut_accordion_69e1de10c7f95 .ut-accordion-module-item:last-child { border-top-style:solid; border-bottom-style:solid; } (function($){ $(document).ready(function(){ $('#ut_accordion_69e1de10c7f95 [data-accordion]').accordion({ \"transitionSpeed\" : 400, \"singleOpen\" [...]","protected":false},"author":36,"featured_media":0,"parent":0,"menu_order":0,"comment_status":"closed","ping_status":"closed","template":"","meta":{"spay_email":""},"_links":{"self":[{"href":"https:\/\/3-lab.pl\/en\/wp-json\/wp\/v2\/pages\/6350"}],"collection":[{"href":"https:\/\/3-lab.pl\/en\/wp-json\/wp\/v2\/pages"}],"about":[{"href":"https:\/\/3-lab.pl\/en\/wp-json\/wp\/v2\/types\/page"}],"author":[{"embeddable":true,"href":"https:\/\/3-lab.pl\/en\/wp-json\/wp\/v2\/users\/36"}],"replies":[{"embeddable":true,"href":"https:\/\/3-lab.pl\/en\/wp-json\/wp\/v2\/comments?post=6350"}],"version-history":[{"count":10,"href":"https:\/\/3-lab.pl\/en\/wp-json\/wp\/v2\/pages\/6350\/revisions"}],"predecessor-version":[{"id":6417,"href":"https:\/\/3-lab.pl\/en\/wp-json\/wp\/v2\/pages\/6350\/revisions\/6417"}],"wp:attachment":[{"href":"https:\/\/3-lab.pl\/en\/wp-json\/wp\/v2\/media?parent=6350"}],"curies":[{"name":"wp","href":"https:\/\/api.w.org\/{rel}","templated":true}]}}