{"id":5931,"date":"2023-03-30T18:04:55","date_gmt":"2023-03-30T16:04:55","guid":{"rendered":"http:\/\/3-lab.pl\/?page_id=5931"},"modified":"2023-04-20T08:08:02","modified_gmt":"2023-04-20T06:08:02","slug":"artcomfort","status":"publish","type":"page","link":"https:\/\/3-lab.pl\/en\/artcomfort\/","title":{"rendered":"ART+COMFORT"},"content":{"rendered":"<div id=\"ut-row-69e26c9805ba9\" data-vc-full-width=\"true\" data-vc-full-width-init=\"false\" class=\"vc_row wpb_row vc_row-fluid vc_column-gap-0 ut-row-69e26c9805bbe\" ><div class=\"wpb_column vc_column_container vc_col-sm-12\" ><div id=\"ut_inner_column_69e26c9806d8b\" class=\"vc_column-inner\" ><div class=\"wpb_wrapper\"><div  class=\"wpb_content_element   clearfix\"><style type=\"text\/css\" scoped>#ut_am_69e26c9808921 { opacity: 1; }<\/style><div id=\"ut_am_wrap_69e26c9808923\" class=\"ut-image-gallery-image\" style=\"text-align:center;\"><div class=\"ut-animated-image-item ut-image-gallery-item ut-animation-done\"><a class=\"ut-deactivated-link\" href=\"#\"><img  id=\"ut_am_69e26c9808921\" style=\"\" src=\"https:\/\/3-lab.pl\/wp-content\/uploads\/2023\/04\/najwaz\u0307niejsze-rzeczy-w-z\u0307yciu-wcale-nie-sa\u0328-rzeczami-600x250.jpg\" width=\"600\" height=\"250\" alt=\"\"\/><\/a><\/div><\/div><\/div><\/div><\/div><\/div><\/div><div class=\"vc_row-full-width vc_clearfix\"><\/div><div id=\"ut-row-69e26c9809303\" data-vc-full-width=\"true\" data-vc-full-width-init=\"false\" class=\"vc_row wpb_row vc_row-fluid vc_column-gap-0 ut-row-69e26c9809312\" ><div class=\"wpb_column vc_column_container vc_col-sm-12\" ><div id=\"ut_inner_column_69e26c9809a17\" class=\"vc_column-inner\" ><div class=\"wpb_wrapper\"><div class=\"wpb_content_element\"><style type=\"text\/css\" scoped>#ut_accordion_69e26c9809ba7 .ut-accordion-module-item.open .ut-accordion-module-heading { color: rgba(0, 179, 227, 1) !important }#ut_accordion_69e26c9809ba7 .ut-accordion-module-heading:hover { color: rgba(0, 179, 227, 1) !important }#ut_accordion_69e26c9809ba7 .ut-accordion-module-heading:active { color: rgba(0, 179, 227, 1) !important }#ut_accordion_69e26c9809ba7 .ut-accordion-module-heading:focus { color: rgba(0, 179, 227, 1) !important }#ut_accordion_69e26c9809ba7 .ut-accordion-module-item { border-top-style:solid; }#ut_accordion_69e26c9809ba7 .ut-accordion-module-item:last-child { border-top-style:solid; border-bottom-style:solid; }<\/style>                \r\n                <script type=\"text\/javascript\">\r\n                \r\n                    (function($){\r\n                                                \r\n                        $(document).ready(function(){\r\n                            \r\n                            $('#ut_accordion_69e26c9809ba7 [data-accordion]').accordion({\r\n                                \"transitionSpeed\"  : 400,\r\n                                \"singleOpen\"       : true,\r\n                                \"transitionEasing\" : \"ease\",\r\n                            });                            \r\n                    \r\n                        });\r\n                            \r\n                    })(jQuery);\r\n            \r\n                <\/script>\r\n                \r\n            <div id=\"ut_accordion_69e26c9809ba7\" data-accordion-group class=\"ut-accordion-module  ut-accordion-module-with-border\"><div data-accordion class=\"ut-accordion-module-item  open\"><h3 data-control class=\"ut-accordion-module-heading\" data-counter=\"1\">Project description<\/h3><div data-content class=\"ut-accordion-module-content\"><div class=\"ut-accordion-module-inner entry-content clearfix\"><\/p>\n\r\n            <style type='text\/css'>\r\n                #gallery-1 {\r\n                    margin: auto;\r\n                }\r\n                #gallery-1 .gallery-item {\r\n                    float: left;\r\n                    margin-top: 10px;\r\n                    text-align: center;\r\n                    width: 33%;\r\n                }\r\n                #gallery-1 img {\r\n                    border: 2px solid #cfcfcf;\r\n                }\r\n                #gallery-1 .gallery-caption {\r\n                    margin-left: 0;\r\n                }\r\n                \r\n                \r\n                \r\n                \/* see gallery_shortcode() in wp-includes\/media.php *\/\r\n            <\/style>\n\t\t<div id='gallery-1' class='gallery galleryid-5931 gallery-columns-3 gallery-size-full'><dl class='gallery-item'>\r\n                <dt class='gallery-icon portrait'>\r\n                    <a href='https:\/\/3-lab.pl\/en\/artcomfort\/art1\/#main'><img width=\"580\" height=\"815\" src=\"https:\/\/3-lab.pl\/wp-content\/uploads\/2023\/04\/Art1.png\" class=\"attachment-full size-full\" alt=\"\" srcset=\"https:\/\/3-lab.pl\/wp-content\/uploads\/2023\/04\/Art1.png 580w, https:\/\/3-lab.pl\/wp-content\/uploads\/2023\/04\/Art1-308x433.png 308w, https:\/\/3-lab.pl\/wp-content\/uploads\/2023\/04\/Art1-9x12.png 9w, https:\/\/3-lab.pl\/wp-content\/uploads\/2023\/04\/Art1-512x720.png 512w\" sizes=\"(max-width: 580px) 100vw, 580px\" \/><\/a>\r\n                <\/dt><\/dl><dl class='gallery-item'>\r\n                <dt class='gallery-icon portrait'>\r\n                    <a href='https:\/\/3-lab.pl\/en\/artcomfort\/art2\/#main'><img width=\"558\" height=\"793\" src=\"https:\/\/3-lab.pl\/wp-content\/uploads\/2023\/04\/Art2.png\" class=\"attachment-full size-full\" alt=\"\" srcset=\"https:\/\/3-lab.pl\/wp-content\/uploads\/2023\/04\/Art2.png 558w, https:\/\/3-lab.pl\/wp-content\/uploads\/2023\/04\/Art2-305x433.png 305w, https:\/\/3-lab.pl\/wp-content\/uploads\/2023\/04\/Art2-8x12.png 8w, https:\/\/3-lab.pl\/wp-content\/uploads\/2023\/04\/Art2-507x720.png 507w\" sizes=\"(max-width: 558px) 100vw, 558px\" \/><\/a>\r\n                <\/dt><\/dl><dl class='gallery-item'>\r\n                <dt class='gallery-icon portrait'>\r\n                    <a href='https:\/\/3-lab.pl\/en\/artcomfort\/art3\/#main'><img width=\"560\" height=\"792\" src=\"https:\/\/3-lab.pl\/wp-content\/uploads\/2023\/04\/Art3.png\" class=\"attachment-full size-full\" alt=\"\" srcset=\"https:\/\/3-lab.pl\/wp-content\/uploads\/2023\/04\/Art3.png 560w, https:\/\/3-lab.pl\/wp-content\/uploads\/2023\/04\/Art3-306x433.png 306w, https:\/\/3-lab.pl\/wp-content\/uploads\/2023\/04\/Art3-8x12.png 8w, https:\/\/3-lab.pl\/wp-content\/uploads\/2023\/04\/Art3-509x720.png 509w\" sizes=\"(max-width: 560px) 100vw, 560px\" \/><\/a>\r\n                <\/dt><\/dl><br style=\"clear: both\" \/><\/div>\n\n<p><\/div><\/div><\/div><div data-accordion class=\"ut-accordion-module-item\"><h3 data-control class=\"ut-accordion-module-heading\" data-counter=\"2\">Team<\/h3><div data-content class=\"ut-accordion-module-content\"><div class=\"ut-accordion-module-inner entry-content clearfix\"><\/p>\n<p><strong>Koordynatorki:<\/strong><\/p>\n<ul>\n<li>\u00a0Katarzyna Weso\u0142owska &#8211; Krzemi\u0144ska (INVEST KOMFORT)<\/li>\n<li>Anna Rzepa, Bo\u017cena Chmieli\u0144ska (3LO)<\/li>\n<\/ul>\n<p><strong>Zesp\u00f3\u0142 Uczniowski:<\/strong><\/p>\n<ul>\n<li>Antek Szwaj<\/li>\n<li>Antonina Gajewska<\/li>\n<li>Artur Skamaj<\/li>\n<li>Diana Serjant<\/li>\n<li>Hania Ku\u017amitowicz<\/li>\n<li>Julia Ihm-Jasi\u0144ska<\/li>\n<li>Julia Perlejewska<\/li>\n<li>Kornelia Wiczorek<\/li>\n<li>Magda Kraszewska<\/li>\n<li>Maja Kobyli\u0144ska<\/li>\n<li>Maja Miotke<\/li>\n<li>Maja Welicka<\/li>\n<li>Marcelina Rompca<\/li>\n<li>Martyna Bartz<\/li>\n<li>Martyna Kinowska<\/li>\n<li>Mary Pob\u0142ocka<\/li>\n<li>Natalia Skalska<\/li>\n<li>Ola Szymaniuk<\/li>\n<li>Olga Dzier\u017canowska<\/li>\n<li>Oliwia Dudziak<\/li>\n<li>Weronika B\u0105k<\/li>\n<li>Zosia Luba\u0144ska<\/li>\n<\/ul>\n<p><\/div><\/div><\/div><div data-accordion class=\"ut-accordion-module-item\"><h3 data-control class=\"ut-accordion-module-heading\" data-counter=\"3\">Galeria<\/h3><div data-content class=\"ut-accordion-module-content\"><div class=\"ut-accordion-module-inner entry-content clearfix\"><\/p>\n\r\n            <style type='text\/css'>\r\n                #gallery-2 {\r\n                    margin: auto;\r\n                }\r\n                #gallery-2 .gallery-item {\r\n                    float: left;\r\n                    margin-top: 10px;\r\n                    text-align: center;\r\n                    width: 33%;\r\n                }\r\n                #gallery-2 img {\r\n                    border: 2px solid #cfcfcf;\r\n                }\r\n                #gallery-2 .gallery-caption {\r\n                    margin-left: 0;\r\n                }\r\n                \r\n                \r\n                \r\n                \/* see gallery_shortcode() in wp-includes\/media.php *\/\r\n            <\/style>\n\t\t<div id='gallery-2' class='gallery galleryid-5931 gallery-columns-3 gallery-size-thumbnail'><dl class='gallery-item'>\r\n                <dt class='gallery-icon portrait'>\r\n                    <a href='https:\/\/3-lab.pl\/en\/artcomfort\/img_4837\/#main'><img width=\"325\" height=\"217\" src=\"https:\/\/3-lab.pl\/wp-content\/uploads\/2023\/04\/IMG_4837-325x217.jpg\" class=\"attachment-thumbnail size-thumbnail\" alt=\"\" \/><\/a>\r\n                <\/dt><\/dl><dl class='gallery-item'>\r\n                <dt class='gallery-icon landscape'>\r\n                    <a href='https:\/\/3-lab.pl\/en\/artcomfort\/img_4824\/#main'><img width=\"325\" height=\"217\" src=\"https:\/\/3-lab.pl\/wp-content\/uploads\/2023\/04\/IMG_4824-325x217.jpg\" class=\"attachment-thumbnail size-thumbnail\" alt=\"\" srcset=\"https:\/\/3-lab.pl\/wp-content\/uploads\/2023\/04\/IMG_4824-325x217.jpg 325w, https:\/\/3-lab.pl\/wp-content\/uploads\/2023\/04\/IMG_4824-16x12.jpg 16w\" sizes=\"(max-width: 325px) 100vw, 325px\" \/><\/a>\r\n                <\/dt><\/dl><dl class='gallery-item'>\r\n                <dt class='gallery-icon portrait'>\r\n                    <a href='https:\/\/3-lab.pl\/en\/artcomfort\/img_4781\/#main'><img width=\"325\" height=\"217\" src=\"https:\/\/3-lab.pl\/wp-content\/uploads\/2023\/04\/IMG_4781-325x217.jpg\" class=\"attachment-thumbnail size-thumbnail\" alt=\"\" \/><\/a>\r\n                <\/dt><\/dl><br style=\"clear: both\" \/><dl class='gallery-item'>\r\n                <dt class='gallery-icon landscape'>\r\n                    <a href='https:\/\/3-lab.pl\/en\/artcomfort\/img_4796\/#main'><img width=\"325\" height=\"217\" src=\"https:\/\/3-lab.pl\/wp-content\/uploads\/2023\/04\/IMG_4796-325x217.jpg\" class=\"attachment-thumbnail size-thumbnail\" alt=\"\" srcset=\"https:\/\/3-lab.pl\/wp-content\/uploads\/2023\/04\/IMG_4796-325x217.jpg 325w, https:\/\/3-lab.pl\/wp-content\/uploads\/2023\/04\/IMG_4796-16x12.jpg 16w\" sizes=\"(max-width: 325px) 100vw, 325px\" \/><\/a>\r\n                <\/dt><\/dl><dl class='gallery-item'>\r\n                <dt class='gallery-icon landscape'>\r\n                    <a href='https:\/\/3-lab.pl\/en\/artcomfort\/img_4793\/#main'><img width=\"325\" height=\"217\" src=\"https:\/\/3-lab.pl\/wp-content\/uploads\/2023\/04\/IMG_4793-325x217.jpg\" class=\"attachment-thumbnail size-thumbnail\" alt=\"\" srcset=\"https:\/\/3-lab.pl\/wp-content\/uploads\/2023\/04\/IMG_4793-325x217.jpg 325w, https:\/\/3-lab.pl\/wp-content\/uploads\/2023\/04\/IMG_4793-16x12.jpg 16w\" sizes=\"(max-width: 325px) 100vw, 325px\" \/><\/a>\r\n                <\/dt><\/dl><dl class='gallery-item'>\r\n                <dt class='gallery-icon landscape'>\r\n                    <a href='https:\/\/3-lab.pl\/en\/artcomfort\/img_4833\/#main'><img width=\"325\" height=\"217\" src=\"https:\/\/3-lab.pl\/wp-content\/uploads\/2023\/04\/IMG_4833-325x217.jpg\" class=\"attachment-thumbnail size-thumbnail\" alt=\"\" srcset=\"https:\/\/3-lab.pl\/wp-content\/uploads\/2023\/04\/IMG_4833-325x217.jpg 325w, https:\/\/3-lab.pl\/wp-content\/uploads\/2023\/04\/IMG_4833-16x12.jpg 16w\" sizes=\"(max-width: 325px) 100vw, 325px\" \/><\/a>\r\n                <\/dt><\/dl><br style=\"clear: both\" \/><dl class='gallery-item'>\r\n                <dt class='gallery-icon landscape'>\r\n                    <a href='https:\/\/3-lab.pl\/en\/artcomfort\/img_4790\/#main'><img width=\"325\" height=\"217\" src=\"https:\/\/3-lab.pl\/wp-content\/uploads\/2023\/04\/IMG_4790-325x217.jpg\" class=\"attachment-thumbnail size-thumbnail\" alt=\"\" srcset=\"https:\/\/3-lab.pl\/wp-content\/uploads\/2023\/04\/IMG_4790-325x217.jpg 325w, https:\/\/3-lab.pl\/wp-content\/uploads\/2023\/04\/IMG_4790-16x12.jpg 16w\" sizes=\"(max-width: 325px) 100vw, 325px\" \/><\/a>\r\n                <\/dt><\/dl><dl class='gallery-item'>\r\n                <dt class='gallery-icon portrait'>\r\n                    <a href='https:\/\/3-lab.pl\/en\/artcomfort\/img_4821\/#main'><img width=\"325\" height=\"217\" src=\"https:\/\/3-lab.pl\/wp-content\/uploads\/2023\/04\/IMG_4821-325x217.jpg\" class=\"attachment-thumbnail size-thumbnail\" alt=\"\" \/><\/a>\r\n                <\/dt><\/dl><dl class='gallery-item'>\r\n                <dt class='gallery-icon landscape'>\r\n                    <a href='https:\/\/3-lab.pl\/en\/artcomfort\/img_4782\/#main'><img width=\"325\" height=\"217\" src=\"https:\/\/3-lab.pl\/wp-content\/uploads\/2023\/04\/IMG_4782-325x217.jpg\" class=\"attachment-thumbnail size-thumbnail\" alt=\"\" srcset=\"https:\/\/3-lab.pl\/wp-content\/uploads\/2023\/04\/IMG_4782-325x217.jpg 325w, https:\/\/3-lab.pl\/wp-content\/uploads\/2023\/04\/IMG_4782-16x12.jpg 16w\" sizes=\"(max-width: 325px) 100vw, 325px\" \/><\/a>\r\n                <\/dt><\/dl><br style=\"clear: both\" \/><dl class='gallery-item'>\r\n                <dt class='gallery-icon landscape'>\r\n                    <a href='https:\/\/3-lab.pl\/en\/artcomfort\/img_4799\/#main'><img width=\"325\" height=\"217\" src=\"https:\/\/3-lab.pl\/wp-content\/uploads\/2023\/04\/IMG_4799-325x217.jpg\" class=\"attachment-thumbnail size-thumbnail\" alt=\"\" srcset=\"https:\/\/3-lab.pl\/wp-content\/uploads\/2023\/04\/IMG_4799-325x217.jpg 325w, https:\/\/3-lab.pl\/wp-content\/uploads\/2023\/04\/IMG_4799-16x12.jpg 16w\" sizes=\"(max-width: 325px) 100vw, 325px\" \/><\/a>\r\n                <\/dt><\/dl><dl class='gallery-item'>\r\n                <dt class='gallery-icon portrait'>\r\n                    <a href='https:\/\/3-lab.pl\/en\/artcomfort\/img_4818\/#main'><img width=\"325\" height=\"217\" src=\"https:\/\/3-lab.pl\/wp-content\/uploads\/2023\/04\/IMG_4818-325x217.jpg\" class=\"attachment-thumbnail size-thumbnail\" alt=\"\" \/><\/a>\r\n                <\/dt><\/dl><dl class='gallery-item'>\r\n                <dt class='gallery-icon portrait'>\r\n                    <a href='https:\/\/3-lab.pl\/en\/artcomfort\/image-1\/#main'><img width=\"325\" height=\"217\" src=\"https:\/\/3-lab.pl\/wp-content\/uploads\/2023\/04\/Image-1-325x217.jpeg\" class=\"attachment-thumbnail size-thumbnail\" alt=\"\" \/><\/a>\r\n                <\/dt><\/dl><br style=\"clear: both\" \/><dl class='gallery-item'>\r\n                <dt class='gallery-icon landscape'>\r\n                    <a href='https:\/\/3-lab.pl\/en\/artcomfort\/img_4803\/#main'><img width=\"325\" height=\"217\" src=\"https:\/\/3-lab.pl\/wp-content\/uploads\/2023\/04\/IMG_4803-325x217.jpg\" class=\"attachment-thumbnail size-thumbnail\" alt=\"\" srcset=\"https:\/\/3-lab.pl\/wp-content\/uploads\/2023\/04\/IMG_4803-325x217.jpg 325w, https:\/\/3-lab.pl\/wp-content\/uploads\/2023\/04\/IMG_4803-16x12.jpg 16w\" sizes=\"(max-width: 325px) 100vw, 325px\" \/><\/a>\r\n                <\/dt><\/dl><dl class='gallery-item'>\r\n                <dt class='gallery-icon landscape'>\r\n                    <a href='https:\/\/3-lab.pl\/en\/artcomfort\/img_4842\/#main'><img width=\"325\" height=\"217\" src=\"https:\/\/3-lab.pl\/wp-content\/uploads\/2023\/04\/IMG_4842-325x217.jpg\" class=\"attachment-thumbnail size-thumbnail\" alt=\"\" srcset=\"https:\/\/3-lab.pl\/wp-content\/uploads\/2023\/04\/IMG_4842-325x217.jpg 325w, https:\/\/3-lab.pl\/wp-content\/uploads\/2023\/04\/IMG_4842-16x12.jpg 16w, https:\/\/3-lab.pl\/wp-content\/uploads\/2023\/04\/IMG_4842-300x200.jpg 300w, https:\/\/3-lab.pl\/wp-content\/uploads\/2023\/04\/IMG_4842-500x333.jpg 500w, https:\/\/3-lab.pl\/wp-content\/uploads\/2023\/04\/IMG_4842-750x500.jpg 750w, https:\/\/3-lab.pl\/wp-content\/uploads\/2023\/04\/IMG_4842-1000x667.jpg 1000w, https:\/\/3-lab.pl\/wp-content\/uploads\/2023\/04\/IMG_4842-1500x1000.jpg 1500w\" sizes=\"(max-width: 325px) 100vw, 325px\" \/><\/a>\r\n                <\/dt><\/dl>\r\n                <br style='clear: both' \/><\/div>\n\n<p><\/div><\/div><\/div><\/div><\/div><\/div><\/div><\/div><\/div><div class=\"vc_row-full-width vc_clearfix\"><\/div><div id=\"ut-row-69e26c9815209\" data-vc-full-width=\"true\" data-vc-full-width-init=\"false\" class=\"vc_row wpb_row vc_row-fluid vc_column-gap-0 ut-row-69e26c981521a\" ><div class=\"wpb_column vc_column_container vc_col-sm-12\" ><div id=\"ut_inner_column_69e26c981588c\" class=\"vc_column-inner\" ><div class=\"wpb_wrapper\"><style type=\"text\/css\" scoped><\/style><div id=\"ut_blog_grid_69e26c98159b1\" class=\"ut-blog-grid-module blog\"><div class=\"ut-blog-grid clearfix\">\n<article id=\"post-6026\" class=\"grid-33 tablet-grid-50 mobile-grid-100 ut-blog-grid-article clearfix post-6026 post type-post status-publish format-standard has-post-thumbnail hentry category-art-comfort tag-3lab tag-art tag-comfort tag-invest\">\n    \n    <div class=\"ut-blog-grid-article-inner\">\n    \t\n\t\t\t\t\n                        \n\n        <!-- ut-post-thumbnail -->\n        <div class=\"ut-post-thumbnail\">     \n\n            <div class=\"entry-thumbnail\">\n\n                \n                <a title=\"Permanent Link to Projekt Art+Komfort\" href=\"https:\/\/3-lab.pl\/en\/2023\/05\/29\/projekt-artkomfort\/\">                \n                    \n                    <figure class=\"ut-post-thumbnail-caption-wrap\">\n\n                        \n        <img data-adaptive-images=\"{&quot;300&quot;:&quot;https:\\\/\\\/3-lab.pl\\\/wp-content\\\/uploads\\\/2023\\\/05\\\/IMG_1059-scaled-1-300x250.jpg&quot;,&quot;500&quot;:&quot;https:\\\/\\\/3-lab.pl\\\/wp-content\\\/uploads\\\/2023\\\/05\\\/IMG_1059-scaled-1-500x417.jpg&quot;,&quot;750&quot;:&quot;https:\\\/\\\/3-lab.pl\\\/wp-content\\\/uploads\\\/2023\\\/05\\\/IMG_1059-scaled-1-750x625.jpg&quot;,&quot;1000&quot;:&quot;https:\\\/\\\/3-lab.pl\\\/wp-content\\\/uploads\\\/2023\\\/05\\\/IMG_1059-scaled-1-1000x833.jpg&quot;,&quot;1500&quot;:&quot;https:\\\/\\\/3-lab.pl\\\/wp-content\\\/uploads\\\/2023\\\/05\\\/IMG_1059-scaled-1-1500x1250.jpg&quot;,&quot;2500&quot;:&quot;https:\\\/\\\/3-lab.pl\\\/wp-content\\\/uploads\\\/2023\\\/05\\\/IMG_1059-scaled-1-2500x2083.jpg&quot;}\" src=\"data:image\/svg+xml;charset=utf-8,%3Csvg xmlns%3D'http%3A%2F%2Fwww.w3.org%2F2000%2Fsvg' viewBox%3D'0 0 1500 1250'%2F%3E\" width=\"1500\" height=\"1250\" data-src=\"https:\/\/3-lab.pl\/wp-content\/uploads\/2023\/05\/IMG_1059-scaled-1-1500x1250.jpg\" data-image-id=\"6028\" class=\"ut-adaptive-image wp-post-image skip-lazy\">\n\n        \n                        \n                    <\/figure>\n                    \n                <\/a>  \n                \n                <a href=\"https:\/\/3-lab.pl\/en\/2023\/05\/\">\n                \n                    <div class=\"date-format\">\n                        <span class=\"day\">29<\/span>\n                        <span class=\"month\">May 2023<\/span>\n                    <\/div>\n                \n                <\/a>\n\n            <\/div>                                                                                                                         \n\n        <\/div><!-- close ut-post-thumbnail -->\n\n                \n                \n        <a class=\"ut-blog-link\" title=\"Projekt Art+Komfort\" href=\"https:\/\/3-lab.pl\/en\/2023\/05\/29\/projekt-artkomfort\/\" rel=\"bookmark\">     \n              \n            <div class=\"ut-blog-grid-content-wrap\"> \n\n                \n                    <header class=\"entry-header\">\n\n                        <h2 class=\"entry-title\">Projekt Art+Komfort<\/h2>          \n\n                    <\/header>\n                    <!-- close entry-header -->\n\n                 \n\n                <!-- entry-content -->\n                <div class=\"entry-content clearfix\">\n\n                    <p>Uczniowie zainteresowani projektowaniem i najnowszymi trendami w architekturze oraz studiowaniem na uczelniach artystycznych mieli niecodzienn\u0105 okazj\u0119 uczestniczy\u0107 w niezwykle inspiruj\u0105cym&hellip;<\/p>\n\n                <\/div>\n                <!-- entry-content -->\n\n            <\/div>\n        \n        <\/a>\n        \n\t\t\t\t\n\t\t\t<div class=\"entry-meta clearfix\">\n\n\t\t\t\t<span class=\"author-links\"><i class=\"fa fa-user-o\"><\/i><a href=\"https:\/\/3-lab.pl\/en\/author\/jgorecki\/\" title=\"Posts by Janek G\u00f3recki\" rel=\"author\">Janek G\u00f3recki<\/a><\/span>\n\n\t\t\t\t       \n\n\t\t\t<\/div>\n\t\t\n\t\t                        \n    <\/div>\n    \n<\/article>\n<!-- #post-6026 --><\/div><\/div><style type=\"text\/css\" scoped><\/style><div id=\"bklyn_btn_69e26c9829480\" class=\"bklyn-btn-holder  bklyn-btn-center\"><a title=\"\"   href=\"http:\/\/3-lab.pl\/en\/category\/art-comfort\/\" target=\"_self\" class=\"bklyn-btn  bklyn-btn-normal\" ><span class=\"ut-btn-text\">View all project entries<\/span><\/a><\/div><\/div><\/div><\/div><\/div><div class=\"vc_row-full-width vc_clearfix\"><\/div>","protected":false},"excerpt":{"rendered":"Uczniowie zainteresowani projektowaniem i najnowszymi trendami w architekturze oraz studiowaniem na uczelniach artystycznych mieli niecodzienn\u0105 okazj\u0119 uczestniczy\u0107 w niezwykle inspiruj\u0105cym spotkaniu. Szersza relacja na ten temat ukaza\u0142a si\u0119 na portalu gdynia.pl, kt\u00f3r\u0105 mo\u017cna znale\u017a\u0107 poni\u017cej: https:\/\/www.gdynia.pl\/mieszkaniec\/co-nowego,2774\/wyklad-inspiracyjny-w-iii-lo-dla-przyszlych-tworcow-miast-i-designu,573252","protected":false},"author":11,"featured_media":0,"parent":0,"menu_order":0,"comment_status":"closed","ping_status":"closed","template":"","meta":{"spay_email":""},"_links":{"self":[{"href":"https:\/\/3-lab.pl\/en\/wp-json\/wp\/v2\/pages\/5931"}],"collection":[{"href":"https:\/\/3-lab.pl\/en\/wp-json\/wp\/v2\/pages"}],"about":[{"href":"https:\/\/3-lab.pl\/en\/wp-json\/wp\/v2\/types\/page"}],"author":[{"embeddable":true,"href":"https:\/\/3-lab.pl\/en\/wp-json\/wp\/v2\/users\/11"}],"replies":[{"embeddable":true,"href":"https:\/\/3-lab.pl\/en\/wp-json\/wp\/v2\/comments?post=5931"}],"version-history":[{"count":12,"href":"https:\/\/3-lab.pl\/en\/wp-json\/wp\/v2\/pages\/5931\/revisions"}],"predecessor-version":[{"id":5981,"href":"https:\/\/3-lab.pl\/en\/wp-json\/wp\/v2\/pages\/5931\/revisions\/5981"}],"wp:attachment":[{"href":"https:\/\/3-lab.pl\/en\/wp-json\/wp\/v2\/media?parent=5931"}],"curies":[{"name":"wp","href":"https:\/\/api.w.org\/{rel}","templated":true}]}}