{"id":5732,"date":"2023-03-17T13:58:12","date_gmt":"2023-03-17T12:58:12","guid":{"rendered":"http:\/\/3-lab.pl\/?page_id=5732"},"modified":"2023-03-17T13:58:12","modified_gmt":"2023-03-17T12:58:12","slug":"icedron","status":"publish","type":"page","link":"https:\/\/3-lab.pl\/en\/icedron\/","title":{"rendered":"Icedron"},"content":{"rendered":"<div id=\"ut-row-69e1de153f76d\" data-vc-full-width=\"true\" data-vc-full-width-init=\"false\" class=\"vc_row wpb_row vc_row-fluid vc_column-gap-0 ut-row-69e1de153f77d\" ><div class=\"wpb_column vc_column_container vc_col-sm-12\" ><div id=\"ut_inner_column_69e1de15406fc\" class=\"vc_column-inner\" ><div class=\"wpb_wrapper\"><div class=\"wpb_content_element\"><style type=\"text\/css\" scoped>#ut_accordion_69e1de1540821 .ut-accordion-module-item.open .ut-accordion-module-heading { color: rgba(0, 179, 227, 1) !important }#ut_accordion_69e1de1540821 .ut-accordion-module-heading:hover { color: rgba(0, 179, 227, 1) !important }#ut_accordion_69e1de1540821 .ut-accordion-module-heading:active { color: rgba(0, 179, 227, 1) !important }#ut_accordion_69e1de1540821 .ut-accordion-module-heading:focus { color: rgba(0, 179, 227, 1) !important }#ut_accordion_69e1de1540821 .ut-accordion-module-item { border-top-style:solid; }#ut_accordion_69e1de1540821 .ut-accordion-module-item:last-child { border-top-style:solid; border-bottom-style:solid; }<\/style>                \r\n                <script type=\"text\/javascript\">\r\n                \r\n                    (function($){\r\n                                                \r\n                        $(document).ready(function(){\r\n                            \r\n                            $('#ut_accordion_69e1de1540821 [data-accordion]').accordion({\r\n                                \"transitionSpeed\"  : 400,\r\n                                \"singleOpen\"       : true,\r\n                                \"transitionEasing\" : \"ease\",\r\n                            });                            \r\n                    \r\n                        });\r\n                            \r\n                    })(jQuery);\r\n            \r\n                <\/script>\r\n                \r\n            <div id=\"ut_accordion_69e1de1540821\" data-accordion-group class=\"ut-accordion-module  ut-accordion-module-with-border\"><div data-accordion class=\"ut-accordion-module-item  open\"><h3 data-control class=\"ut-accordion-module-heading\" data-counter=\"1\">Project description<\/h3><div data-content class=\"ut-accordion-module-content\"><div class=\"ut-accordion-module-inner entry-content clearfix\">Obecne dane dotycz\u0105ce zmian masy lodowc\u00f3w s\u0105 zbierane w bardzo kosztowny i nieefektywny spos\u00f3b. Tworzone na podstawie bada\u0144 modele podnoszenia si\u0119 w\u00f3d s\u0105 niezwykle niedok\u0142adne. Zmiana ta dotyczy ogromnej cz\u0119\u015bci populacji nawet 410 milion\u00f3w do 2100 roku. Obecne metody r\u0119czne s\u0105 niebezpieczne, a inne metody pomiarowe s\u0105 horrendalnie drogie. Budujemy niedrogiego drona, kt\u00f3ry posiada radar mierz\u0105cy wysoko\u015b\u0107 \u015bniegu w zasi\u0119gu kilku kilometr\u00f3w. IceDrone pozwoli zwi\u0119kszy\u0107 dok\u0142adno\u015b\u0107 modeli przewiduj\u0105cych zmiany w podnoszeniu si\u0119 poziomu w\u00f3d, a tym samym lepiej przygotowa\u0107 si\u0119 na nadchodz\u0105ce zmiany klimatu.<\/p>\n<p>&nbsp;<\/p>\n<p>Innowacja w tym projekcie przejawia si\u0119 w po\u0142\u0105czeniu autonomicznego lotu drona i pomiar\u00f3w wysoko\u015bci \u015bniegu za pomoc\u0105 radaru \u015bwietlnego. Jest to bezcenne narz\u0119dzie w r\u0119kach naukowc\u00f3w. Zamiast wykonywa\u0107 pomiary w kilku punktach na lodowcu w ci\u0105gu roku, mog\u0105 oni wykorzysta\u0107 drona i uzyska\u0107 dziesi\u0105tki tysi\u0119cy pomiar\u00f3w dziennie i z obszar\u00f3w oddalonych o wiele kilometr\u00f3w. Ta zmiana w liczbie pomiar\u00f3w b\u0119dzie mia\u0142a znacz\u0105cy wp\u0142yw na zdolno\u015b\u0107 do modelowania wzrostu poziomu oceanu. Jest to kluczowe dla d\u0142ugoterminowych inwestycji. Planujemy stworzy\u0107 produkt, kt\u00f3rym zainteresuj\u0105 si\u0119 naukowcy, stawiaj\u0105c ich w centrum naszej pracy przy u\u017cyciu metody Design Thinking. Dzi\u0119ki temu powstanie rozwi\u0105zanie, kt\u00f3re b\u0119dzie u\u017cyteczne, ale i ekonomicznie op\u0142acalne. Zespo\u0142y badawcze maj\u0105 ograniczone bud\u017cety, a naukowcy s\u0105 sfrustrowani obecn\u0105 sytuacj\u0105. Ch\u0119tnie pomog\u0105 nam w rozwoju projektu, podziel\u0105 si\u0119 swoim do\u015bwiadczeniem i wespr\u0105 nas w prototypowaniu. Chcemy stworzy\u0107 rozwi\u0105zanie dla wielu zespo\u0142\u00f3w badawczych. Tak, aby IceDrone m\u00f3g\u0142 by\u0107 u\u017cywany nawet na najmniejszej stacji polarnej. Wp\u0142yw projektu b\u0119dziemy mierzy\u0107 poprzez obserwacj\u0119 bada\u0144, kt\u00f3re wykorzystuj\u0105 nasze urz\u0105dzenie.<\/div><\/div><\/div><div data-accordion class=\"ut-accordion-module-item\"><h3 data-control class=\"ut-accordion-module-heading\" data-counter=\"2\">Team<\/h3><div data-content class=\"ut-accordion-module-content\"><div class=\"ut-accordion-module-inner entry-content clearfix\"><\/p>\n<ul>\n<li>Robert Mi\u015bkiewicz<\/li>\n<li>Jan Miko\u0142ajczyk<\/li>\n<li>Pawe\u0142 Skrzypkowski<\/li>\n<\/ul>\n<p><\/div><\/div><\/div><div data-accordion class=\"ut-accordion-module-item\"><h3 data-control class=\"ut-accordion-module-heading\" data-counter=\"3\">Galeria<\/h3><div data-content class=\"ut-accordion-module-content\"><div class=\"ut-accordion-module-inner entry-content clearfix\"><img class=\"alignnone size-medium wp-image-5779\" src=\"http:\/\/3-lab.pl\/wp-content\/uploads\/2023\/03\/Icedron-518x433.jpg\" alt=\"\" width=\"518\" height=\"433\" srcset=\"https:\/\/3-lab.pl\/wp-content\/uploads\/2023\/03\/Icedron-518x433.jpg 518w, https:\/\/3-lab.pl\/wp-content\/uploads\/2023\/03\/Icedron-1036x867.jpg 1036w, https:\/\/3-lab.pl\/wp-content\/uploads\/2023\/03\/Icedron-768x643.jpg 768w, https:\/\/3-lab.pl\/wp-content\/uploads\/2023\/03\/Icedron-14x12.jpg 14w, https:\/\/3-lab.pl\/wp-content\/uploads\/2023\/03\/Icedron-861x720.jpg 861w, https:\/\/3-lab.pl\/wp-content\/uploads\/2023\/03\/Icedron.jpg 1536w\" sizes=\"(max-width: 518px) 100vw, 518px\" \/><\/div><\/div><\/div><\/div><\/div><\/div><\/div><\/div><\/div><div class=\"vc_row-full-width vc_clearfix\"><\/div><div id=\"ut-row-69e1de154102d\" data-vc-full-width=\"true\" data-vc-full-width-init=\"false\" class=\"vc_row wpb_row vc_row-fluid vc_column-gap-0 ut-row-69e1de154103d\" ><div class=\"wpb_column vc_column_container vc_col-sm-12\" ><div id=\"ut_inner_column_69e1de15416f5\" class=\"vc_column-inner\" ><div class=\"wpb_wrapper\"><style type=\"text\/css\" scoped><\/style><div id=\"ut_blog_grid_69e1de154183f\" class=\"ut-blog-grid-module blog\"><div class=\"ut-blog-grid clearfix\">\n<article id=\"post-6212\" class=\"grid-33 tablet-grid-50 mobile-grid-100 ut-blog-grid-article clearfix post-6212 post type-post status-publish format-standard has-post-thumbnail hentry category-icedron category-bez-kategorii\">\n    \n    <div class=\"ut-blog-grid-article-inner\">\n    \t\n\t\t\t\t\n                        \n\n        <!-- ut-post-thumbnail -->\n        <div class=\"ut-post-thumbnail\">     \n\n            <div class=\"entry-thumbnail\">\n\n                \n                <a title=\"Permanent Link to Dron Singo\" href=\"https:\/\/3-lab.pl\/en\/2023\/12\/05\/dron-singo\/\">                \n                    \n                    <figure class=\"ut-post-thumbnail-caption-wrap\">\n\n                        \n        <img data-adaptive-images=\"{&quot;300&quot;:&quot;https:\\\/\\\/3-lab.pl\\\/wp-content\\\/uploads\\\/2023\\\/12\\\/dron-300x250.png&quot;,&quot;500&quot;:&quot;https:\\\/\\\/3-lab.pl\\\/wp-content\\\/uploads\\\/2023\\\/12\\\/dron-500x417.png&quot;,&quot;750&quot;:&quot;https:\\\/\\\/3-lab.pl\\\/wp-content\\\/uploads\\\/2023\\\/12\\\/dron-750x625.png&quot;,&quot;1000&quot;:&quot;https:\\\/\\\/3-lab.pl\\\/wp-content\\\/uploads\\\/2023\\\/12\\\/dron-1000x833.png&quot;,&quot;1500&quot;:&quot;https:\\\/\\\/3-lab.pl\\\/wp-content\\\/uploads\\\/2023\\\/12\\\/dron-1500x1250.png&quot;,&quot;2500&quot;:&quot;https:\\\/\\\/3-lab.pl\\\/wp-content\\\/uploads\\\/2023\\\/12\\\/dron-2500x2083.png&quot;}\" src=\"data:image\/svg+xml;charset=utf-8,%3Csvg xmlns%3D'http%3A%2F%2Fwww.w3.org%2F2000%2Fsvg' viewBox%3D'0 0 1500 1250'%2F%3E\" width=\"1500\" height=\"1250\" data-src=\"https:\/\/3-lab.pl\/wp-content\/uploads\/2023\/12\/dron-1500x1250.png\" data-image-id=\"6216\" class=\"ut-adaptive-image wp-post-image skip-lazy\">\n\n        \n                        \n                    <\/figure>\n                    \n                <\/a>  \n                \n                <a href=\"https:\/\/3-lab.pl\/en\/2023\/12\/\">\n                \n                    <div class=\"date-format\">\n                        <span class=\"day\">05<\/span>\n                        <span class=\"month\">Dec 2023<\/span>\n                    <\/div>\n                \n                <\/a>\n\n            <\/div>                                                                                                                         \n\n        <\/div><!-- close ut-post-thumbnail -->\n\n                \n                \n        <a class=\"ut-blog-link\" title=\"Dron Singo\" href=\"https:\/\/3-lab.pl\/en\/2023\/12\/05\/dron-singo\/\" rel=\"bookmark\">     \n              \n            <div class=\"ut-blog-grid-content-wrap\"> \n\n                \n                    <header class=\"entry-header\">\n\n                        <h2 class=\"entry-title\">Dron Singo<\/h2>          \n\n                    <\/header>\n                    <!-- close entry-header -->\n\n                 \n\n                <!-- entry-content -->\n                <div class=\"entry-content clearfix\">\n\n                    <p>Aktualne metody zbierania danych dotycz\u0105cych zmiany bilansu masy lodowc\u00f3w s\u0105 zar\u00f3wno kosztowne, jak i nieefektywne. Naukowcy s\u0105 zmuszeni do manualnego&hellip;<\/p>\n\n                <\/div>\n                <!-- entry-content -->\n\n            <\/div>\n        \n        <\/a>\n        \n\t\t\t\t\n\t\t\t<div class=\"entry-meta clearfix\">\n\n\t\t\t\t<span class=\"author-links\"><i class=\"fa fa-user-o\"><\/i><a href=\"https:\/\/3-lab.pl\/en\/author\/jmadeja\/\" title=\"Posts by Julia Madeja\" rel=\"author\">Julia Madeja<\/a><\/span>\n\n\t\t\t\t       \n\n\t\t\t<\/div>\n\t\t\n\t\t                        \n    <\/div>\n    \n<\/article>\n<!-- #post-6212 -->\n<article id=\"post-6209\" class=\"grid-33 tablet-grid-50 mobile-grid-100 ut-blog-grid-article clearfix post-6209 post type-post status-publish format-standard has-post-thumbnail hentry category-icedron\">\n    \n    <div class=\"ut-blog-grid-article-inner\">\n    \t\n\t\t\t\t\n                        \n\n        <!-- ut-post-thumbnail -->\n        <div class=\"ut-post-thumbnail\">     \n\n            <div class=\"entry-thumbnail\">\n\n                \n                <a title=\"Permanent Link to Sukces Janka, Roberta i Paw\u0142a &#8211; dron SINGO\" href=\"https:\/\/3-lab.pl\/en\/2023\/12\/04\/sukces-janka-roberta-i-pawla-dron-singo\/\">                \n                    \n                    <figure class=\"ut-post-thumbnail-caption-wrap\">\n\n                        \n        <img data-adaptive-images=\"{&quot;300&quot;:&quot;https:\\\/\\\/3-lab.pl\\\/wp-content\\\/uploads\\\/2023\\\/12\\\/foto_blog2-300x250.jpg&quot;,&quot;500&quot;:&quot;https:\\\/\\\/3-lab.pl\\\/wp-content\\\/uploads\\\/2023\\\/12\\\/foto_blog2-500x417.jpg&quot;,&quot;750&quot;:&quot;https:\\\/\\\/3-lab.pl\\\/wp-content\\\/uploads\\\/2023\\\/12\\\/foto_blog2-750x625.jpg&quot;,&quot;1000&quot;:&quot;https:\\\/\\\/3-lab.pl\\\/wp-content\\\/uploads\\\/2023\\\/12\\\/foto_blog2-1000x833.jpg&quot;,&quot;1500&quot;:&quot;https:\\\/\\\/3-lab.pl\\\/wp-content\\\/uploads\\\/2023\\\/12\\\/foto_blog2-1500x1250.jpg&quot;,&quot;2500&quot;:&quot;https:\\\/\\\/3-lab.pl\\\/wp-content\\\/uploads\\\/2023\\\/12\\\/foto_blog2-2500x2083.jpg&quot;}\" src=\"data:image\/svg+xml;charset=utf-8,%3Csvg xmlns%3D'http%3A%2F%2Fwww.w3.org%2F2000%2Fsvg' viewBox%3D'0 0 1500 1250'%2F%3E\" width=\"1500\" height=\"1250\" data-src=\"https:\/\/3-lab.pl\/wp-content\/uploads\/2023\/12\/foto_blog2-1500x1250.jpg\" data-image-id=\"6203\" class=\"ut-adaptive-image wp-post-image skip-lazy\">\n\n        \n                        \n                    <\/figure>\n                    \n                <\/a>  \n                \n                <a href=\"https:\/\/3-lab.pl\/en\/2023\/12\/\">\n                \n                    <div class=\"date-format\">\n                        <span class=\"day\">04<\/span>\n                        <span class=\"month\">Dec 2023<\/span>\n                    <\/div>\n                \n                <\/a>\n\n            <\/div>                                                                                                                         \n\n        <\/div><!-- close ut-post-thumbnail -->\n\n                \n                \n        <a class=\"ut-blog-link\" title=\"Sukces Janka, Roberta i Paw\u0142a &#8211; dron SINGO\" href=\"https:\/\/3-lab.pl\/en\/2023\/12\/04\/sukces-janka-roberta-i-pawla-dron-singo\/\" rel=\"bookmark\">     \n              \n            <div class=\"ut-blog-grid-content-wrap\"> \n\n                \n                    <header class=\"entry-header\">\n\n                        <h2 class=\"entry-title\">Sukces Janka, Roberta i Paw\u0142a &#8211; dron SINGO<\/h2>          \n\n                    <\/header>\n                    <!-- close entry-header -->\n\n                 \n\n                <!-- entry-content -->\n                <div class=\"entry-content clearfix\">\n\n                    <p>Janek Miko\u0142ajczyk, Robert Mi\u015bkiewicz i Pawe\u0142 Skrzypkowski zostali laureatami \"In\u017cynier\u00f3w Przysz\u0142o\u015bci\" \"Szanowni Pa\u0144stwo, w imieniu Fundacji PGNiG im. Ignacego \u0141ukasiewicza&hellip;<\/p>\n\n                <\/div>\n                <!-- entry-content -->\n\n            <\/div>\n        \n        <\/a>\n        \n\t\t\t\t\n\t\t\t<div class=\"entry-meta clearfix\">\n\n\t\t\t\t<span class=\"author-links\"><i class=\"fa fa-user-o\"><\/i><a href=\"https:\/\/3-lab.pl\/en\/author\/anna-rzepa\/\" title=\"Posts by Anna Rzepa\" rel=\"author\">Anna Rzepa<\/a><\/span>\n\n\t\t\t\t       \n\n\t\t\t<\/div>\n\t\t\n\t\t                        \n    <\/div>\n    \n<\/article>\n<!-- #post-6209 -->\n<article id=\"post-6191\" class=\"grid-33 tablet-grid-50 mobile-grid-100 ut-blog-grid-article clearfix post-6191 post type-post status-publish format-standard has-post-thumbnail hentry category-icedron\">\n    \n    <div class=\"ut-blog-grid-article-inner\">\n    \t\n\t\t\t\t\n                        \n\n        <!-- ut-post-thumbnail -->\n        <div class=\"ut-post-thumbnail\">     \n\n            <div class=\"entry-thumbnail\">\n\n                \n                <a title=\"Permanent Link to Podzi\u0119kowanie dla PITRADWAR\" href=\"https:\/\/3-lab.pl\/en\/2023\/11\/24\/podziekowanie-dla-pitradwar\/\">                \n                    \n                    <figure class=\"ut-post-thumbnail-caption-wrap\">\n\n                        \n        <img data-adaptive-images=\"{&quot;300&quot;:&quot;https:\\\/\\\/3-lab.pl\\\/wp-content\\\/uploads\\\/2023\\\/11\\\/pobrane-1-300x250.png&quot;,&quot;500&quot;:&quot;https:\\\/\\\/3-lab.pl\\\/wp-content\\\/uploads\\\/2023\\\/11\\\/pobrane-1-500x417.png&quot;,&quot;750&quot;:&quot;https:\\\/\\\/3-lab.pl\\\/wp-content\\\/uploads\\\/2023\\\/11\\\/pobrane-1-750x625.png&quot;,&quot;1000&quot;:&quot;https:\\\/\\\/3-lab.pl\\\/wp-content\\\/uploads\\\/2023\\\/11\\\/pobrane-1-1000x833.png&quot;,&quot;1500&quot;:&quot;https:\\\/\\\/3-lab.pl\\\/wp-content\\\/uploads\\\/2023\\\/11\\\/pobrane-1-1500x1250.png&quot;,&quot;2500&quot;:&quot;https:\\\/\\\/3-lab.pl\\\/wp-content\\\/uploads\\\/2023\\\/11\\\/pobrane-1-2500x2083.png&quot;}\" src=\"data:image\/svg+xml;charset=utf-8,%3Csvg xmlns%3D'http%3A%2F%2Fwww.w3.org%2F2000%2Fsvg' viewBox%3D'0 0 1500 1250'%2F%3E\" width=\"1500\" height=\"1250\" data-src=\"https:\/\/3-lab.pl\/wp-content\/uploads\/2023\/11\/pobrane-1-1500x1250.png\" data-image-id=\"6192\" class=\"ut-adaptive-image wp-post-image skip-lazy\">\n\n        \n                        \n                    <\/figure>\n                    \n                <\/a>  \n                \n                <a href=\"https:\/\/3-lab.pl\/en\/2023\/11\/\">\n                \n                    <div class=\"date-format\">\n                        <span class=\"day\">24<\/span>\n                        <span class=\"month\">Nov 2023<\/span>\n                    <\/div>\n                \n                <\/a>\n\n            <\/div>                                                                                                                         \n\n        <\/div><!-- close ut-post-thumbnail -->\n\n                \n                \n        <a class=\"ut-blog-link\" title=\"Podzi\u0119kowanie dla PITRADWAR\" href=\"https:\/\/3-lab.pl\/en\/2023\/11\/24\/podziekowanie-dla-pitradwar\/\" rel=\"bookmark\">     \n              \n            <div class=\"ut-blog-grid-content-wrap\"> \n\n                \n                    <header class=\"entry-header\">\n\n                        <h2 class=\"entry-title\">Podzi\u0119kowanie dla PITRADWAR<\/h2>          \n\n                    <\/header>\n                    <!-- close entry-header -->\n\n                 \n\n                <!-- entry-content -->\n                <div class=\"entry-content clearfix\">\n\n                    <p>Bardzo dzi\u0119kujemy Panu Miros\u0142awowi Sankowskiemu i jego zespo\u0142owi za pomoc w konsultacjach merytorycznych Icedrona.<\/p>\n\n                <\/div>\n                <!-- entry-content -->\n\n            <\/div>\n        \n        <\/a>\n        \n\t\t\t\t\n\t\t\t<div class=\"entry-meta clearfix\">\n\n\t\t\t\t<span class=\"author-links\"><i class=\"fa fa-user-o\"><\/i><a href=\"https:\/\/3-lab.pl\/en\/author\/anna-rzepa\/\" title=\"Posts by Anna Rzepa\" rel=\"author\">Anna Rzepa<\/a><\/span>\n\n\t\t\t\t       \n\n\t\t\t<\/div>\n\t\t\n\t\t                        \n    <\/div>\n    \n<\/article>\n<!-- #post-6191 --><\/div><\/div><style type=\"text\/css\" scoped><\/style><div id=\"bklyn_btn_69e1de156353c\" class=\"bklyn-btn-holder  bklyn-btn-center\"><a title=\"\"   href=\"http:\/\/3-lab.pl\/en\/category\/icedron\/\" target=\"_self\" class=\"bklyn-btn  bklyn-btn-normal\" ><span class=\"ut-btn-text\">View all project entries<\/span><\/a><\/div><\/div><\/div><\/div><\/div><div class=\"vc_row-full-width vc_clearfix\"><\/div>","protected":false},"excerpt":{"rendered":"Bardzo dzi\u0119kujemy Panu Miros\u0142awowi Sankowskiemu i jego zespo\u0142owi za pomoc w konsultacjach merytorycznych Icedrona.","protected":false},"author":11,"featured_media":0,"parent":0,"menu_order":0,"comment_status":"closed","ping_status":"closed","template":"","meta":{"spay_email":""},"_links":{"self":[{"href":"https:\/\/3-lab.pl\/en\/wp-json\/wp\/v2\/pages\/5732"}],"collection":[{"href":"https:\/\/3-lab.pl\/en\/wp-json\/wp\/v2\/pages"}],"about":[{"href":"https:\/\/3-lab.pl\/en\/wp-json\/wp\/v2\/types\/page"}],"author":[{"embeddable":true,"href":"https:\/\/3-lab.pl\/en\/wp-json\/wp\/v2\/users\/11"}],"replies":[{"embeddable":true,"href":"https:\/\/3-lab.pl\/en\/wp-json\/wp\/v2\/comments?post=5732"}],"version-history":[{"count":8,"href":"https:\/\/3-lab.pl\/en\/wp-json\/wp\/v2\/pages\/5732\/revisions"}],"predecessor-version":[{"id":5783,"href":"https:\/\/3-lab.pl\/en\/wp-json\/wp\/v2\/pages\/5732\/revisions\/5783"}],"wp:attachment":[{"href":"https:\/\/3-lab.pl\/en\/wp-json\/wp\/v2\/media?parent=5732"}],"curies":[{"name":"wp","href":"https:\/\/api.w.org\/{rel}","templated":true}]}}