{"id":5344,"date":"2022-03-11T18:27:20","date_gmt":"2022-03-11T17:27:20","guid":{"rendered":"http:\/\/3-lab.pl\/?page_id=5344"},"modified":"2022-10-19T14:47:29","modified_gmt":"2022-10-19T12:47:29","slug":"rakiety","status":"publish","type":"page","link":"https:\/\/3-lab.pl\/en\/rakiety\/","title":{"rendered":"Rakiety"},"content":{"rendered":"<div id=\"ut-row-69e1cb3e6dfe4\" data-vc-full-width=\"true\" data-vc-full-width-init=\"false\" class=\"vc_row wpb_row vc_row-fluid vc_column-gap-0 ut-row-69e1cb3e6dff2\" ><div class=\"wpb_column vc_column_container vc_col-sm-12\" ><div id=\"ut_inner_column_69e1cb3e6e913\" class=\"vc_column-inner\" ><div class=\"wpb_wrapper\"><div  class=\"wpb_content_element   clearfix\"><style type=\"text\/css\" scoped>#ut_am_69e1cb3e6f42c { opacity: 1; }<\/style><div id=\"ut_am_wrap_69e1cb3e6f42e\" class=\"ut-image-gallery-image\" style=\"text-align:center;\"><div class=\"ut-animated-image-item ut-image-gallery-item ut-animation-done\"><a class=\"ut-deactivated-link\" href=\"#\"><img  id=\"ut_am_69e1cb3e6f42c\" style=\"\" src=\"https:\/\/3-lab.pl\/wp-content\/uploads\/2022\/03\/us-3-1300x731.png\" width=\"1300\" height=\"731\" alt=\"\"\/><\/a><\/div><\/div><\/div><\/div><\/div><\/div><\/div><div class=\"vc_row-full-width vc_clearfix\"><\/div><div id=\"ut-row-69e1cb3e6f94a\" data-vc-full-width=\"true\" data-vc-full-width-init=\"false\" class=\"vc_row wpb_row vc_row-fluid vc_column-gap-0 ut-row-69e1cb3e6f954\" ><div class=\"wpb_column vc_column_container vc_col-sm-12\" ><div id=\"ut_inner_column_69e1cb3e6fd6d\" class=\"vc_column-inner\" ><div class=\"wpb_wrapper\"><div class=\"wpb_content_element\"><style type=\"text\/css\" scoped>#ut_accordion_69e1cb3e6fe76 .ut-accordion-module-item.open .ut-accordion-module-heading { color: rgba(0, 179, 227, 1) !important }#ut_accordion_69e1cb3e6fe76 .ut-accordion-module-heading:hover { color: rgba(0, 179, 227, 1) !important }#ut_accordion_69e1cb3e6fe76 .ut-accordion-module-heading:active { color: rgba(0, 179, 227, 1) !important }#ut_accordion_69e1cb3e6fe76 .ut-accordion-module-heading:focus { color: rgba(0, 179, 227, 1) !important }#ut_accordion_69e1cb3e6fe76 .ut-accordion-module-item { border-top-style:solid; }#ut_accordion_69e1cb3e6fe76 .ut-accordion-module-item:last-child { border-top-style:solid; border-bottom-style:solid; }<\/style>                \r\n                <script type=\"text\/javascript\">\r\n                \r\n                    (function($){\r\n                                                \r\n                        $(document).ready(function(){\r\n                            \r\n                            $('#ut_accordion_69e1cb3e6fe76 [data-accordion]').accordion({\r\n                                \"transitionSpeed\"  : 400,\r\n                                \"singleOpen\"       : true,\r\n                                \"transitionEasing\" : \"ease\",\r\n                            });                            \r\n                    \r\n                        });\r\n                            \r\n                    })(jQuery);\r\n            \r\n                <\/script>\r\n                \r\n            <div id=\"ut_accordion_69e1cb3e6fe76\" data-accordion-group class=\"ut-accordion-module  ut-accordion-module-with-border\"><div data-accordion class=\"ut-accordion-module-item  open\"><h3 data-control class=\"ut-accordion-module-heading\" data-counter=\"1\">Project description<\/h3><div data-content class=\"ut-accordion-module-content\"><div class=\"ut-accordion-module-inner entry-content clearfix\"><img class=\"aligncenter wp-image-5294 size-large\" src=\"http:\/\/3-lab.pl\/wp-content\/uploads\/2022\/03\/rakieta2-1203x867.jpg\" alt=\"\" width=\"1203\" height=\"867\" srcset=\"https:\/\/3-lab.pl\/wp-content\/uploads\/2022\/03\/rakieta2-1203x867.jpg 1203w, https:\/\/3-lab.pl\/wp-content\/uploads\/2022\/03\/rakieta2-601x433.jpg 601w, https:\/\/3-lab.pl\/wp-content\/uploads\/2022\/03\/rakieta2-768x553.jpg 768w, https:\/\/3-lab.pl\/wp-content\/uploads\/2022\/03\/rakieta2-1536x1107.jpg 1536w, https:\/\/3-lab.pl\/wp-content\/uploads\/2022\/03\/rakieta2-2048x1476.jpg 2048w, https:\/\/3-lab.pl\/wp-content\/uploads\/2022\/03\/rakieta2-16x12.jpg 16w, https:\/\/3-lab.pl\/wp-content\/uploads\/2022\/03\/rakieta2-999x720.jpg 999w\" sizes=\"(max-width: 1203px) 100vw, 1203px\" \/><\/p>\n<p style=\"text-align: center;\"><b>Rakieta z kontrol\u0105 wektora ci\u0105gu &#8211; pakiet edukacyjny dla szk\u00f3\u0142 \u015brednich<\/b><\/p>\n<p style=\"text-align: center;\">\n<p><img class=\"alignnone size-full wp-image-5491 aligncenter\" src=\"http:\/\/3-lab.pl\/wp-content\/uploads\/2022\/10\/\u201eMlody-Innowator-20212022-NAGORDA-SPCEJALNA-PREZESA-FSNT-NOT-EXTREME-BOX-ROBERT-MISKIEWICZ-IGNACY-LUBINSKI-BARTOSZ-KOSTARCZYK-1.png\" alt=\"\" width=\"500\" height=\"500\" srcset=\"https:\/\/3-lab.pl\/wp-content\/uploads\/2022\/10\/\u201eMlody-Innowator-20212022-NAGORDA-SPCEJALNA-PREZESA-FSNT-NOT-EXTREME-BOX-ROBERT-MISKIEWICZ-IGNACY-LUBINSKI-BARTOSZ-KOSTARCZYK-1.png 500w, https:\/\/3-lab.pl\/wp-content\/uploads\/2022\/10\/\u201eMlody-Innowator-20212022-NAGORDA-SPCEJALNA-PREZESA-FSNT-NOT-EXTREME-BOX-ROBERT-MISKIEWICZ-IGNACY-LUBINSKI-BARTOSZ-KOSTARCZYK-1-433x433.png 433w, https:\/\/3-lab.pl\/wp-content\/uploads\/2022\/10\/\u201eMlody-Innowator-20212022-NAGORDA-SPCEJALNA-PREZESA-FSNT-NOT-EXTREME-BOX-ROBERT-MISKIEWICZ-IGNACY-LUBINSKI-BARTOSZ-KOSTARCZYK-1-12x12.png 12w, https:\/\/3-lab.pl\/wp-content\/uploads\/2022\/10\/\u201eMlody-Innowator-20212022-NAGORDA-SPCEJALNA-PREZESA-FSNT-NOT-EXTREME-BOX-ROBERT-MISKIEWICZ-IGNACY-LUBINSKI-BARTOSZ-KOSTARCZYK-1-200x200.png 200w\" sizes=\"(max-width: 500px) 100vw, 500px\" \/><\/p>\n<p>&nbsp;<\/p>\n<p><span style=\"font-weight: 400;\">Autorzy: Alan Soli\u0144ski, Mateusz Pietrzak, Szymon Januszek<\/span><\/p>\n<p>&nbsp;<\/p>\n<p><b>Streszczenie projektu<\/b><\/p>\n<p>&nbsp;<\/p>\n<p><span style=\"font-weight: 400;\">Projekt polega\u0142 na opracowaniu i zbudowaniu modelu rakiety zdolnego do korekcji swojego toru lotu. Oparty by\u0142 o autorski design komputera lotu i jego oprogramowania. Komunikacja radiowa z modelem bazowa\u0142a na module stacji naziemnej i programie komputerowym s\u0142u\u017c\u0105cym do wizualizacji danych telemetrycznych. Dostrzegli\u015bmy przestrze\u0144 do implementacji stworzonego przez nas systemu jako pakietu edukacyjnego dla szk\u00f3\u0142 \u015brednich, w praktyczny i kompleksowy spos\u00f3b wspieraj\u0105cego podstaw\u0119 programow\u0105 fizyki i informatyki. Pozwoli na to mi\u0119dzy innymi wysoki poziom bezpiecze\u0144stwa stworzonych przez nas rozwi\u0105za\u0144 oraz ich niski koszt.<\/span><\/p>\n<p><span style=\"font-weight: 400;\">Tworzymy rozwi\u0105zanie, kt\u00f3re pozwoli po\u0142\u0105czy\u0107 praktyk\u0119 z teori\u0105 w spos\u00f3b skuteczny oraz do\u015bwiadczalny, w celu zainteresowania m\u0142odych ludzi in\u017cynieri\u0105 kosmiczn\u0105. Odtworzenie naszego projektu stanowi\u0142oby bardzo cenny, w systemie edukacji opartym na teorii, praktyczny wgl\u0105d w wiele aspekt\u00f3w elektroniki, in\u017cynierii mechanicznej i przede wszystkim fizyki.<\/span><\/p>\n<p><span style=\"font-weight: 400;\">Aby m\u00f3c jeszcze bardziej udoskonala\u0107 nasze rozwi\u0105zania, nawi\u0105zujemy wsp\u00f3\u0142prac\u0119 z Polskim Towarzystwem Rakietowym. Pozwoli to nam na przeprowadzenie du\u017cej ilo\u015bci wnikliwych test\u00f3w, przygotowuj\u0105cych nasz system do implementacji w rzeczywisto\u015bci edukacyjnej.<\/span><\/p>\n<p><span style=\"font-weight: 400;\">Projekt zosta\u0142 przez nas przeanalizowany pod k\u0105tem przygotowania scenariuszy lekcji z fizyki i sp\u00f3jno\u015bci z podstaw\u0105 programow\u0105 w szko\u0142ach \u015brednich. Po konsultacji z nauczycielami tego przedmiotu dostrzegli\u015bmy bezpo\u015brednie powi\u0105zania z dzia\u0142ami, takimi jak dynamika i energia mechaniczna.<\/span><\/p>\n<p><span style=\"font-weight: 400;\">Wa\u017cnym aspektem edukacyjnym mo\u017ce by\u0107 r\u00f3wnie\u017c budowanie przez uczni\u00f3w w\u0142asnego oprogramowania dla komputera lotu.\u00a0<\/span><\/p>\n<p><span style=\"font-weight: 400;\">Z naszej wiedzy wynika, \u017ce nie istnieje jeszcze podobne rozwi\u0105zanie dostosowane do warunk\u00f3w edukacyjnych.<\/span><\/p>\n<p><span style=\"font-weight: 400;\">Jako, \u017ce sam model rakiety, jak i ca\u0142a reszta systemu jest wielokrotnego u\u017cytku, nasz projekt nie generuje odpad\u00f3w i w \u017caden spos\u00f3b nie zagra\u017ca \u015brodowisku naturalnemu<\/span><\/p>\n<div style=\"width: 1320px;\" class=\"wp-video\"><!--[if lt IE 9]><script>document.createElement('video');<\/script><![endif]-->\n<video class=\"wp-video-shortcode\" id=\"video-5344-1\" width=\"1320\" height=\"743\" preload=\"metadata\" controls=\"controls\"><source type=\"video\/mp4\" src=\"http:\/\/3-lab.pl\/wp-content\/uploads\/2022\/03\/newrocketshort.mp4?_=1\" \/><a href=\"http:\/\/3-lab.pl\/en\/wp-content\/uploads\/2022\/03\/newrocketshort.mp4\/\">http:\/\/3-lab.pl\/wp-content\/uploads\/2022\/03\/newrocketshort.mp4<\/a><\/video><\/div>\n<p>&nbsp;<\/p>\n<p><\/div><\/div><\/div><\/div><\/div><\/div><\/div><\/div><\/div><div class=\"vc_row-full-width vc_clearfix\"><\/div><div id=\"ut-row-69e1cb3e70597\" data-vc-full-width=\"true\" data-vc-full-width-init=\"false\" class=\"vc_row wpb_row vc_row-fluid vc_column-gap-0 ut-row-69e1cb3e705a0\" ><div class=\"wpb_column vc_column_container vc_col-sm-12\" ><div id=\"ut_inner_column_69e1cb3e7095d\" class=\"vc_column-inner\" ><div class=\"wpb_wrapper\"><style type=\"text\/css\" scoped><\/style><div id=\"ut_blog_grid_69e1cb3e70a4b\" class=\"ut-blog-grid-module blog\"><div class=\"ut-blog-grid clearfix\">\n<article id=\"post-5483\" class=\"grid-33 tablet-grid-50 mobile-grid-100 ut-blog-grid-article clearfix post-5483 post type-post status-publish format-standard has-post-thumbnail hentry category-rakiety category-space\">\n    \n    <div class=\"ut-blog-grid-article-inner\">\n    \t\n\t\t\t\t\n                        \n\n        <!-- ut-post-thumbnail -->\n        <div class=\"ut-post-thumbnail\">     \n\n            <div class=\"entry-thumbnail\">\n\n                \n                <a title=\"Permanent Link to Srebrny medal na mi\u0119dzynarodowej wystawie wynalazk\u00f3w IWIS 2022 &#8211; Neuroewolucyjna rakieta oparta na szcztucznej inteligencji z kontrol\u0105 wektora ci\u0105gu\" href=\"https:\/\/3-lab.pl\/en\/2022\/10\/19\/srebrny-medal-na-miedzynarodowej-wystawie-wynalazkow-iwis-2022-neuroewolucyjna-rakieta-oparta-na-szcztucznej-inteligencji-z-kontrola-wektora-ciagu\/\">                \n                    \n                    <figure class=\"ut-post-thumbnail-caption-wrap\">\n\n                        \n        <img data-adaptive-images=\"{&quot;300&quot;:&quot;https:\\\/\\\/3-lab.pl\\\/wp-content\\\/uploads\\\/2022\\\/10\\\/Projekt-bez-tytulu-7-300x250.png&quot;,&quot;500&quot;:&quot;https:\\\/\\\/3-lab.pl\\\/wp-content\\\/uploads\\\/2022\\\/10\\\/Projekt-bez-tytulu-7-500x417.png&quot;,&quot;750&quot;:&quot;https:\\\/\\\/3-lab.pl\\\/wp-content\\\/uploads\\\/2022\\\/10\\\/Projekt-bez-tytulu-7-750x625.png&quot;,&quot;1000&quot;:&quot;https:\\\/\\\/3-lab.pl\\\/wp-content\\\/uploads\\\/2022\\\/10\\\/Projekt-bez-tytulu-7-1000x833.png&quot;,&quot;1500&quot;:&quot;https:\\\/\\\/3-lab.pl\\\/wp-content\\\/uploads\\\/2022\\\/10\\\/Projekt-bez-tytulu-7-1500x1250.png&quot;,&quot;2500&quot;:&quot;https:\\\/\\\/3-lab.pl\\\/wp-content\\\/uploads\\\/2022\\\/10\\\/Projekt-bez-tytulu-7-2500x2083.png&quot;}\" src=\"data:image\/svg+xml;charset=utf-8,%3Csvg xmlns%3D'http%3A%2F%2Fwww.w3.org%2F2000%2Fsvg' viewBox%3D'0 0 1500 1250'%2F%3E\" width=\"1500\" height=\"1250\" data-src=\"https:\/\/3-lab.pl\/wp-content\/uploads\/2022\/10\/Projekt-bez-tytulu-7-1500x1250.png\" data-image-id=\"5486\" class=\"ut-adaptive-image wp-post-image skip-lazy\">\n\n        \n                        \n                    <\/figure>\n                    \n                <\/a>  \n                \n                <a href=\"https:\/\/3-lab.pl\/en\/2022\/10\/\">\n                \n                    <div class=\"date-format\">\n                        <span class=\"day\">19<\/span>\n                        <span class=\"month\">Oct 2022<\/span>\n                    <\/div>\n                \n                <\/a>\n\n            <\/div>                                                                                                                         \n\n        <\/div><!-- close ut-post-thumbnail -->\n\n                \n                \n        <a class=\"ut-blog-link\" title=\"Srebrny medal na mi\u0119dzynarodowej wystawie wynalazk\u00f3w IWIS 2022 &#8211; Neuroewolucyjna rakieta oparta na szcztucznej inteligencji z kontrol\u0105 wektora ci\u0105gu\" href=\"https:\/\/3-lab.pl\/en\/2022\/10\/19\/srebrny-medal-na-miedzynarodowej-wystawie-wynalazkow-iwis-2022-neuroewolucyjna-rakieta-oparta-na-szcztucznej-inteligencji-z-kontrola-wektora-ciagu\/\" rel=\"bookmark\">     \n              \n            <div class=\"ut-blog-grid-content-wrap\"> \n\n                \n                    <header class=\"entry-header\">\n\n                        <h2 class=\"entry-title\">Srebrny medal na mi\u0119dzynarodowej wystawie wynalazk\u00f3w IWIS 2022 &#8211; Neuroewolucyjna rakieta oparta na szcztucznej inteligencji z kontrol\u0105 wektora ci\u0105gu<\/h2>          \n\n                    <\/header>\n                    <!-- close entry-header -->\n\n                 \n\n                <!-- entry-content -->\n                <div class=\"entry-content clearfix\">\n\n                    <p>GRATULACJE CH\u0141OPAKI !!! &nbsp;<\/p>\n\n                <\/div>\n                <!-- entry-content -->\n\n            <\/div>\n        \n        <\/a>\n        \n\t\t\t\t\n\t\t\t<div class=\"entry-meta clearfix\">\n\n\t\t\t\t<span class=\"author-links\"><i class=\"fa fa-user-o\"><\/i><a href=\"https:\/\/3-lab.pl\/en\/author\/anna-rzepa\/\" title=\"Posts by Anna Rzepa\" rel=\"author\">Anna Rzepa<\/a><\/span>\n\n\t\t\t\t       \n\n\t\t\t<\/div>\n\t\t\n\t\t                        \n    <\/div>\n    \n<\/article>\n<!-- #post-5483 -->\n<article id=\"post-5436\" class=\"grid-33 tablet-grid-50 mobile-grid-100 ut-blog-grid-article clearfix post-5436 post type-post status-publish format-standard has-post-thumbnail hentry category-rakiety\">\n    \n    <div class=\"ut-blog-grid-article-inner\">\n    \t\n\t\t\t\t\n                        \n\n        <!-- ut-post-thumbnail -->\n        <div class=\"ut-post-thumbnail\">     \n\n            <div class=\"entry-thumbnail\">\n\n                \n                <a title=\"Permanent Link to Projekt rakiety na Mi\u0119dzynarodowej Warszawskiej Wystawie Wynalazk\u00f3w IWIS2022\" href=\"https:\/\/3-lab.pl\/en\/2022\/09\/21\/projekt-rakiety-na-miedzynarodowej-warszawskiej-wystawie-wynalazkow-iwis2022\/\">                \n                    \n                    <figure class=\"ut-post-thumbnail-caption-wrap\">\n\n                        \n        <img data-adaptive-images=\"{&quot;300&quot;:&quot;https:\\\/\\\/3-lab.pl\\\/wp-content\\\/uploads\\\/2022\\\/03\\\/mapa-4-300x250.png&quot;,&quot;500&quot;:&quot;https:\\\/\\\/3-lab.pl\\\/wp-content\\\/uploads\\\/2022\\\/03\\\/mapa-4-500x417.png&quot;,&quot;750&quot;:&quot;https:\\\/\\\/3-lab.pl\\\/wp-content\\\/uploads\\\/2022\\\/03\\\/mapa-4-750x625.png&quot;,&quot;1000&quot;:&quot;https:\\\/\\\/3-lab.pl\\\/wp-content\\\/uploads\\\/2022\\\/03\\\/mapa-4-1000x833.png&quot;,&quot;1500&quot;:&quot;https:\\\/\\\/3-lab.pl\\\/wp-content\\\/uploads\\\/2022\\\/03\\\/mapa-4-1500x1250.png&quot;,&quot;2500&quot;:&quot;https:\\\/\\\/3-lab.pl\\\/wp-content\\\/uploads\\\/2022\\\/03\\\/mapa-4-2500x2083.png&quot;}\" src=\"data:image\/svg+xml;charset=utf-8,%3Csvg xmlns%3D'http%3A%2F%2Fwww.w3.org%2F2000%2Fsvg' viewBox%3D'0 0 1500 1250'%2F%3E\" width=\"1500\" height=\"1250\" data-src=\"https:\/\/3-lab.pl\/wp-content\/uploads\/2022\/03\/mapa-4-1500x1250.png\" data-image-id=\"5313\" class=\"ut-adaptive-image wp-post-image skip-lazy\">\n\n        \n                        \n                    <\/figure>\n                    \n                <\/a>  \n                \n                <a href=\"https:\/\/3-lab.pl\/en\/2022\/09\/\">\n                \n                    <div class=\"date-format\">\n                        <span class=\"day\">21<\/span>\n                        <span class=\"month\">Sep 2022<\/span>\n                    <\/div>\n                \n                <\/a>\n\n            <\/div>                                                                                                                         \n\n        <\/div><!-- close ut-post-thumbnail -->\n\n                \n                \n        <a class=\"ut-blog-link\" title=\"Projekt rakiety na Mi\u0119dzynarodowej Warszawskiej Wystawie Wynalazk\u00f3w IWIS2022\" href=\"https:\/\/3-lab.pl\/en\/2022\/09\/21\/projekt-rakiety-na-miedzynarodowej-warszawskiej-wystawie-wynalazkow-iwis2022\/\" rel=\"bookmark\">     \n              \n            <div class=\"ut-blog-grid-content-wrap\"> \n\n                \n                    <header class=\"entry-header\">\n\n                        <h2 class=\"entry-title\">Projekt rakiety na Mi\u0119dzynarodowej Warszawskiej Wystawie Wynalazk\u00f3w IWIS2022<\/h2>          \n\n                    <\/header>\n                    <!-- close entry-header -->\n\n                 \n\n                <!-- entry-content -->\n                <div class=\"entry-content clearfix\">\n\n                    <p>Mi\u0142o nam poinformowa\u0107, \u017ce projekt: \"Rakiety z kontrol\u0105 wektora ci\u0105gu\" - Alana Solinskiego, Mateusza Pietrzaka oraz Szymona Januszka zosta\u0142 zaproszony&hellip;<\/p>\n\n                <\/div>\n                <!-- entry-content -->\n\n            <\/div>\n        \n        <\/a>\n        \n\t\t\t\t\n\t\t\t<div class=\"entry-meta clearfix\">\n\n\t\t\t\t<span class=\"author-links\"><i class=\"fa fa-user-o\"><\/i><a href=\"https:\/\/3-lab.pl\/en\/author\/anna-rzepa\/\" title=\"Posts by Anna Rzepa\" rel=\"author\">Anna Rzepa<\/a><\/span>\n\n\t\t\t\t       \n\n\t\t\t<\/div>\n\t\t\n\t\t                        \n    <\/div>\n    \n<\/article>\n<!-- #post-5436 -->\n<article id=\"post-5395\" class=\"grid-33 tablet-grid-50 mobile-grid-100 ut-blog-grid-article clearfix post-5395 post type-post status-publish format-standard has-post-thumbnail hentry category-extremebox category-rakiety category-bez-kategorii\">\n    \n    <div class=\"ut-blog-grid-article-inner\">\n    \t\n\t\t\t\t\n                        \n\n        <!-- ut-post-thumbnail -->\n        <div class=\"ut-post-thumbnail\">     \n\n            <div class=\"entry-thumbnail\">\n\n                \n                <a title=\"Permanent Link to Podw\u00f3jny sukces w konkursie &#8222;M\u0142ody Innowator&#8221;\" href=\"https:\/\/3-lab.pl\/en\/2022\/05\/11\/sukces-w-konkursie-mlody-innowator\/\">                \n                    \n                    <figure class=\"ut-post-thumbnail-caption-wrap\">\n\n                        \n        <img data-adaptive-images=\"{&quot;300&quot;:&quot;https:\\\/\\\/3-lab.pl\\\/wp-content\\\/uploads\\\/2021\\\/10\\\/Projekt-bez-tytulu-3-300x250.png&quot;,&quot;500&quot;:&quot;https:\\\/\\\/3-lab.pl\\\/wp-content\\\/uploads\\\/2021\\\/10\\\/Projekt-bez-tytulu-3-500x417.png&quot;,&quot;750&quot;:&quot;https:\\\/\\\/3-lab.pl\\\/wp-content\\\/uploads\\\/2021\\\/10\\\/Projekt-bez-tytulu-3-750x625.png&quot;,&quot;1000&quot;:&quot;https:\\\/\\\/3-lab.pl\\\/wp-content\\\/uploads\\\/2021\\\/10\\\/Projekt-bez-tytulu-3-1000x833.png&quot;,&quot;1500&quot;:&quot;https:\\\/\\\/3-lab.pl\\\/wp-content\\\/uploads\\\/2021\\\/10\\\/Projekt-bez-tytulu-3-1500x1250.png&quot;,&quot;2500&quot;:&quot;https:\\\/\\\/3-lab.pl\\\/wp-content\\\/uploads\\\/2021\\\/10\\\/Projekt-bez-tytulu-3-2500x2083.png&quot;}\" src=\"data:image\/svg+xml;charset=utf-8,%3Csvg xmlns%3D'http%3A%2F%2Fwww.w3.org%2F2000%2Fsvg' viewBox%3D'0 0 1500 1250'%2F%3E\" width=\"1500\" height=\"1250\" data-src=\"https:\/\/3-lab.pl\/wp-content\/uploads\/2021\/10\/Projekt-bez-tytulu-3-1500x1250.png\" data-image-id=\"4882\" class=\"ut-adaptive-image wp-post-image skip-lazy\">\n\n        \n                        \n                    <\/figure>\n                    \n                <\/a>  \n                \n                <a href=\"https:\/\/3-lab.pl\/en\/2022\/05\/\">\n                \n                    <div class=\"date-format\">\n                        <span class=\"day\">11<\/span>\n                        <span class=\"month\">May 2022<\/span>\n                    <\/div>\n                \n                <\/a>\n\n            <\/div>                                                                                                                         \n\n        <\/div><!-- close ut-post-thumbnail -->\n\n                \n                \n        <a class=\"ut-blog-link\" title=\"Podw\u00f3jny sukces w konkursie &#8222;M\u0142ody Innowator&#8221;\" href=\"https:\/\/3-lab.pl\/en\/2022\/05\/11\/sukces-w-konkursie-mlody-innowator\/\" rel=\"bookmark\">     \n              \n            <div class=\"ut-blog-grid-content-wrap\"> \n\n                \n                    <header class=\"entry-header\">\n\n                        <h2 class=\"entry-title\">Podw\u00f3jny sukces w konkursie &#8222;M\u0142ody Innowator&#8221;<\/h2>          \n\n                    <\/header>\n                    <!-- close entry-header -->\n\n                 \n\n                <!-- entry-content -->\n                <div class=\"entry-content clearfix\">\n\n                    <p>Jest mi niezmiernie mi\u0142o poinformowa\u0107, \u017ce Jury XV edycji Og\u00f3lnopolskiego Konkursu o tytu\u0142 M\u0142odego Innowatora 2021\/2022 przyzna\u0142o III miejsce w&hellip;<\/p>\n\n                <\/div>\n                <!-- entry-content -->\n\n            <\/div>\n        \n        <\/a>\n        \n\t\t\t\t\n\t\t\t<div class=\"entry-meta clearfix\">\n\n\t\t\t\t<span class=\"author-links\"><i class=\"fa fa-user-o\"><\/i><a href=\"https:\/\/3-lab.pl\/en\/author\/anna-rzepa\/\" title=\"Posts by Anna Rzepa\" rel=\"author\">Anna Rzepa<\/a><\/span>\n\n\t\t\t\t       \n\n\t\t\t<\/div>\n\t\t\n\t\t                        \n    <\/div>\n    \n<\/article>\n<!-- #post-5395 --><\/div><\/div><style type=\"text\/css\" scoped><\/style><div id=\"bklyn_btn_69e1cb3e96ada\" class=\"bklyn-btn-holder  bklyn-btn-center\"><a title=\"\"   href=\"http:\/\/3-lab.pl\/en\/category\/rakiety\/\" target=\"_self\" class=\"bklyn-btn  bklyn-btn-normal\" ><span class=\"ut-btn-text\">View all project entries<\/span><\/a><\/div><\/div><\/div><\/div><\/div><div class=\"vc_row-full-width vc_clearfix\"><\/div>","protected":false},"excerpt":{"rendered":"Jest mi niezmiernie mi\u0142o poinformowa\u0107, \u017ce Jury XV edycji Og\u00f3lnopolskiego Konkursu o tytu\u0142 M\u0142odego Innowatora 2021\/2022 przyzna\u0142o III miejsce w kategorii Liceum uczniom: kl. III (Alan Soli\u0144ski, Mateusz Pietrzak, Szymon Januszek) za projekt \u201e\"Rakieta z kontrol\u0105 wektora ci\u0105gu - pakietedukacyjny dla szk\u00f3\u0142 \u015brednich\" przygotowany pod kierunkiem mgr Anny Rzepy. a uczniowie Jan \u0141ubi\u0144ski (kl. III), [...]","protected":false},"author":11,"featured_media":0,"parent":0,"menu_order":0,"comment_status":"closed","ping_status":"closed","template":"","meta":{"spay_email":""},"_links":{"self":[{"href":"https:\/\/3-lab.pl\/en\/wp-json\/wp\/v2\/pages\/5344"}],"collection":[{"href":"https:\/\/3-lab.pl\/en\/wp-json\/wp\/v2\/pages"}],"about":[{"href":"https:\/\/3-lab.pl\/en\/wp-json\/wp\/v2\/types\/page"}],"author":[{"embeddable":true,"href":"https:\/\/3-lab.pl\/en\/wp-json\/wp\/v2\/users\/11"}],"replies":[{"embeddable":true,"href":"https:\/\/3-lab.pl\/en\/wp-json\/wp\/v2\/comments?post=5344"}],"version-history":[{"count":11,"href":"https:\/\/3-lab.pl\/en\/wp-json\/wp\/v2\/pages\/5344\/revisions"}],"predecessor-version":[{"id":5494,"href":"https:\/\/3-lab.pl\/en\/wp-json\/wp\/v2\/pages\/5344\/revisions\/5494"}],"wp:attachment":[{"href":"https:\/\/3-lab.pl\/en\/wp-json\/wp\/v2\/media?parent=5344"}],"curies":[{"name":"wp","href":"https:\/\/api.w.org\/{rel}","templated":true}]}}