{"id":4212,"date":"2021-02-15T09:15:04","date_gmt":"2021-02-15T08:15:04","guid":{"rendered":"http:\/\/3-lab.pl\/?page_id=4212"},"modified":"2021-03-15T18:43:36","modified_gmt":"2021-03-15T17:43:36","slug":"hackatony","status":"publish","type":"page","link":"https:\/\/3-lab.pl\/en\/hackatony\/","title":{"rendered":"Hackatony"},"content":{"rendered":"<div id=\"ut-row-69e3738a7c5aa\" data-vc-full-width=\"true\" data-vc-full-width-init=\"false\" class=\"vc_row wpb_row vc_row-fluid vc_column-gap-0 ut-row-69e3738a7c5ba\" ><div class=\"wpb_column vc_column_container vc_col-sm-12\" ><div id=\"ut_inner_column_69e3738a7d64f\" class=\"vc_column-inner\" ><div class=\"wpb_wrapper\"><div class=\"wpb_content_element\"><style type=\"text\/css\" scoped>#ut_accordion_69e3738a7d776 .ut-accordion-module-item.open .ut-accordion-module-heading { color: rgba(0, 179, 227, 1) !important }#ut_accordion_69e3738a7d776 .ut-accordion-module-heading:hover { color: rgba(0, 179, 227, 1) !important }#ut_accordion_69e3738a7d776 .ut-accordion-module-heading:active { color: rgba(0, 179, 227, 1) !important }#ut_accordion_69e3738a7d776 .ut-accordion-module-heading:focus { color: rgba(0, 179, 227, 1) !important }#ut_accordion_69e3738a7d776 .ut-accordion-module-item { border-top-style:solid; }#ut_accordion_69e3738a7d776 .ut-accordion-module-item:last-child { border-top-style:solid; border-bottom-style:solid; }<\/style>                \r\n                <script type=\"text\/javascript\">\r\n                \r\n                    (function($){\r\n                                                \r\n                        $(document).ready(function(){\r\n                            \r\n                            $('#ut_accordion_69e3738a7d776 [data-accordion]').accordion({\r\n                                \"transitionSpeed\"  : 400,\r\n                                \"singleOpen\"       : true,\r\n                                \"transitionEasing\" : \"ease\",\r\n                            });                            \r\n                    \r\n                        });\r\n                            \r\n                    })(jQuery);\r\n            \r\n                <\/script>\r\n                \r\n            <div id=\"ut_accordion_69e3738a7d776\" data-accordion-group class=\"ut-accordion-module  ut-accordion-module-with-border\"><div data-accordion class=\"ut-accordion-module-item  open\"><h3 data-control class=\"ut-accordion-module-heading\" data-counter=\"1\">Tech for Good<\/h3><div data-content class=\"ut-accordion-module-content\"><div class=\"ut-accordion-module-inner entry-content clearfix\"><\/p>\n<div><strong>Strona <a href=\"https:\/\/3-lab.pl\/en\/3class\/\">Projekt 3CLASS<\/a>\u00a0took 1st place in hackathon HACK CRISIS: Tech for Good.<\/strong><\/div>\n<div><\/div>\n<div><strong>Amazon, Microsoft and Google, as well as the Prime Minister's Office and GovTech have decided to engage in the HackCrisis: Tech for Good initiative. This is a charity hackathon that aims to create solutions that can help fight the coronavirus pandemic.<\/strong><\/div>\n<div><\/div>\n<div>The organizers sought ideas that could be played out within 3-5 days and would give the public access to reliable information about the crisis. Besides, they need to give people hope and a sense of security.<\/div>\n<div>Its purpose is to help people survive the coronavirus pandemic time in the world and make our surroundings safe again.<\/div>\n<div>\"Our role is to create space, guide it and provide tools for those who want to hack this crisis with integrity in their heads and hearts\u2013 said Dmitry Zatuchin, Co-founder of SoDA Poland and CEO of DO OK S.A.Together with the Prime Minister of Poland and GovTech, we decided to initiate the HackCrisis movement\"<\/div>\n<div><\/div>\n<div>\n<p>The Prime Minister noted that interest in participating in this international event aimed mainly at programmers was growing very quickly. The fact that several hundred people joined the initiative within a few minutes of the launch, and within a few days almost 2000 shows how strong the solidarity of the technology community is \u2013 from large corporations, to public institutions, to individual programmers\", wrote Mateusz Morawiecki. The Head of Government congratulated the winners and thanked the organizers and teams involved in the hackathon online HackCrisis.<\/p>\n<p><strong>\"Congratulations to the winners and to the organizers and teams who worked 24 hours a day, thank you very much for fighting the virus together!\" he wrote.<\/strong><\/p>\n<p><em>source: Forbes\/Polskie Radio<\/em><\/p>\n<\/div>\n<p><\/div><\/div><\/div><div data-accordion class=\"ut-accordion-module-item\"><h3 data-control class=\"ut-accordion-module-heading\" data-counter=\"2\">Leothon Recycle AI<\/h3><div data-content class=\"ut-accordion-module-content\"><div class=\"ut-accordion-module-inner entry-content clearfix\"><\/p>\n<div>We're happy to announce that the team of III LO's students:<\/div>\n<ul>\n<li>Ada\u00a0 Ku\u0142toniak<\/li>\n<li>Bartek Kostarczyk<\/li>\n<li>Kacper Harasimowicz<\/li>\n<li>Borys Rzepa<\/li>\n<\/ul>\n<p><b>won the second place in the College Students' category of Hackathon, organized by Microsoft and Polpharma in Kozminski Business Hub\u00a0<\/b>w hackatonie organizowanym przez Microsoft oraz Polpahrm\u0119 w Ko\u017ami\u0144ski Business Hub<\/p>\n<div>With their project - 3ecology<\/div>\n<div><b>\u00a0<\/b><\/div>\n<div>\n<p>During 24 hours over 65 participants worked on technological solutions to issues with waste management. Participants were supported by mentors, who shared their knowledge and experience with them.<\/p>\n<p>The first step of Leothon was the registration process. Subsequently, all of the participants received their qualification assignment, upon the completion of which some of them would proceed to take part in the 24 hours-long competition section. Of 100 applicants, over 65 qualified for the 24-hour section.<\/p>\n<p>The contestants had to prepare a general statement on their project, which outlined its main and secondary aims and its potential role in fixing ecological problems with waste management. Additionally, they had to prepare a mock-up or a prototype of their project.<\/p>\n<p>The teams' work was finalized with a 3 to 6 minutes presentations and then the subsequent final round.<\/p>\n<\/div>\n<p><em>Source: Ko\u017ami\u0144ski Business Hub<\/em><\/div><\/div><\/div><div data-accordion class=\"ut-accordion-module-item\"><h3 data-control class=\"ut-accordion-module-heading\" data-counter=\"3\">Attachments and Links<\/h3><div data-content class=\"ut-accordion-module-content\"><div class=\"ut-accordion-module-inner entry-content clearfix\"><a href=\"https:\/\/kozminskihub.com\/podsumowanie-leothon-powered-by-microsoft-polpharma-2020.html\">Summary of \"Leothon\" - powered by Microsoft & Polpharma 2020<\/a><\/p>\n<p><strong><a href=\"https:\/\/3-lab.pl\/en\/3class\/\">Strona projektu 3CLASS<\/a><\/strong><\/div><\/div><\/div><\/div><\/div><\/div><\/div><\/div><\/div><div class=\"vc_row-full-width vc_clearfix\"><\/div><div id=\"ut-row-69e3738a7dd40\" data-vc-full-width=\"true\" data-vc-full-width-init=\"false\" class=\"vc_row wpb_row vc_row-fluid vc_column-gap-0 ut-row-69e3738a7dd49\" ><div class=\"wpb_column vc_column_container vc_col-sm-12\" ><div id=\"ut_inner_column_69e3738a7e110\" class=\"vc_column-inner\" ><div class=\"wpb_wrapper\"><style type=\"text\/css\" scoped><\/style><div id=\"ut_blog_grid_69e3738a7e1d3\" class=\"ut-blog-grid-module blog\"><div class=\"ut-blog-grid clearfix\">\n<article id=\"post-4954\" class=\"grid-33 tablet-grid-50 mobile-grid-100 ut-blog-grid-article clearfix post-4954 post type-post status-publish format-standard has-post-thumbnail hentry category-3-it-3-card category-3-it-3-nav category-3-it-jit-agile category-3-sat category-3-sat2 category-3-class category-art-garden-dziki-zakatek category-art-studio category-art-studio-kierunek-zwiedzania category-art-ups category-gietkie-mikroinwazyjne-urzadzenie-endoskopowe category-czlowiek-2 category-czlowiek category-eml category-extremebox category-future category-hackatony category-harc2020 category-inne-projekty category-inteligentna-apteczka-dla-polarnikow category-interfejs-mozg-mozg category-kapsula-z-kontrolowana-atmosfera category-korki-tv category-krotkowzrocznosc category-med category-ps category-pierwsi-widzowie category-bez-kategorii category-space\">\n    \n    <div class=\"ut-blog-grid-article-inner\">\n    \t\n\t\t\t\t\n                        \n\n        <!-- ut-post-thumbnail -->\n        <div class=\"ut-post-thumbnail\">     \n\n            <div class=\"entry-thumbnail\">\n\n                \n                <a title=\"Permanent Link to 3LAB w miesi\u0119czniku FOCUS\" href=\"https:\/\/3-lab.pl\/en\/2021\/11\/05\/3lab-w-miesieczniku-focus\/\">                \n                    \n                    <figure class=\"ut-post-thumbnail-caption-wrap\">\n\n                        \n        <img data-adaptive-images=\"{&quot;300&quot;:&quot;https:\\\/\\\/3-lab.pl\\\/wp-content\\\/uploads\\\/2021\\\/10\\\/Projekt-bez-tytulu-2-300x250.png&quot;,&quot;500&quot;:&quot;https:\\\/\\\/3-lab.pl\\\/wp-content\\\/uploads\\\/2021\\\/10\\\/Projekt-bez-tytulu-2-500x417.png&quot;,&quot;750&quot;:&quot;https:\\\/\\\/3-lab.pl\\\/wp-content\\\/uploads\\\/2021\\\/10\\\/Projekt-bez-tytulu-2-750x625.png&quot;,&quot;1000&quot;:&quot;https:\\\/\\\/3-lab.pl\\\/wp-content\\\/uploads\\\/2021\\\/10\\\/Projekt-bez-tytulu-2-1000x833.png&quot;,&quot;1500&quot;:&quot;https:\\\/\\\/3-lab.pl\\\/wp-content\\\/uploads\\\/2021\\\/10\\\/Projekt-bez-tytulu-2-1500x1250.png&quot;,&quot;2500&quot;:&quot;https:\\\/\\\/3-lab.pl\\\/wp-content\\\/uploads\\\/2021\\\/10\\\/Projekt-bez-tytulu-2-2500x2083.png&quot;}\" src=\"data:image\/svg+xml;charset=utf-8,%3Csvg xmlns%3D'http%3A%2F%2Fwww.w3.org%2F2000%2Fsvg' viewBox%3D'0 0 1500 1250'%2F%3E\" width=\"1500\" height=\"1250\" data-src=\"https:\/\/3-lab.pl\/wp-content\/uploads\/2021\/10\/Projekt-bez-tytulu-2-1500x1250.png\" data-image-id=\"4840\" class=\"ut-adaptive-image wp-post-image skip-lazy\">\n\n        \n                        \n                    <\/figure>\n                    \n                <\/a>  \n                \n                <a href=\"https:\/\/3-lab.pl\/en\/2021\/11\/\">\n                \n                    <div class=\"date-format\">\n                        <span class=\"day\">05<\/span>\n                        <span class=\"month\">Nov 2021<\/span>\n                    <\/div>\n                \n                <\/a>\n\n            <\/div>                                                                                                                         \n\n        <\/div><!-- close ut-post-thumbnail -->\n\n                \n                \n        <a class=\"ut-blog-link\" title=\"3LAB w miesi\u0119czniku FOCUS\" href=\"https:\/\/3-lab.pl\/en\/2021\/11\/05\/3lab-w-miesieczniku-focus\/\" rel=\"bookmark\">     \n              \n            <div class=\"ut-blog-grid-content-wrap\"> \n\n                \n                    <header class=\"entry-header\">\n\n                        <h2 class=\"entry-title\">3LAB w miesi\u0119czniku FOCUS<\/h2>          \n\n                    <\/header>\n                    <!-- close entry-header -->\n\n                 \n\n                <!-- entry-content -->\n                <div class=\"entry-content clearfix\">\n\n                    <p>Zapraszamy do lektury artyku\u0142u o Pracowni 3LAB, kt\u00f3ry ukaza\u0142 si\u0119 w listopadowym wydaniu miesi\u0119cznika FOCUS. Powsta\u0142 on na podstawie wywiadu&hellip;<\/p>\n\n                <\/div>\n                <!-- entry-content -->\n\n            <\/div>\n        \n        <\/a>\n        \n\t\t\t\t\n\t\t\t<div class=\"entry-meta clearfix\">\n\n\t\t\t\t<span class=\"author-links\"><i class=\"fa fa-user-o\"><\/i><a href=\"https:\/\/3-lab.pl\/en\/author\/kkozikowska\/\" title=\"Posts by Karolina Kozikowska\" rel=\"author\">Karolina Kozikowska<\/a><\/span>\n\n\t\t\t\t       \n\n\t\t\t<\/div>\n\t\t\n\t\t                        \n    <\/div>\n    \n<\/article>\n<!-- #post-4954 -->\n<article id=\"post-4843\" class=\"grid-33 tablet-grid-50 mobile-grid-100 ut-blog-grid-article clearfix post-4843 post type-post status-publish format-standard has-post-thumbnail hentry category-3-it-3-card category-3-it-3-nav category-3-it-jit-agile category-3-sat2 category-3-class category-art-garden-dziki-zakatek category-art-studio category-art-studio-kierunek-zwiedzania category-art-ups category-gietkie-mikroinwazyjne-urzadzenie-endoskopowe category-czlowiek category-eml category-extremebox category-future category-hackatony category-harc2020 category-inne-projekty category-inteligentna-apteczka-dla-polarnikow category-interfejs-mozg-mozg category-bez-kategorii\">\n    \n    <div class=\"ut-blog-grid-article-inner\">\n    \t\n\t\t\t\t\n                        \n\n        <!-- ut-post-thumbnail -->\n        <div class=\"ut-post-thumbnail\">     \n\n            <div class=\"entry-thumbnail\">\n\n                \n                <a title=\"Permanent Link to 3LAB w tygodniku Newsweek\" href=\"https:\/\/3-lab.pl\/en\/2021\/10\/06\/3lab-w-tygodniku-newsweek\/\">                \n                    \n                    <figure class=\"ut-post-thumbnail-caption-wrap\">\n\n                        \n        <img data-adaptive-images=\"{&quot;300&quot;:&quot;https:\\\/\\\/3-lab.pl\\\/wp-content\\\/uploads\\\/2021\\\/10\\\/Projekt-bez-tytulu-1-300x250.png&quot;,&quot;500&quot;:&quot;https:\\\/\\\/3-lab.pl\\\/wp-content\\\/uploads\\\/2021\\\/10\\\/Projekt-bez-tytulu-1-500x417.png&quot;,&quot;750&quot;:&quot;https:\\\/\\\/3-lab.pl\\\/wp-content\\\/uploads\\\/2021\\\/10\\\/Projekt-bez-tytulu-1-750x625.png&quot;,&quot;1000&quot;:&quot;https:\\\/\\\/3-lab.pl\\\/wp-content\\\/uploads\\\/2021\\\/10\\\/Projekt-bez-tytulu-1-1000x833.png&quot;,&quot;1500&quot;:&quot;https:\\\/\\\/3-lab.pl\\\/wp-content\\\/uploads\\\/2021\\\/10\\\/Projekt-bez-tytulu-1-1500x1250.png&quot;,&quot;2500&quot;:&quot;https:\\\/\\\/3-lab.pl\\\/wp-content\\\/uploads\\\/2021\\\/10\\\/Projekt-bez-tytulu-1-2500x2083.png&quot;}\" src=\"data:image\/svg+xml;charset=utf-8,%3Csvg xmlns%3D'http%3A%2F%2Fwww.w3.org%2F2000%2Fsvg' viewBox%3D'0 0 1500 1250'%2F%3E\" width=\"1500\" height=\"1250\" data-src=\"https:\/\/3-lab.pl\/wp-content\/uploads\/2021\/10\/Projekt-bez-tytulu-1-1500x1250.png\" data-image-id=\"4835\" class=\"ut-adaptive-image wp-post-image skip-lazy\">\n\n        \n                        \n                    <\/figure>\n                    \n                <\/a>  \n                \n                <a href=\"https:\/\/3-lab.pl\/en\/2021\/10\/\">\n                \n                    <div class=\"date-format\">\n                        <span class=\"day\">06<\/span>\n                        <span class=\"month\">Oct 2021<\/span>\n                    <\/div>\n                \n                <\/a>\n\n            <\/div>                                                                                                                         \n\n        <\/div><!-- close ut-post-thumbnail -->\n\n                \n                \n        <a class=\"ut-blog-link\" title=\"3LAB w tygodniku Newsweek\" href=\"https:\/\/3-lab.pl\/en\/2021\/10\/06\/3lab-w-tygodniku-newsweek\/\" rel=\"bookmark\">     \n              \n            <div class=\"ut-blog-grid-content-wrap\"> \n\n                \n                    <header class=\"entry-header\">\n\n                        <h2 class=\"entry-title\">3LAB w tygodniku Newsweek<\/h2>          \n\n                    <\/header>\n                    <!-- close entry-header -->\n\n                 \n\n                <!-- entry-content -->\n                <div class=\"entry-content clearfix\">\n\n                    <p>W czwartek 23. wrze\u015bnia nasz\u0105 szko\u0142\u0119 odwiedzi\u0142a dziennikarka dzia\u0142u \"Spo\u0142ecze\u0144stwo\" z redakcji tygodnika \"Newsweek Polska\" - Pani Ma\u0142gorzata \u015awi\u0119chowicz. Przez&hellip;<\/p>\n\n                <\/div>\n                <!-- entry-content -->\n\n            <\/div>\n        \n        <\/a>\n        \n\t\t\t\t\n\t\t\t<div class=\"entry-meta clearfix\">\n\n\t\t\t\t<span class=\"author-links\"><i class=\"fa fa-user-o\"><\/i><a href=\"https:\/\/3-lab.pl\/en\/author\/kkozikowska\/\" title=\"Posts by Karolina Kozikowska\" rel=\"author\">Karolina Kozikowska<\/a><\/span>\n\n\t\t\t\t       \n\n\t\t\t<\/div>\n\t\t\n\t\t                        \n    <\/div>\n    \n<\/article>\n<!-- #post-4843 --><\/div><\/div><style type=\"text\/css\" scoped><\/style><div id=\"bklyn_btn_69e3738a940c6\" class=\"bklyn-btn-holder  bklyn-btn-center\"><a title=\"\"   href=\"http:\/\/3-lab.pl\/en\/category\/hackatony\/\" target=\"_self\" class=\"bklyn-btn  bklyn-btn-normal\" ><span class=\"ut-btn-text\">View all project entries<\/span><\/a><\/div><\/div><\/div><\/div><\/div><div class=\"vc_row-full-width vc_clearfix\"><\/div>","protected":false},"excerpt":{"rendered":"W czwartek 23. wrze\u015bnia nasz\u0105 szko\u0142\u0119 odwiedzi\u0142a dziennikarka dzia\u0142u \"Spo\u0142ecze\u0144stwo\" z redakcji tygodnika \"Newsweek Polska\" - Pani Ma\u0142gorzata \u015awi\u0119chowicz. Przez kilka godzin rozmawia\u0142a z uczniami i absolwentami naszej szko\u0142y, zadaj\u0105c im wnikliwe pytania dotycz\u0105ce pomys\u0142\u00f3w i projekt\u00f3w zrealizowanych w Pracowni Innowacji 3LAB oraz najbli\u017cszych plan\u00f3w na przysz\u0142o\u015b\u0107. Wywiadowi towarzyszy\u0142a profesjonalna sesja zdj\u0119ciowa ca\u0142ego zespo\u0142u wykonana [...]","protected":false},"author":6,"featured_media":0,"parent":0,"menu_order":0,"comment_status":"closed","ping_status":"closed","template":"","meta":{"spay_email":""},"_links":{"self":[{"href":"https:\/\/3-lab.pl\/en\/wp-json\/wp\/v2\/pages\/4212"}],"collection":[{"href":"https:\/\/3-lab.pl\/en\/wp-json\/wp\/v2\/pages"}],"about":[{"href":"https:\/\/3-lab.pl\/en\/wp-json\/wp\/v2\/types\/page"}],"author":[{"embeddable":true,"href":"https:\/\/3-lab.pl\/en\/wp-json\/wp\/v2\/users\/6"}],"replies":[{"embeddable":true,"href":"https:\/\/3-lab.pl\/en\/wp-json\/wp\/v2\/comments?post=4212"}],"version-history":[{"count":7,"href":"https:\/\/3-lab.pl\/en\/wp-json\/wp\/v2\/pages\/4212\/revisions"}],"predecessor-version":[{"id":4292,"href":"https:\/\/3-lab.pl\/en\/wp-json\/wp\/v2\/pages\/4212\/revisions\/4292"}],"wp:attachment":[{"href":"https:\/\/3-lab.pl\/en\/wp-json\/wp\/v2\/media?parent=4212"}],"curies":[{"name":"wp","href":"https:\/\/api.w.org\/{rel}","templated":true}]}}