{"id":3548,"date":"2021-02-04T17:56:23","date_gmt":"2021-02-04T16:56:23","guid":{"rendered":"http:\/\/3-lab.pl\/?page_id=3548"},"modified":"2026-03-30T13:28:04","modified_gmt":"2026-03-30T11:28:04","slug":"harc-2020","status":"publish","type":"page","link":"https:\/\/3-lab.pl\/en\/harc-2020\/","title":{"rendered":"HARC 2020"},"content":{"rendered":"<div id=\"ut-row-69e2424dd5876\" data-vc-full-width=\"true\" data-vc-full-width-init=\"false\" class=\"vc_row wpb_row vc_row-fluid vc_column-gap-0 ut-row-69e2424dd5885\" ><div class=\"wpb_column vc_column_container vc_col-sm-12\" ><div id=\"ut_inner_column_69e2424dd699f\" class=\"vc_column-inner\" ><div class=\"wpb_wrapper\"><div  class=\"wpb_content_element   clearfix\"><style type=\"text\/css\" scoped>#ut_am_69e2424dd7e5d { opacity: 1; }<\/style><div id=\"ut_am_wrap_69e2424dd7e5f\" class=\"ut-image-gallery-image\" style=\"text-align:center;\"><div class=\"ut-animated-image-item ut-image-gallery-item ut-animation-done\"><a class=\"ut-deactivated-link\" href=\"#\"><img  id=\"ut_am_69e2424dd7e5d\" style=\"\" src=\"https:\/\/3-lab.pl\/wp-content\/uploads\/2020\/02\/bandera-600x300.png\" width=\"600\" height=\"300\" alt=\"\"\/><\/a><\/div><\/div><\/div><\/div><\/div><\/div><\/div><div class=\"vc_row-full-width vc_clearfix\"><\/div><div id=\"ut-row-69e2424dd866f\" data-vc-full-width=\"true\" data-vc-full-width-init=\"false\" class=\"vc_row wpb_row vc_row-fluid vc_column-gap-0 ut-row-69e2424dd867a\" ><div class=\"wpb_column vc_column_container vc_col-sm-12\" ><div id=\"ut_inner_column_69e2424dd8aa6\" class=\"vc_column-inner\" ><div class=\"wpb_wrapper\"><div class=\"wpb_content_element\"><style type=\"text\/css\" scoped>#ut_accordion_69e2424dd8ba9 .ut-accordion-module-item.open .ut-accordion-module-heading { color: rgba(0, 179, 227, 1) !important }#ut_accordion_69e2424dd8ba9 .ut-accordion-module-heading:hover { color: rgba(0, 179, 227, 1) !important }#ut_accordion_69e2424dd8ba9 .ut-accordion-module-heading:active { color: rgba(0, 179, 227, 1) !important }#ut_accordion_69e2424dd8ba9 .ut-accordion-module-heading:focus { color: rgba(0, 179, 227, 1) !important }#ut_accordion_69e2424dd8ba9 .ut-accordion-module-item { border-top-style:solid; }#ut_accordion_69e2424dd8ba9 .ut-accordion-module-item:last-child { border-top-style:solid; border-bottom-style:solid; }<\/style>                \r\n                <script type=\"text\/javascript\">\r\n                \r\n                    (function($){\r\n                                                \r\n                        $(document).ready(function(){\r\n                            \r\n                            $('#ut_accordion_69e2424dd8ba9 [data-accordion]').accordion({\r\n                                \"transitionSpeed\"  : 400,\r\n                                \"singleOpen\"       : true,\r\n                                \"transitionEasing\" : \"ease\",\r\n                            });                            \r\n                    \r\n                        });\r\n                            \r\n                    })(jQuery);\r\n            \r\n                <\/script>\r\n                \r\n            <div id=\"ut_accordion_69e2424dd8ba9\" data-accordion-group class=\"ut-accordion-module  ut-accordion-module-with-border\"><div data-accordion class=\"ut-accordion-module-item  open\"><h3 data-control class=\"ut-accordion-module-heading\" data-counter=\"1\">Project description<\/h3><div data-content class=\"ut-accordion-module-content\"><div class=\"ut-accordion-module-inner entry-content clearfix\"><strong>Status: <span style=\"color: #339966;\">Active<\/span><\/strong><\/p>\n<p>Komitet organizacyjny (ZHP, ZHR, Muzeum Westerplatte i inni) organizuje wydarzenie historyczno-medialne pt<strong>. Harc po Ba\u0142tyku 2020<\/strong><\/p>\n<p>(cz\u0119\u015b\u0107 1 \u2013 harc na Zawisz\u0119), kt\u00f3re odb\u0119dzie si\u0119, aby upami\u0119tni\u0107 to, co dla Polski i Gdyni zrobi\u0142 Tajny Hufiec Harcerzy, a przyczyni\u0142 si\u0119 on si\u0119 do uratowania Gdyni i zatopienia pancernika Schleswig-Holstein.<\/p>\n<p>THH, jako cz\u0119\u015b\u0107 polskiego wywiadu, przyczyni\u0142 si\u0119 do pozyskania tajnych materia\u0142\u00f3w portu i bazy wojennej niemieckiej marynarki w Gdyni (Gotenhafen), kt\u00f3re zosta\u0142y przekazane do aliant\u00f3w, i pomog\u0142y zaplanowa\u0107 wielki nalot na baz\u0119 w Gdyni 18.12.1944. Precyzyjny nalot i bombardowanie zniszczy\u0142o wielk\u0105 baz\u0119 i port wojenny (m.in. zatopiony zosta\u0142 pancernik Schleswig-Holstein), bez spowodowania wi\u0119kszych zniszcze\u0144 w mie\u015bcie. Uzyskanie i przekazanie tajnych informacji to tzw. akcja B1 przeprowadzona w 1944 przez THH. Kryptonimem B2 z kolei by\u0142a oznaczona akcja przeprowadzona w 1945 roku: zebrania informacji o umocnieniach i jednostkach niemieckich w Gdyni, i przekazanie ich, w formie precyzyjnych map, do nadci\u0105gaj\u0105cej Armii Czerwonej. Sowieci nie zdecydowali si\u0119 na frontalne zniszczenie festung Gotenhafen, tylko na precyzyjny atak, kt\u00f3ry oszcz\u0119dzi\u0142 miasto. Mo\u017cna \u015bmia\u0142o powiedzie\u0107, \u017ce akcje B1 i\u00a0B2 przyczyni\u0142y si\u0119 do uratowania ludno\u015bci i infrastruktury Gdyni.<\/p>\n<p>Harc po Ba\u0142tyku ma charakter harcowniczo-podw\u00f3rkowo-zaczepny, tzn. z zadziorem i przytupem chcemy zatkn\u0105\u0107 kopi\u0119 bandery przedwojennego harcerskiego Zawiszy Czarnego na wraku pancernika Schleswig Holstein, bo harcerze morscy z Tajnego Hufca Harcerzy z Gdyni przyczynili si\u0119 do jego zatopienia w czasie nalotu 18.12.1944. Polscy harcerze zatopili symbol rozpocz\u0119cia II w\u015b.<\/p>\n<p>Akcja ma dwa etapy. W pierwszym \u2013 28.03.2020 \u2013 trwa\u0142a kopia bandery zostanie umieszczona na wrakowisku pierwszego Zawiszy w Zatoce Puckiej przez zawodowych nurk\u00f3w si\u0142 specjalnych, w tym \u2013 potomka cz\u0142onka THH, i harcerzy \u2013 nurk\u00f3w, kt\u00f3rzy dop\u0142yn\u0105 tam na pok\u0142adzie Zawiszy Czarnego w asy\u015bcie honorowej okr\u0119t\u00f3w i \u0142odzi si\u0142 i s\u0142u\u017cb mundurowych z Tr\u00f3jmiasta.<\/p>\n<p>W drugim etapie planowane jest umieszczenie kopii bandery na wraku pancernika Sch-H na wodach esto\u0144skich, jak i wydobycie fragment\u00f3w pancernika, i umieszczenie ich wraz z kopiami bandery, je\u017celi to b\u0119dzie mo\u017cliwe, w Muzeum II w\u015b i na Westerplatte. B\u0119dziemy zabiega\u0107 r\u00f3wnie\u017c o to, aby bandera by\u0142a wci\u0105gana na gmachu Urz\u0119du Miasta Gdyni 18.12 i 28.03, bo to harcerze uratowali wszak miasto przed zniszczeniem.<\/p>\n<p>Harcowanie si\u0119 szykuje takie, \u017ce, mamy nadziej\u0119, przypomni, \u017ce od tego w\u0142a\u015bnie s\u0142owa z czas\u00f3w rycerskich pochodzi s\u0142owo harcerz. Harcownikiem by\u0142 Zawisza Czarny w XV w.. Zapraszamy na harc po wodach i pod wodami Ba\u0142tyku z bander\u0105 Zawiszy Czarnego, histori\u0105 THH, Gdyni i Polski!<\/p>\n<p><\/div><\/div><\/div><div data-accordion class=\"ut-accordion-module-item\"><h3 data-control class=\"ut-accordion-module-heading\" data-counter=\"2\">Team<\/h3><div data-content class=\"ut-accordion-module-content\"><div class=\"ut-accordion-module-inner entry-content clearfix\"><strong>Scientific and substantial support:<\/strong><\/p>\n<ul>\n<li>ZHP \u2013 Hufiec Gdy\u0144ski (g\u0142\u00f3wny organizator Harcu na Zawisz\u0119) \u2013 phm. Anna Sadowska<\/li>\n<li>ZHR \u2013 Okr\u0119g Pomorski \u2013 phm. Piotr Felkier<\/li>\n<li>ZHP \u2013 Centrum Wychowania Morskiego<\/li>\n<li>prof. Jerzy Grzywacz, powstaniec warszawski, cz\u0142onek Rady Muzeum II w\u015b<\/li>\n<li>brygadier Leszek Tana\u015b<\/li>\n<li>prof. Maciej Tana\u015b<\/li>\n<li>Pawe\u0142 Kudzia<\/li>\n<li>Micha\u0142 Przedlacki<\/li>\n<li>Pawe\u0142 Muszy\u0144ski<\/li>\n<li>Anna Rzepa, pracownia innowacji, 3LO Gdynia<\/li>\n<li>kpt. \u017ceglugi wielkiej Sambor Sadowski<\/li>\n<\/ul>\n<p><\/div><\/div><\/div><div data-accordion class=\"ut-accordion-module-item\"><h3 data-control class=\"ut-accordion-module-heading\" data-counter=\"3\">Attachments and Links<\/h3><div data-content class=\"ut-accordion-module-content\"><div class=\"ut-accordion-module-inner entry-content clearfix\"><strong>Informacje o Harcu, kt\u00f3re ukaza\u0142y si\u0119 w tv, po konferencji prasowej zapowiadaj\u0105cej wydarzenie:<\/strong><\/p>\n<p><a href=\"https:\/\/wiadomosci.tvp.pl\/45815999\/nieznani-bohaterowie-naszej-wolnosci\" data-saferedirecturl=\"https:\/\/www.google.com\/url?q=https:\/\/wiadomosci.tvp.pl\/45815999\/nieznani-bohaterowie-naszej-wolnosci&amp;source=gmail&amp;ust=1580799391665000&amp;usg=AFQjCNE8XJo-8FaLjnByu-jxN-BXBZhjEw\">Nieznani bohaterowie naszej wolno\u015bci<\/a><\/p>\n<p><a href=\"https:\/\/gdansk.tvp.pl\/45817241\/harcerze-ktorzy-uratowali-gdynie\" data-saferedirecturl=\"https:\/\/www.google.com\/url?q=https:\/\/gdansk.tvp.pl\/45817241\/harcerze-ktorzy-uratowali-gdynie&amp;source=gmail&amp;ust=1580799391665000&amp;usg=AFQjCNEDfCXli0GJgzYnRBXLCRSiWXVZ9w\">Harcerze kt\u00f3rzy uratowali Gdynie<\/a><\/p>\n<p><a href=\"https:\/\/teleexpress.tvp.pl\/45818837\/zawisza-czarny-odzyska-bandere\" data-saferedirecturl=\"https:\/\/www.google.com\/url?q=https:\/\/teleexpress.tvp.pl\/45818837\/zawisza-czarny-odzyska-bandere&amp;source=gmail&amp;ust=1580799391665000&amp;usg=AFQjCNGtx8vVQ1t5YcnYbOoRUPCI0XOmZQ\">Zawisza Czarny odzyska bander\u0119<\/a><\/p>\n<p>Polsat, Wydarzenia 18.50, 22,12.2019 \u2013 od 20min22sek:\u00a0<a href=\"https:\/\/www.polsatnews.pl\/wideo-program\/20191222-wydarzenia-1850_6762225\/\">1222-1850 wydarzenia<\/a><\/p>\n<p><a href=\"https:\/\/tvn24.pl\/pomorze,42\/gdynia-upamietnienie-tajnego-hufca-harcerzy-i-akcji-b1-oraz-b2,994161.html\" data-saferedirecturl=\"https:\/\/www.google.com\/url?q=https:\/\/tvn24.pl\/pomorze,42\/gdynia-upamietnienie-tajnego-hufca-harcerzy-i-akcji-b1-oraz-b2,994161.html&amp;source=gmail&amp;ust=1580799391665000&amp;usg=AFQjCNH8xbOcLs5iPyCh2v5QOEabOpms4g\">https:\/\/tvn24.pl\/pomorze,42\/gdynia-upamietnienie-tajnego-hufca-harcerzy-i-akcji-b1-oraz-b2,994161.html<\/a><\/p>\n<p><a href=\"https:\/\/www.gdynia.pl\/co-nowego,2774\/zawisza-czarny-wyplynie-w-harc-po-baltyku,545498\" data-saferedirecturl=\"https:\/\/www.google.com\/url?q=https:\/\/www.gdynia.pl\/co-nowego,2774\/zawisza-czarny-wyplynie-w-harc-po-baltyku,545498&amp;source=gmail&amp;ust=1580799391665000&amp;usg=AFQjCNFcGsX-mutgJV8z5VSbf5s-wUahSQ\">https:\/\/www.gdynia.pl\/co-nowego,2774\/zawisza-czarny-wyplynie-w-harc-po-baltyku,545498<\/a><\/div><\/div><\/div><\/div><\/div><\/div><\/div><\/div><\/div><div class=\"vc_row-full-width vc_clearfix\"><\/div><div id=\"ut-row-69e2424dd90bf\" data-vc-full-width=\"true\" data-vc-full-width-init=\"false\" class=\"vc_row wpb_row vc_row-fluid vc_column-gap-0 ut-row-69e2424dd90c9\" ><div class=\"wpb_column vc_column_container vc_col-sm-12\" ><div id=\"ut_inner_column_69e2424dd9648\" class=\"vc_column-inner\" ><div class=\"wpb_wrapper\"><style type=\"text\/css\" scoped><\/style><div id=\"ut_blog_grid_69e2424dd9757\" class=\"ut-blog-grid-module blog\"><div class=\"ut-blog-grid clearfix\">\n<article id=\"post-4954\" class=\"grid-33 tablet-grid-50 mobile-grid-100 ut-blog-grid-article clearfix post-4954 post type-post status-publish format-standard has-post-thumbnail hentry category-3-it-3-card category-3-it-3-nav category-3-it-jit-agile category-3-sat category-3-sat2 category-3-class category-art-garden-dziki-zakatek category-art-studio category-art-studio-kierunek-zwiedzania category-art-ups category-gietkie-mikroinwazyjne-urzadzenie-endoskopowe category-czlowiek-2 category-czlowiek category-eml category-extremebox category-future category-hackatony category-harc2020 category-inne-projekty category-inteligentna-apteczka-dla-polarnikow category-interfejs-mozg-mozg category-kapsula-z-kontrolowana-atmosfera category-korki-tv category-krotkowzrocznosc category-med category-ps category-pierwsi-widzowie category-bez-kategorii category-space\">\n    \n    <div class=\"ut-blog-grid-article-inner\">\n    \t\n\t\t\t\t\n                        \n\n        <!-- ut-post-thumbnail -->\n        <div class=\"ut-post-thumbnail\">     \n\n            <div class=\"entry-thumbnail\">\n\n                \n                <a title=\"Permanent Link to 3LAB w miesi\u0119czniku FOCUS\" href=\"https:\/\/3-lab.pl\/en\/2021\/11\/05\/3lab-w-miesieczniku-focus\/\">                \n                    \n                    <figure class=\"ut-post-thumbnail-caption-wrap\">\n\n                        \n        <img data-adaptive-images=\"{&quot;300&quot;:&quot;https:\\\/\\\/3-lab.pl\\\/wp-content\\\/uploads\\\/2021\\\/10\\\/Projekt-bez-tytulu-2-300x250.png&quot;,&quot;500&quot;:&quot;https:\\\/\\\/3-lab.pl\\\/wp-content\\\/uploads\\\/2021\\\/10\\\/Projekt-bez-tytulu-2-500x417.png&quot;,&quot;750&quot;:&quot;https:\\\/\\\/3-lab.pl\\\/wp-content\\\/uploads\\\/2021\\\/10\\\/Projekt-bez-tytulu-2-750x625.png&quot;,&quot;1000&quot;:&quot;https:\\\/\\\/3-lab.pl\\\/wp-content\\\/uploads\\\/2021\\\/10\\\/Projekt-bez-tytulu-2-1000x833.png&quot;,&quot;1500&quot;:&quot;https:\\\/\\\/3-lab.pl\\\/wp-content\\\/uploads\\\/2021\\\/10\\\/Projekt-bez-tytulu-2-1500x1250.png&quot;,&quot;2500&quot;:&quot;https:\\\/\\\/3-lab.pl\\\/wp-content\\\/uploads\\\/2021\\\/10\\\/Projekt-bez-tytulu-2-2500x2083.png&quot;}\" src=\"data:image\/svg+xml;charset=utf-8,%3Csvg xmlns%3D'http%3A%2F%2Fwww.w3.org%2F2000%2Fsvg' viewBox%3D'0 0 1500 1250'%2F%3E\" width=\"1500\" height=\"1250\" data-src=\"https:\/\/3-lab.pl\/wp-content\/uploads\/2021\/10\/Projekt-bez-tytulu-2-1500x1250.png\" data-image-id=\"4840\" class=\"ut-adaptive-image wp-post-image skip-lazy\">\n\n        \n                        \n                    <\/figure>\n                    \n                <\/a>  \n                \n                <a href=\"https:\/\/3-lab.pl\/en\/2021\/11\/\">\n                \n                    <div class=\"date-format\">\n                        <span class=\"day\">05<\/span>\n                        <span class=\"month\">Nov 2021<\/span>\n                    <\/div>\n                \n                <\/a>\n\n            <\/div>                                                                                                                         \n\n        <\/div><!-- close ut-post-thumbnail -->\n\n                \n                \n        <a class=\"ut-blog-link\" title=\"3LAB w miesi\u0119czniku FOCUS\" href=\"https:\/\/3-lab.pl\/en\/2021\/11\/05\/3lab-w-miesieczniku-focus\/\" rel=\"bookmark\">     \n              \n            <div class=\"ut-blog-grid-content-wrap\"> \n\n                \n                    <header class=\"entry-header\">\n\n                        <h2 class=\"entry-title\">3LAB w miesi\u0119czniku FOCUS<\/h2>          \n\n                    <\/header>\n                    <!-- close entry-header -->\n\n                 \n\n                <!-- entry-content -->\n                <div class=\"entry-content clearfix\">\n\n                    <p>Zapraszamy do lektury artyku\u0142u o Pracowni 3LAB, kt\u00f3ry ukaza\u0142 si\u0119 w listopadowym wydaniu miesi\u0119cznika FOCUS. Powsta\u0142 on na podstawie wywiadu&hellip;<\/p>\n\n                <\/div>\n                <!-- entry-content -->\n\n            <\/div>\n        \n        <\/a>\n        \n\t\t\t\t\n\t\t\t<div class=\"entry-meta clearfix\">\n\n\t\t\t\t<span class=\"author-links\"><i class=\"fa fa-user-o\"><\/i><a href=\"https:\/\/3-lab.pl\/en\/author\/kkozikowska\/\" title=\"Posts by Karolina Kozikowska\" rel=\"author\">Karolina Kozikowska<\/a><\/span>\n\n\t\t\t\t       \n\n\t\t\t<\/div>\n\t\t\n\t\t                        \n    <\/div>\n    \n<\/article>\n<!-- #post-4954 -->\n<article id=\"post-4843\" class=\"grid-33 tablet-grid-50 mobile-grid-100 ut-blog-grid-article clearfix post-4843 post type-post status-publish format-standard has-post-thumbnail hentry category-3-it-3-card category-3-it-3-nav category-3-it-jit-agile category-3-sat2 category-3-class category-art-garden-dziki-zakatek category-art-studio category-art-studio-kierunek-zwiedzania category-art-ups category-gietkie-mikroinwazyjne-urzadzenie-endoskopowe category-czlowiek category-eml category-extremebox category-future category-hackatony category-harc2020 category-inne-projekty category-inteligentna-apteczka-dla-polarnikow category-interfejs-mozg-mozg category-bez-kategorii\">\n    \n    <div class=\"ut-blog-grid-article-inner\">\n    \t\n\t\t\t\t\n                        \n\n        <!-- ut-post-thumbnail -->\n        <div class=\"ut-post-thumbnail\">     \n\n            <div class=\"entry-thumbnail\">\n\n                \n                <a title=\"Permanent Link to 3LAB w tygodniku Newsweek\" href=\"https:\/\/3-lab.pl\/en\/2021\/10\/06\/3lab-w-tygodniku-newsweek\/\">                \n                    \n                    <figure class=\"ut-post-thumbnail-caption-wrap\">\n\n                        \n        <img data-adaptive-images=\"{&quot;300&quot;:&quot;https:\\\/\\\/3-lab.pl\\\/wp-content\\\/uploads\\\/2021\\\/10\\\/Projekt-bez-tytulu-1-300x250.png&quot;,&quot;500&quot;:&quot;https:\\\/\\\/3-lab.pl\\\/wp-content\\\/uploads\\\/2021\\\/10\\\/Projekt-bez-tytulu-1-500x417.png&quot;,&quot;750&quot;:&quot;https:\\\/\\\/3-lab.pl\\\/wp-content\\\/uploads\\\/2021\\\/10\\\/Projekt-bez-tytulu-1-750x625.png&quot;,&quot;1000&quot;:&quot;https:\\\/\\\/3-lab.pl\\\/wp-content\\\/uploads\\\/2021\\\/10\\\/Projekt-bez-tytulu-1-1000x833.png&quot;,&quot;1500&quot;:&quot;https:\\\/\\\/3-lab.pl\\\/wp-content\\\/uploads\\\/2021\\\/10\\\/Projekt-bez-tytulu-1-1500x1250.png&quot;,&quot;2500&quot;:&quot;https:\\\/\\\/3-lab.pl\\\/wp-content\\\/uploads\\\/2021\\\/10\\\/Projekt-bez-tytulu-1-2500x2083.png&quot;}\" src=\"data:image\/svg+xml;charset=utf-8,%3Csvg xmlns%3D'http%3A%2F%2Fwww.w3.org%2F2000%2Fsvg' viewBox%3D'0 0 1500 1250'%2F%3E\" width=\"1500\" height=\"1250\" data-src=\"https:\/\/3-lab.pl\/wp-content\/uploads\/2021\/10\/Projekt-bez-tytulu-1-1500x1250.png\" data-image-id=\"4835\" class=\"ut-adaptive-image wp-post-image skip-lazy\">\n\n        \n                        \n                    <\/figure>\n                    \n                <\/a>  \n                \n                <a href=\"https:\/\/3-lab.pl\/en\/2021\/10\/\">\n                \n                    <div class=\"date-format\">\n                        <span class=\"day\">06<\/span>\n                        <span class=\"month\">Oct 2021<\/span>\n                    <\/div>\n                \n                <\/a>\n\n            <\/div>                                                                                                                         \n\n        <\/div><!-- close ut-post-thumbnail -->\n\n                \n                \n        <a class=\"ut-blog-link\" title=\"3LAB w tygodniku Newsweek\" href=\"https:\/\/3-lab.pl\/en\/2021\/10\/06\/3lab-w-tygodniku-newsweek\/\" rel=\"bookmark\">     \n              \n            <div class=\"ut-blog-grid-content-wrap\"> \n\n                \n                    <header class=\"entry-header\">\n\n                        <h2 class=\"entry-title\">3LAB w tygodniku Newsweek<\/h2>          \n\n                    <\/header>\n                    <!-- close entry-header -->\n\n                 \n\n                <!-- entry-content -->\n                <div class=\"entry-content clearfix\">\n\n                    <p>W czwartek 23. wrze\u015bnia nasz\u0105 szko\u0142\u0119 odwiedzi\u0142a dziennikarka dzia\u0142u \"Spo\u0142ecze\u0144stwo\" z redakcji tygodnika \"Newsweek Polska\" - Pani Ma\u0142gorzata \u015awi\u0119chowicz. Przez&hellip;<\/p>\n\n                <\/div>\n                <!-- entry-content -->\n\n            <\/div>\n        \n        <\/a>\n        \n\t\t\t\t\n\t\t\t<div class=\"entry-meta clearfix\">\n\n\t\t\t\t<span class=\"author-links\"><i class=\"fa fa-user-o\"><\/i><a href=\"https:\/\/3-lab.pl\/en\/author\/kkozikowska\/\" title=\"Posts by Karolina Kozikowska\" rel=\"author\">Karolina Kozikowska<\/a><\/span>\n\n\t\t\t\t       \n\n\t\t\t<\/div>\n\t\t\n\t\t                        \n    <\/div>\n    \n<\/article>\n<!-- #post-4843 --><\/div><\/div><\/div><\/div><\/div><\/div><div class=\"vc_row-full-width vc_clearfix\"><\/div>","protected":false},"excerpt":{"rendered":"W czwartek 23. wrze\u015bnia nasz\u0105 szko\u0142\u0119 odwiedzi\u0142a dziennikarka dzia\u0142u \"Spo\u0142ecze\u0144stwo\" z redakcji tygodnika \"Newsweek Polska\" - Pani Ma\u0142gorzata \u015awi\u0119chowicz. Przez kilka godzin rozmawia\u0142a z uczniami i absolwentami naszej szko\u0142y, zadaj\u0105c im wnikliwe pytania dotycz\u0105ce pomys\u0142\u00f3w i projekt\u00f3w zrealizowanych w Pracowni Innowacji 3LAB oraz najbli\u017cszych plan\u00f3w na przysz\u0142o\u015b\u0107. Wywiadowi towarzyszy\u0142a profesjonalna sesja zdj\u0119ciowa ca\u0142ego zespo\u0142u wykonana [...]","protected":false},"author":6,"featured_media":0,"parent":0,"menu_order":0,"comment_status":"closed","ping_status":"closed","template":"","meta":{"spay_email":""},"_links":{"self":[{"href":"https:\/\/3-lab.pl\/en\/wp-json\/wp\/v2\/pages\/3548"}],"collection":[{"href":"https:\/\/3-lab.pl\/en\/wp-json\/wp\/v2\/pages"}],"about":[{"href":"https:\/\/3-lab.pl\/en\/wp-json\/wp\/v2\/types\/page"}],"author":[{"embeddable":true,"href":"https:\/\/3-lab.pl\/en\/wp-json\/wp\/v2\/users\/6"}],"replies":[{"embeddable":true,"href":"https:\/\/3-lab.pl\/en\/wp-json\/wp\/v2\/comments?post=3548"}],"version-history":[{"count":10,"href":"https:\/\/3-lab.pl\/en\/wp-json\/wp\/v2\/pages\/3548\/revisions"}],"predecessor-version":[{"id":7329,"href":"https:\/\/3-lab.pl\/en\/wp-json\/wp\/v2\/pages\/3548\/revisions\/7329"}],"wp:attachment":[{"href":"https:\/\/3-lab.pl\/en\/wp-json\/wp\/v2\/media?parent=3548"}],"curies":[{"name":"wp","href":"https:\/\/api.w.org\/{rel}","templated":true}]}}