{"id":3539,"date":"2021-01-14T13:15:46","date_gmt":"2021-01-14T12:15:46","guid":{"rendered":"http:\/\/3-lab.pl\/?page_id=3539"},"modified":"2021-02-11T12:20:10","modified_gmt":"2021-02-11T11:20:10","slug":"kapsula-z-kontrolowana-atmosfera","status":"publish","type":"page","link":"https:\/\/3-lab.pl\/en\/kapsula-z-kontrolowana-atmosfera\/","title":{"rendered":"Kapsu\u0142a z kontrolowan\u0105 atmosfer\u0105"},"content":{"rendered":"<div id=\"ut-row-69e257163b608\" data-vc-full-width=\"true\" data-vc-full-width-init=\"false\" class=\"vc_row wpb_row vc_row-fluid vc_column-gap-0 ut-row-69e257163b620\" ><div class=\"wpb_column vc_column_container vc_col-sm-12\" ><div id=\"ut_inner_column_69e257163c9a9\" class=\"vc_column-inner\" ><div class=\"wpb_wrapper\"><div  class=\"wpb_content_element   clearfix\"><style type=\"text\/css\" scoped>#ut_am_69e257163e3a5 { opacity: 1; }<\/style><div id=\"ut_am_wrap_69e257163e3a7\" class=\"ut-image-gallery-image\" style=\"text-align:center;\"><div class=\"ut-animated-image-item ut-image-gallery-item ut-animation-done\"><a class=\"ut-deactivated-link\" href=\"#\"><img  id=\"ut_am_69e257163e3a5\" style=\"\" src=\"https:\/\/3-lab.pl\/wp-content\/uploads\/2020\/01\/KAPSULA-800x370.jpg\" width=\"800\" height=\"370\" alt=\"\"\/><\/a><\/div><\/div><\/div><\/div><\/div><\/div><\/div><div class=\"vc_row-full-width vc_clearfix\"><\/div><div id=\"ut-row-69e257163eb67\" data-vc-full-width=\"true\" data-vc-full-width-init=\"false\" class=\"vc_row wpb_row vc_row-fluid vc_column-gap-0 ut-row-69e257163eb71\" ><div class=\"wpb_column vc_column_container vc_col-sm-12\" ><div id=\"ut_inner_column_69e257163efdd\" class=\"vc_column-inner\" ><div class=\"wpb_wrapper\"><div class=\"wpb_content_element\"><style type=\"text\/css\" scoped>#ut_accordion_69e257163f13c .ut-accordion-module-item.open .ut-accordion-module-heading { color: rgba(0, 179, 227, 1) !important }#ut_accordion_69e257163f13c .ut-accordion-module-heading:hover { color: rgba(0, 179, 227, 1) !important }#ut_accordion_69e257163f13c .ut-accordion-module-heading:active { color: rgba(0, 179, 227, 1) !important }#ut_accordion_69e257163f13c .ut-accordion-module-heading:focus { color: rgba(0, 179, 227, 1) !important }#ut_accordion_69e257163f13c .ut-accordion-module-item { border-top-style:solid; }#ut_accordion_69e257163f13c .ut-accordion-module-item:last-child { border-top-style:solid; border-bottom-style:solid; }<\/style>                \r\n                <script type=\"text\/javascript\">\r\n                \r\n                    (function($){\r\n                                                \r\n                        $(document).ready(function(){\r\n                            \r\n                            $('#ut_accordion_69e257163f13c [data-accordion]').accordion({\r\n                                \"transitionSpeed\"  : 400,\r\n                                \"singleOpen\"       : true,\r\n                                \"transitionEasing\" : \"ease\",\r\n                            });                            \r\n                    \r\n                        });\r\n                            \r\n                    })(jQuery);\r\n            \r\n                <\/script>\r\n                \r\n            <div id=\"ut_accordion_69e257163f13c\" data-accordion-group class=\"ut-accordion-module  ut-accordion-module-with-border\"><div data-accordion class=\"ut-accordion-module-item  open\"><h3 data-control class=\"ut-accordion-module-heading\" data-counter=\"1\">Project description<\/h3><div data-content class=\"ut-accordion-module-content\"><div class=\"ut-accordion-module-inner entry-content clearfix\"><strong>Status: <span style=\"color: #ff0000;\">Completed<\/span><\/strong><\/p>\n<p><strong>Autor projektu: Bartosz Kostarczyk<\/strong><\/p>\n<p>Tematem przewodnim projektu jest opracowanie systemu podtrzymywania \u015bwie\u017co\u015bci \u017cywno\u015bci, kt\u00f3re b\u0119dzie nieszkodliwe dla \u015brodowiska. Pomys\u0142 powsta\u0142 po spostrze\u017ceniu, \u017ce du\u017cy procent \u017cywno\u015bci marnuje si\u0119 podczas transportu oraz w domach. Stwierdzi\u0142em, \u017ce utrzymywanie po\u017cywienia w temperaturze lod\u00f3wki nie wystarcza, a pakowanie w plastik zagra\u017ca \u015brodowisku, dlatego zaj\u0105\u0142em si\u0119 t\u0105 spraw\u0105. System by\u0142by pewnym urz\u0105dzeniem, kt\u00f3rego wielko\u015b\u0107 definiowa\u0142aby pr\u0119dko\u015b\u0107 zmian atmosfery wewn\u0105trz dowolnego szczelnego pojemnika podpi\u0119tego pod system. Planowane zastosowanie widz\u0119 w transporcie morskim oraz komercyjnym u\u017cytkowaniu.<\/p>\n<p><\/div><\/div><\/div><div data-accordion class=\"ut-accordion-module-item\"><h3 data-control class=\"ut-accordion-module-heading\" data-counter=\"2\">Team<\/h3><div data-content class=\"ut-accordion-module-content\"><div class=\"ut-accordion-module-inner entry-content clearfix\"><strong>Scientific and substantial support:<\/strong><\/p>\n<ul>\n<li>dr. in\u017c. Agnieszka Pa\u0142ka &#8211; Wydzia\u0142 Przedsi\u0119biorocz\u015bci i Towaroznawstwa &#8211; Konsultacje i pomoc w realizacji projektu<\/li>\n<\/ul>\n<p><strong>Project members:<\/strong><\/p>\n<ul>\n<li>Bartek Kostarczyk &#8211; III LO w Gdyni &#8211; Autor projektu<\/li>\n<\/ul>\n<p><\/div><\/div><\/div><\/div><\/div><\/div><\/div><\/div><\/div><div class=\"vc_row-full-width vc_clearfix\"><\/div><div id=\"ut-row-69e257163f89f\" data-vc-full-width=\"true\" data-vc-full-width-init=\"false\" class=\"vc_row wpb_row vc_row-fluid vc_column-gap-0 ut-row-69e257163f8ad\" ><div class=\"wpb_column vc_column_container vc_col-sm-12\" ><div id=\"ut_inner_column_69e257163fde6\" class=\"vc_column-inner\" ><div class=\"wpb_wrapper\"><style type=\"text\/css\" scoped><\/style><div id=\"ut_blog_grid_69e257163ff11\" class=\"ut-blog-grid-module blog\"><div class=\"ut-blog-grid clearfix\">\n<article id=\"post-4954\" class=\"grid-33 tablet-grid-50 mobile-grid-100 ut-blog-grid-article clearfix post-4954 post type-post status-publish format-standard has-post-thumbnail hentry category-3-it-3-card category-3-it-3-nav category-3-it-jit-agile category-3-sat category-3-sat2 category-3-class category-art-garden-dziki-zakatek category-art-studio category-art-studio-kierunek-zwiedzania category-art-ups category-gietkie-mikroinwazyjne-urzadzenie-endoskopowe category-czlowiek-2 category-czlowiek category-eml category-extremebox category-future category-hackatony category-harc2020 category-inne-projekty category-inteligentna-apteczka-dla-polarnikow category-interfejs-mozg-mozg category-kapsula-z-kontrolowana-atmosfera category-korki-tv category-krotkowzrocznosc category-med category-ps category-pierwsi-widzowie category-bez-kategorii category-space\">\n    \n    <div class=\"ut-blog-grid-article-inner\">\n    \t\n\t\t\t\t\n                        \n\n        <!-- ut-post-thumbnail -->\n        <div class=\"ut-post-thumbnail\">     \n\n            <div class=\"entry-thumbnail\">\n\n                \n                <a title=\"Permanent Link to 3LAB w miesi\u0119czniku FOCUS\" href=\"https:\/\/3-lab.pl\/en\/2021\/11\/05\/3lab-w-miesieczniku-focus\/\">                \n                    \n                    <figure class=\"ut-post-thumbnail-caption-wrap\">\n\n                        \n        <img data-adaptive-images=\"{&quot;300&quot;:&quot;https:\\\/\\\/3-lab.pl\\\/wp-content\\\/uploads\\\/2021\\\/10\\\/Projekt-bez-tytulu-2-300x250.png&quot;,&quot;500&quot;:&quot;https:\\\/\\\/3-lab.pl\\\/wp-content\\\/uploads\\\/2021\\\/10\\\/Projekt-bez-tytulu-2-500x417.png&quot;,&quot;750&quot;:&quot;https:\\\/\\\/3-lab.pl\\\/wp-content\\\/uploads\\\/2021\\\/10\\\/Projekt-bez-tytulu-2-750x625.png&quot;,&quot;1000&quot;:&quot;https:\\\/\\\/3-lab.pl\\\/wp-content\\\/uploads\\\/2021\\\/10\\\/Projekt-bez-tytulu-2-1000x833.png&quot;,&quot;1500&quot;:&quot;https:\\\/\\\/3-lab.pl\\\/wp-content\\\/uploads\\\/2021\\\/10\\\/Projekt-bez-tytulu-2-1500x1250.png&quot;,&quot;2500&quot;:&quot;https:\\\/\\\/3-lab.pl\\\/wp-content\\\/uploads\\\/2021\\\/10\\\/Projekt-bez-tytulu-2-2500x2083.png&quot;}\" src=\"data:image\/svg+xml;charset=utf-8,%3Csvg xmlns%3D'http%3A%2F%2Fwww.w3.org%2F2000%2Fsvg' viewBox%3D'0 0 1500 1250'%2F%3E\" width=\"1500\" height=\"1250\" data-src=\"https:\/\/3-lab.pl\/wp-content\/uploads\/2021\/10\/Projekt-bez-tytulu-2-1500x1250.png\" data-image-id=\"4840\" class=\"ut-adaptive-image wp-post-image skip-lazy\">\n\n        \n                        \n                    <\/figure>\n                    \n                <\/a>  \n                \n                <a href=\"https:\/\/3-lab.pl\/en\/2021\/11\/\">\n                \n                    <div class=\"date-format\">\n                        <span class=\"day\">05<\/span>\n                        <span class=\"month\">Nov 2021<\/span>\n                    <\/div>\n                \n                <\/a>\n\n            <\/div>                                                                                                                         \n\n        <\/div><!-- close ut-post-thumbnail -->\n\n                \n                \n        <a class=\"ut-blog-link\" title=\"3LAB w miesi\u0119czniku FOCUS\" href=\"https:\/\/3-lab.pl\/en\/2021\/11\/05\/3lab-w-miesieczniku-focus\/\" rel=\"bookmark\">     \n              \n            <div class=\"ut-blog-grid-content-wrap\"> \n\n                \n                    <header class=\"entry-header\">\n\n                        <h2 class=\"entry-title\">3LAB w miesi\u0119czniku FOCUS<\/h2>          \n\n                    <\/header>\n                    <!-- close entry-header -->\n\n                 \n\n                <!-- entry-content -->\n                <div class=\"entry-content clearfix\">\n\n                    <p>Zapraszamy do lektury artyku\u0142u o Pracowni 3LAB, kt\u00f3ry ukaza\u0142 si\u0119 w listopadowym wydaniu miesi\u0119cznika FOCUS. Powsta\u0142 on na podstawie wywiadu&hellip;<\/p>\n\n                <\/div>\n                <!-- entry-content -->\n\n            <\/div>\n        \n        <\/a>\n        \n\t\t\t\t\n\t\t\t<div class=\"entry-meta clearfix\">\n\n\t\t\t\t<span class=\"author-links\"><i class=\"fa fa-user-o\"><\/i><a href=\"https:\/\/3-lab.pl\/en\/author\/kkozikowska\/\" title=\"Posts by Karolina Kozikowska\" rel=\"author\">Karolina Kozikowska<\/a><\/span>\n\n\t\t\t\t       \n\n\t\t\t<\/div>\n\t\t\n\t\t                        \n    <\/div>\n    \n<\/article>\n<!-- #post-4954 -->\n<article id=\"post-2280\" class=\"grid-33 tablet-grid-50 mobile-grid-100 ut-blog-grid-article clearfix post-2280 post type-post status-publish format-standard has-post-thumbnail hentry category-kapsula-z-kontrolowana-atmosfera category-tu-mieszkaja-wpisy-rozne\">\n    \n    <div class=\"ut-blog-grid-article-inner\">\n    \t\n\t\t\t\t\n                        \n\n        <!-- ut-post-thumbnail -->\n        <div class=\"ut-post-thumbnail\">     \n\n            <div class=\"entry-thumbnail\">\n\n                \n                <a title=\"Permanent Link to KONSULTACJE DOT. KONTROLOWANEJ ATMOSFERY\" href=\"https:\/\/3-lab.pl\/en\/2020\/01\/27\/konsultacje-dot-kontrolowanej-atmosfery\/\">                \n                    \n                    <figure class=\"ut-post-thumbnail-caption-wrap\">\n\n                        \n        <img data-adaptive-images=\"{&quot;300&quot;:&quot;https:\\\/\\\/3-lab.pl\\\/wp-content\\\/uploads\\\/2019\\\/11\\\/space-1-300x250.jpg&quot;,&quot;500&quot;:&quot;https:\\\/\\\/3-lab.pl\\\/wp-content\\\/uploads\\\/2019\\\/11\\\/space-1-500x417.jpg&quot;,&quot;750&quot;:&quot;https:\\\/\\\/3-lab.pl\\\/wp-content\\\/uploads\\\/2019\\\/11\\\/space-1-750x625.jpg&quot;,&quot;1000&quot;:&quot;https:\\\/\\\/3-lab.pl\\\/wp-content\\\/uploads\\\/2019\\\/11\\\/space-1-1000x833.jpg&quot;,&quot;1500&quot;:&quot;https:\\\/\\\/3-lab.pl\\\/wp-content\\\/uploads\\\/2019\\\/11\\\/space-1-1500x1250.jpg&quot;,&quot;2500&quot;:&quot;https:\\\/\\\/3-lab.pl\\\/wp-content\\\/uploads\\\/2019\\\/11\\\/space-1-2500x2083.jpg&quot;}\" src=\"data:image\/svg+xml;charset=utf-8,%3Csvg xmlns%3D'http%3A%2F%2Fwww.w3.org%2F2000%2Fsvg' viewBox%3D'0 0 1500 1250'%2F%3E\" width=\"1500\" height=\"1250\" data-src=\"https:\/\/3-lab.pl\/wp-content\/uploads\/2019\/11\/space-1-1500x1250.jpg\" data-image-id=\"1161\" class=\"ut-adaptive-image wp-post-image skip-lazy\">\n\n        \n                        \n                    <\/figure>\n                    \n                <\/a>  \n                \n                <a href=\"https:\/\/3-lab.pl\/en\/2020\/01\/\">\n                \n                    <div class=\"date-format\">\n                        <span class=\"day\">27<\/span>\n                        <span class=\"month\">Jan 2020<\/span>\n                    <\/div>\n                \n                <\/a>\n\n            <\/div>                                                                                                                         \n\n        <\/div><!-- close ut-post-thumbnail -->\n\n                \n                \n        <a class=\"ut-blog-link\" title=\"KONSULTACJE DOT. KONTROLOWANEJ ATMOSFERY\" href=\"https:\/\/3-lab.pl\/en\/2020\/01\/27\/konsultacje-dot-kontrolowanej-atmosfery\/\" rel=\"bookmark\">     \n              \n            <div class=\"ut-blog-grid-content-wrap\"> \n\n                \n                    <header class=\"entry-header\">\n\n                        <h2 class=\"entry-title\">KONSULTACJE DOT. KONTROLOWANEJ ATMOSFERY<\/h2>          \n\n                    <\/header>\n                    <!-- close entry-header -->\n\n                 \n\n                <!-- entry-content -->\n                <div class=\"entry-content clearfix\">\n\n                    <p>Bardzo dzi\u0119kujemy dr in\u017c. Agnieszce Pa\u0142ce z Wydzia\u0142u Przedsi\u0119biorczo\u015bci i Towaroznawstwa za konsultacje i pomoc w realizacji projektu.<\/p>\n\n                <\/div>\n                <!-- entry-content -->\n\n            <\/div>\n        \n        <\/a>\n        \n\t\t\t\t\n\t\t\t<div class=\"entry-meta clearfix\">\n\n\t\t\t\t<span class=\"author-links\"><i class=\"fa fa-user-o\"><\/i><a href=\"https:\/\/3-lab.pl\/en\/author\/anna-rzepa\/\" title=\"Posts by Anna Rzepa\" rel=\"author\">Anna Rzepa<\/a><\/span>\n\n\t\t\t\t       \n\n\t\t\t<\/div>\n\t\t\n\t\t                        \n    <\/div>\n    \n<\/article>\n<!-- #post-2280 --><\/div><\/div><style type=\"text\/css\" scoped><\/style><div id=\"bklyn_btn_69e25716679f0\" class=\"bklyn-btn-holder  bklyn-btn-center\"><a title=\"\"   href=\"http:\/\/3-lab.pl\/en\/category\/kapsula-z-kontrolowana-atmosfera\/\" target=\"_self\" class=\"bklyn-btn  bklyn-btn-normal\" ><span class=\"ut-btn-text\">View all project entries<\/span><\/a><\/div><\/div><\/div><\/div><\/div><div class=\"vc_row-full-width vc_clearfix\"><\/div>","protected":false},"excerpt":{"rendered":"Bardzo dzi\u0119kujemy dr in\u017c. Agnieszce Pa\u0142ce z Wydzia\u0142u Przedsi\u0119biorczo\u015bci i Towaroznawstwa za konsultacje i pomoc w realizacji projektu.","protected":false},"author":6,"featured_media":0,"parent":0,"menu_order":0,"comment_status":"closed","ping_status":"closed","template":"","meta":{"spay_email":""},"_links":{"self":[{"href":"https:\/\/3-lab.pl\/en\/wp-json\/wp\/v2\/pages\/3539"}],"collection":[{"href":"https:\/\/3-lab.pl\/en\/wp-json\/wp\/v2\/pages"}],"about":[{"href":"https:\/\/3-lab.pl\/en\/wp-json\/wp\/v2\/types\/page"}],"author":[{"embeddable":true,"href":"https:\/\/3-lab.pl\/en\/wp-json\/wp\/v2\/users\/6"}],"replies":[{"embeddable":true,"href":"https:\/\/3-lab.pl\/en\/wp-json\/wp\/v2\/comments?post=3539"}],"version-history":[{"count":8,"href":"https:\/\/3-lab.pl\/en\/wp-json\/wp\/v2\/pages\/3539\/revisions"}],"predecessor-version":[{"id":4161,"href":"https:\/\/3-lab.pl\/en\/wp-json\/wp\/v2\/pages\/3539\/revisions\/4161"}],"wp:attachment":[{"href":"https:\/\/3-lab.pl\/en\/wp-json\/wp\/v2\/media?parent=3539"}],"curies":[{"name":"wp","href":"https:\/\/api.w.org\/{rel}","templated":true}]}}