{"id":3509,"date":"2020-11-08T19:41:16","date_gmt":"2020-11-08T18:41:16","guid":{"rendered":"http:\/\/3-lab.pl\/?page_id=3509"},"modified":"2021-02-10T20:24:25","modified_gmt":"2021-02-10T19:24:25","slug":"3it-3nav","status":"publish","type":"page","link":"https:\/\/3-lab.pl\/en\/3it-3nav\/","title":{"rendered":"3it \u2013 3NAV"},"content":{"rendered":"<div id=\"ut-row-69e4bbe626ff9\" data-vc-full-width=\"true\" data-vc-full-width-init=\"false\" class=\"vc_row wpb_row vc_row-fluid vc_column-gap-0 ut-row-69e4bbe62700f\" ><div class=\"wpb_column vc_column_container vc_col-sm-12\" ><div id=\"ut_inner_column_69e4bbe628385\" class=\"vc_column-inner\" ><div class=\"wpb_wrapper\"><div  class=\"wpb_content_element   clearfix\"><style type=\"text\/css\" scoped>#ut_am_69e4bbe62a494 { opacity: 1; }<\/style><div id=\"ut_am_wrap_69e4bbe62a496\" class=\"ut-image-gallery-image\" style=\"text-align:center;\"><div class=\"ut-animated-image-item ut-image-gallery-item ut-animation-done\"><a class=\"ut-deactivated-link\" href=\"#\"><img  id=\"ut_am_69e4bbe62a494\" style=\"\" src=\"https:\/\/3-lab.pl\/wp-content\/uploads\/2020\/01\/received_1633848333347893-500x380.png\" width=\"500\" height=\"380\" alt=\"\"\/><\/a><\/div><\/div><\/div><\/div><\/div><\/div><\/div><div class=\"vc_row-full-width vc_clearfix\"><\/div><div id=\"ut-row-69e4bbe62aea7\" data-vc-full-width=\"true\" data-vc-full-width-init=\"false\" class=\"vc_row wpb_row vc_row-fluid vc_column-gap-0 ut-row-69e4bbe62aeb7\" ><div class=\"wpb_column vc_column_container vc_col-sm-12\" ><div id=\"ut_inner_column_69e4bbe62b5ce\" class=\"vc_column-inner\" ><div class=\"wpb_wrapper\"><div class=\"wpb_content_element\"><style type=\"text\/css\" scoped>#ut_accordion_69e4bbe62b738 .ut-accordion-module-item.open .ut-accordion-module-heading { color: rgba(0, 179, 227, 1) !important }#ut_accordion_69e4bbe62b738 .ut-accordion-module-heading:hover { color: rgba(0, 179, 227, 1) !important }#ut_accordion_69e4bbe62b738 .ut-accordion-module-heading:active { color: rgba(0, 179, 227, 1) !important }#ut_accordion_69e4bbe62b738 .ut-accordion-module-heading:focus { color: rgba(0, 179, 227, 1) !important }#ut_accordion_69e4bbe62b738 .ut-accordion-module-item { border-top-style:solid; }#ut_accordion_69e4bbe62b738 .ut-accordion-module-item:last-child { border-top-style:solid; border-bottom-style:solid; }<\/style>                \r\n                <script type=\"text\/javascript\">\r\n                \r\n                    (function($){\r\n                                                \r\n                        $(document).ready(function(){\r\n                            \r\n                            $('#ut_accordion_69e4bbe62b738 [data-accordion]').accordion({\r\n                                \"transitionSpeed\"  : 400,\r\n                                \"singleOpen\"       : true,\r\n                                \"transitionEasing\" : \"ease\",\r\n                            });                            \r\n                    \r\n                        });\r\n                            \r\n                    })(jQuery);\r\n            \r\n                <\/script>\r\n                \r\n            <div id=\"ut_accordion_69e4bbe62b738\" data-accordion-group class=\"ut-accordion-module  ut-accordion-module-with-border\"><div data-accordion class=\"ut-accordion-module-item  open\"><h3 data-control class=\"ut-accordion-module-heading\" data-counter=\"1\">Project description<\/h3><div data-content class=\"ut-accordion-module-content\"><div class=\"ut-accordion-module-inner entry-content clearfix\"><\/p>\n<p><strong>Status: <span style=\"color: #ff0000;\">Completed<\/span><\/strong><\/p>\n<p><strong>3nav<\/strong> It's the first project, which was created in cooperation of 3rd LO with Jit. Created application is used for navigation through the school's building. It uses so-called beacony bluetooth for the identification of the part of the school we are in, and allows to get to the certain classroom fast. The idea arose as the answer to the parents' problem, who, arriving at school, had spent a lot of time in search for the classrooms, where the parents' meetings were held.<\/p>\n<p>During the project, the students learned about business analysis and the planning of work in the project. Trainings and design works about the programming of mobile applications, as a result of which the application itself was created, also took place. It is generally accessible for android and iOS systems.<\/p>\n<p><\/div><\/div><\/div><div data-accordion class=\"ut-accordion-module-item\"><h3 data-control class=\"ut-accordion-module-heading\" data-counter=\"2\">Contributors and sponsors<\/h3><div data-content class=\"ut-accordion-module-content\"><div class=\"ut-accordion-module-inner entry-content clearfix\"><strong>Contributors:<\/strong><\/p>\n<ul>\n<li>Joanna Bud\u017ako-Coordination<\/li>\n<li>Witold Bolt \u2013Coordination<\/li>\n<\/ul>\n<p><strong>Sponsors:<\/strong><\/p>\n<ul>\n<li>JIT team<\/li>\n<\/ul>\n<p><\/div><\/div><\/div><\/div><\/div><\/div><\/div><\/div><\/div><div class=\"vc_row-full-width vc_clearfix\"><\/div><div id=\"ut-row-69e4bbe62bf07\" data-vc-full-width=\"true\" data-vc-full-width-init=\"false\" class=\"vc_row wpb_row vc_row-fluid vc_column-gap-0 ut-row-69e4bbe62bf11\" ><div class=\"wpb_column vc_column_container vc_col-sm-12\" ><div id=\"ut_inner_column_69e4bbe62c500\" class=\"vc_column-inner\" ><div class=\"wpb_wrapper\"><style type=\"text\/css\" scoped><\/style><div id=\"ut_blog_grid_69e4bbe62c625\" class=\"ut-blog-grid-module blog\"><div class=\"ut-blog-grid clearfix\">\n<article id=\"post-4954\" class=\"grid-33 tablet-grid-50 mobile-grid-100 ut-blog-grid-article clearfix post-4954 post type-post status-publish format-standard has-post-thumbnail hentry category-3-it-3-card category-3-it-3-nav category-3-it-jit-agile category-3-sat category-3-sat2 category-3-class category-art-garden-dziki-zakatek category-art-studio category-art-studio-kierunek-zwiedzania category-art-ups category-gietkie-mikroinwazyjne-urzadzenie-endoskopowe category-czlowiek-2 category-czlowiek category-eml category-extremebox category-future category-hackatony category-harc2020 category-inne-projekty category-inteligentna-apteczka-dla-polarnikow category-interfejs-mozg-mozg category-kapsula-z-kontrolowana-atmosfera category-korki-tv category-krotkowzrocznosc category-med category-ps category-pierwsi-widzowie category-bez-kategorii category-space\">\n    \n    <div class=\"ut-blog-grid-article-inner\">\n    \t\n\t\t\t\t\n                        \n\n        <!-- ut-post-thumbnail -->\n        <div class=\"ut-post-thumbnail\">     \n\n            <div class=\"entry-thumbnail\">\n\n                \n                <a title=\"Permanent Link to 3LAB w miesi\u0119czniku FOCUS\" href=\"https:\/\/3-lab.pl\/en\/2021\/11\/05\/3lab-w-miesieczniku-focus\/\">                \n                    \n                    <figure class=\"ut-post-thumbnail-caption-wrap\">\n\n                        \n        <img data-adaptive-images=\"{&quot;300&quot;:&quot;https:\\\/\\\/3-lab.pl\\\/wp-content\\\/uploads\\\/2021\\\/10\\\/Projekt-bez-tytulu-2-300x250.png&quot;,&quot;500&quot;:&quot;https:\\\/\\\/3-lab.pl\\\/wp-content\\\/uploads\\\/2021\\\/10\\\/Projekt-bez-tytulu-2-500x417.png&quot;,&quot;750&quot;:&quot;https:\\\/\\\/3-lab.pl\\\/wp-content\\\/uploads\\\/2021\\\/10\\\/Projekt-bez-tytulu-2-750x625.png&quot;,&quot;1000&quot;:&quot;https:\\\/\\\/3-lab.pl\\\/wp-content\\\/uploads\\\/2021\\\/10\\\/Projekt-bez-tytulu-2-1000x833.png&quot;,&quot;1500&quot;:&quot;https:\\\/\\\/3-lab.pl\\\/wp-content\\\/uploads\\\/2021\\\/10\\\/Projekt-bez-tytulu-2-1500x1250.png&quot;,&quot;2500&quot;:&quot;https:\\\/\\\/3-lab.pl\\\/wp-content\\\/uploads\\\/2021\\\/10\\\/Projekt-bez-tytulu-2-2500x2083.png&quot;}\" src=\"data:image\/svg+xml;charset=utf-8,%3Csvg xmlns%3D'http%3A%2F%2Fwww.w3.org%2F2000%2Fsvg' viewBox%3D'0 0 1500 1250'%2F%3E\" width=\"1500\" height=\"1250\" data-src=\"https:\/\/3-lab.pl\/wp-content\/uploads\/2021\/10\/Projekt-bez-tytulu-2-1500x1250.png\" data-image-id=\"4840\" class=\"ut-adaptive-image wp-post-image skip-lazy\">\n\n        \n                        \n                    <\/figure>\n                    \n                <\/a>  \n                \n                <a href=\"https:\/\/3-lab.pl\/en\/2021\/11\/\">\n                \n                    <div class=\"date-format\">\n                        <span class=\"day\">05<\/span>\n                        <span class=\"month\">Nov 2021<\/span>\n                    <\/div>\n                \n                <\/a>\n\n            <\/div>                                                                                                                         \n\n        <\/div><!-- close ut-post-thumbnail -->\n\n                \n                \n        <a class=\"ut-blog-link\" title=\"3LAB w miesi\u0119czniku FOCUS\" href=\"https:\/\/3-lab.pl\/en\/2021\/11\/05\/3lab-w-miesieczniku-focus\/\" rel=\"bookmark\">     \n              \n            <div class=\"ut-blog-grid-content-wrap\"> \n\n                \n                    <header class=\"entry-header\">\n\n                        <h2 class=\"entry-title\">3LAB w miesi\u0119czniku FOCUS<\/h2>          \n\n                    <\/header>\n                    <!-- close entry-header -->\n\n                 \n\n                <!-- entry-content -->\n                <div class=\"entry-content clearfix\">\n\n                    <p>Zapraszamy do lektury artyku\u0142u o Pracowni 3LAB, kt\u00f3ry ukaza\u0142 si\u0119 w listopadowym wydaniu miesi\u0119cznika FOCUS. Powsta\u0142 on na podstawie wywiadu&hellip;<\/p>\n\n                <\/div>\n                <!-- entry-content -->\n\n            <\/div>\n        \n        <\/a>\n        \n\t\t\t\t\n\t\t\t<div class=\"entry-meta clearfix\">\n\n\t\t\t\t<span class=\"author-links\"><i class=\"fa fa-user-o\"><\/i><a href=\"https:\/\/3-lab.pl\/en\/author\/kkozikowska\/\" title=\"Posts by Karolina Kozikowska\" rel=\"author\">Karolina Kozikowska<\/a><\/span>\n\n\t\t\t\t       \n\n\t\t\t<\/div>\n\t\t\n\t\t                        \n    <\/div>\n    \n<\/article>\n<!-- #post-4954 -->\n<article id=\"post-4880\" class=\"grid-33 tablet-grid-50 mobile-grid-100 ut-blog-grid-article clearfix post-4880 post type-post status-publish format-standard has-post-thumbnail hentry category-3-it-3-card category-3-it-3-nav category-3-it-jit-agile category-3-sat category-3-sat2 category-3-class category-art-garden-dziki-zakatek category-art-studio category-art-studio-kierunek-zwiedzania category-art-ups category-gietkie-mikroinwazyjne-urzadzenie-endoskopowe category-czlowiek category-eml category-extremebox category-future category-inne-projekty category-inteligentna-apteczka-dla-polarnikow category-bez-kategorii\">\n    \n    <div class=\"ut-blog-grid-article-inner\">\n    \t\n\t\t\t\t\n                        \n\n        <!-- ut-post-thumbnail -->\n        <div class=\"ut-post-thumbnail\">     \n\n            <div class=\"entry-thumbnail\">\n\n                \n                <a title=\"Permanent Link to 3LAB w finale konkursu Popularyzator Nauki\" href=\"https:\/\/3-lab.pl\/en\/2021\/10\/19\/3lab-w-finale-konkursu-popularyzator-nauki\/\">                \n                    \n                    <figure class=\"ut-post-thumbnail-caption-wrap\">\n\n                        \n        <img data-adaptive-images=\"{&quot;300&quot;:&quot;https:\\\/\\\/3-lab.pl\\\/wp-content\\\/uploads\\\/2021\\\/10\\\/Projekt-bez-tytulu-4-300x250.png&quot;,&quot;500&quot;:&quot;https:\\\/\\\/3-lab.pl\\\/wp-content\\\/uploads\\\/2021\\\/10\\\/Projekt-bez-tytulu-4-500x417.png&quot;,&quot;750&quot;:&quot;https:\\\/\\\/3-lab.pl\\\/wp-content\\\/uploads\\\/2021\\\/10\\\/Projekt-bez-tytulu-4-750x625.png&quot;,&quot;1000&quot;:&quot;https:\\\/\\\/3-lab.pl\\\/wp-content\\\/uploads\\\/2021\\\/10\\\/Projekt-bez-tytulu-4-1000x833.png&quot;,&quot;1500&quot;:&quot;https:\\\/\\\/3-lab.pl\\\/wp-content\\\/uploads\\\/2021\\\/10\\\/Projekt-bez-tytulu-4-1500x1250.png&quot;,&quot;2500&quot;:&quot;https:\\\/\\\/3-lab.pl\\\/wp-content\\\/uploads\\\/2021\\\/10\\\/Projekt-bez-tytulu-4-2500x2083.png&quot;}\" src=\"data:image\/svg+xml;charset=utf-8,%3Csvg xmlns%3D'http%3A%2F%2Fwww.w3.org%2F2000%2Fsvg' viewBox%3D'0 0 1500 1250'%2F%3E\" width=\"1500\" height=\"1250\" data-src=\"https:\/\/3-lab.pl\/wp-content\/uploads\/2021\/10\/Projekt-bez-tytulu-4-1500x1250.png\" data-image-id=\"4883\" class=\"ut-adaptive-image wp-post-image skip-lazy\">\n\n        \n                        \n                    <\/figure>\n                    \n                <\/a>  \n                \n                <a href=\"https:\/\/3-lab.pl\/en\/2021\/10\/\">\n                \n                    <div class=\"date-format\">\n                        <span class=\"day\">19<\/span>\n                        <span class=\"month\">Oct 2021<\/span>\n                    <\/div>\n                \n                <\/a>\n\n            <\/div>                                                                                                                         \n\n        <\/div><!-- close ut-post-thumbnail -->\n\n                \n                \n        <a class=\"ut-blog-link\" title=\"3LAB w finale konkursu Popularyzator Nauki\" href=\"https:\/\/3-lab.pl\/en\/2021\/10\/19\/3lab-w-finale-konkursu-popularyzator-nauki\/\" rel=\"bookmark\">     \n              \n            <div class=\"ut-blog-grid-content-wrap\"> \n\n                \n                    <header class=\"entry-header\">\n\n                        <h2 class=\"entry-title\">3LAB w finale konkursu Popularyzator Nauki<\/h2>          \n\n                    <\/header>\n                    <!-- close entry-header -->\n\n                 \n\n                <!-- entry-content -->\n                <div class=\"entry-content clearfix\">\n\n                    <p>&nbsp; Z wielk\u0105 rado\u015bci\u0105 informujemy, \u017ce Pracownia Innowacji 3LAB znalaz\u0142a si\u0119 w Finale Konkursu Popularyzator Nauki w kategorii \u201cZesp\u00f3\u0142\u201d. Fina\u0142&hellip;<\/p>\n\n                <\/div>\n                <!-- entry-content -->\n\n            <\/div>\n        \n        <\/a>\n        \n\t\t\t\t\n\t\t\t<div class=\"entry-meta clearfix\">\n\n\t\t\t\t<span class=\"author-links\"><i class=\"fa fa-user-o\"><\/i><a href=\"https:\/\/3-lab.pl\/en\/author\/kkozikowska\/\" title=\"Posts by Karolina Kozikowska\" rel=\"author\">Karolina Kozikowska<\/a><\/span>\n\n\t\t\t\t       \n\n\t\t\t<\/div>\n\t\t\n\t\t                        \n    <\/div>\n    \n<\/article>\n<!-- #post-4880 -->\n<article id=\"post-4843\" class=\"grid-33 tablet-grid-50 mobile-grid-100 ut-blog-grid-article clearfix post-4843 post type-post status-publish format-standard has-post-thumbnail hentry category-3-it-3-card category-3-it-3-nav category-3-it-jit-agile category-3-sat2 category-3-class category-art-garden-dziki-zakatek category-art-studio category-art-studio-kierunek-zwiedzania category-art-ups category-gietkie-mikroinwazyjne-urzadzenie-endoskopowe category-czlowiek category-eml category-extremebox category-future category-hackatony category-harc2020 category-inne-projekty category-inteligentna-apteczka-dla-polarnikow category-interfejs-mozg-mozg category-bez-kategorii\">\n    \n    <div class=\"ut-blog-grid-article-inner\">\n    \t\n\t\t\t\t\n                        \n\n        <!-- ut-post-thumbnail -->\n        <div class=\"ut-post-thumbnail\">     \n\n            <div class=\"entry-thumbnail\">\n\n                \n                <a title=\"Permanent Link to 3LAB w tygodniku Newsweek\" href=\"https:\/\/3-lab.pl\/en\/2021\/10\/06\/3lab-w-tygodniku-newsweek\/\">                \n                    \n                    <figure class=\"ut-post-thumbnail-caption-wrap\">\n\n                        \n        <img data-adaptive-images=\"{&quot;300&quot;:&quot;https:\\\/\\\/3-lab.pl\\\/wp-content\\\/uploads\\\/2021\\\/10\\\/Projekt-bez-tytulu-1-300x250.png&quot;,&quot;500&quot;:&quot;https:\\\/\\\/3-lab.pl\\\/wp-content\\\/uploads\\\/2021\\\/10\\\/Projekt-bez-tytulu-1-500x417.png&quot;,&quot;750&quot;:&quot;https:\\\/\\\/3-lab.pl\\\/wp-content\\\/uploads\\\/2021\\\/10\\\/Projekt-bez-tytulu-1-750x625.png&quot;,&quot;1000&quot;:&quot;https:\\\/\\\/3-lab.pl\\\/wp-content\\\/uploads\\\/2021\\\/10\\\/Projekt-bez-tytulu-1-1000x833.png&quot;,&quot;1500&quot;:&quot;https:\\\/\\\/3-lab.pl\\\/wp-content\\\/uploads\\\/2021\\\/10\\\/Projekt-bez-tytulu-1-1500x1250.png&quot;,&quot;2500&quot;:&quot;https:\\\/\\\/3-lab.pl\\\/wp-content\\\/uploads\\\/2021\\\/10\\\/Projekt-bez-tytulu-1-2500x2083.png&quot;}\" src=\"data:image\/svg+xml;charset=utf-8,%3Csvg xmlns%3D'http%3A%2F%2Fwww.w3.org%2F2000%2Fsvg' viewBox%3D'0 0 1500 1250'%2F%3E\" width=\"1500\" height=\"1250\" data-src=\"https:\/\/3-lab.pl\/wp-content\/uploads\/2021\/10\/Projekt-bez-tytulu-1-1500x1250.png\" data-image-id=\"4835\" class=\"ut-adaptive-image wp-post-image skip-lazy\">\n\n        \n                        \n                    <\/figure>\n                    \n                <\/a>  \n                \n                <a href=\"https:\/\/3-lab.pl\/en\/2021\/10\/\">\n                \n                    <div class=\"date-format\">\n                        <span class=\"day\">06<\/span>\n                        <span class=\"month\">Oct 2021<\/span>\n                    <\/div>\n                \n                <\/a>\n\n            <\/div>                                                                                                                         \n\n        <\/div><!-- close ut-post-thumbnail -->\n\n                \n                \n        <a class=\"ut-blog-link\" title=\"3LAB w tygodniku Newsweek\" href=\"https:\/\/3-lab.pl\/en\/2021\/10\/06\/3lab-w-tygodniku-newsweek\/\" rel=\"bookmark\">     \n              \n            <div class=\"ut-blog-grid-content-wrap\"> \n\n                \n                    <header class=\"entry-header\">\n\n                        <h2 class=\"entry-title\">3LAB w tygodniku Newsweek<\/h2>          \n\n                    <\/header>\n                    <!-- close entry-header -->\n\n                 \n\n                <!-- entry-content -->\n                <div class=\"entry-content clearfix\">\n\n                    <p>W czwartek 23. wrze\u015bnia nasz\u0105 szko\u0142\u0119 odwiedzi\u0142a dziennikarka dzia\u0142u \"Spo\u0142ecze\u0144stwo\" z redakcji tygodnika \"Newsweek Polska\" - Pani Ma\u0142gorzata \u015awi\u0119chowicz. Przez&hellip;<\/p>\n\n                <\/div>\n                <!-- entry-content -->\n\n            <\/div>\n        \n        <\/a>\n        \n\t\t\t\t\n\t\t\t<div class=\"entry-meta clearfix\">\n\n\t\t\t\t<span class=\"author-links\"><i class=\"fa fa-user-o\"><\/i><a href=\"https:\/\/3-lab.pl\/en\/author\/kkozikowska\/\" title=\"Posts by Karolina Kozikowska\" rel=\"author\">Karolina Kozikowska<\/a><\/span>\n\n\t\t\t\t       \n\n\t\t\t<\/div>\n\t\t\n\t\t                        \n    <\/div>\n    \n<\/article>\n<!-- #post-4843 --><\/div><\/div><style type=\"text\/css\" scoped><\/style><div id=\"bklyn_btn_69e4bbe652841\" class=\"bklyn-btn-holder  bklyn-btn-center\"><a title=\"\"   href=\"http:\/\/3-lab.pl\/en\/category\/3-it-3-nav\/\" target=\"_self\" class=\"bklyn-btn  bklyn-btn-normal\" ><span class=\"ut-btn-text\">View all project entries<\/span><\/a><\/div><\/div><\/div><\/div><\/div><div class=\"vc_row-full-width vc_clearfix\"><\/div>","protected":false},"excerpt":{"rendered":"W czwartek 23. wrze\u015bnia nasz\u0105 szko\u0142\u0119 odwiedzi\u0142a dziennikarka dzia\u0142u \"Spo\u0142ecze\u0144stwo\" z redakcji tygodnika \"Newsweek Polska\" - Pani Ma\u0142gorzata \u015awi\u0119chowicz. Przez kilka godzin rozmawia\u0142a z uczniami i absolwentami naszej szko\u0142y, zadaj\u0105c im wnikliwe pytania dotycz\u0105ce pomys\u0142\u00f3w i projekt\u00f3w zrealizowanych w Pracowni Innowacji 3LAB oraz najbli\u017cszych plan\u00f3w na przysz\u0142o\u015b\u0107. Wywiadowi towarzyszy\u0142a profesjonalna sesja zdj\u0119ciowa ca\u0142ego zespo\u0142u wykonana [...]","protected":false},"author":6,"featured_media":0,"parent":0,"menu_order":0,"comment_status":"closed","ping_status":"closed","template":"","meta":{"spay_email":""},"_links":{"self":[{"href":"https:\/\/3-lab.pl\/en\/wp-json\/wp\/v2\/pages\/3509"}],"collection":[{"href":"https:\/\/3-lab.pl\/en\/wp-json\/wp\/v2\/pages"}],"about":[{"href":"https:\/\/3-lab.pl\/en\/wp-json\/wp\/v2\/types\/page"}],"author":[{"embeddable":true,"href":"https:\/\/3-lab.pl\/en\/wp-json\/wp\/v2\/users\/6"}],"replies":[{"embeddable":true,"href":"https:\/\/3-lab.pl\/en\/wp-json\/wp\/v2\/comments?post=3509"}],"version-history":[{"count":11,"href":"https:\/\/3-lab.pl\/en\/wp-json\/wp\/v2\/pages\/3509\/revisions"}],"predecessor-version":[{"id":4145,"href":"https:\/\/3-lab.pl\/en\/wp-json\/wp\/v2\/pages\/3509\/revisions\/4145"}],"wp:attachment":[{"href":"https:\/\/3-lab.pl\/en\/wp-json\/wp\/v2\/media?parent=3509"}],"curies":[{"name":"wp","href":"https:\/\/api.w.org\/{rel}","templated":true}]}}