{"id":3420,"date":"2021-01-05T16:13:47","date_gmt":"2021-01-05T15:13:47","guid":{"rendered":"http:\/\/3-lab.pl\/?page_id=3420"},"modified":"2021-01-13T22:10:14","modified_gmt":"2021-01-13T21:10:14","slug":"krotkowzrocznosc","status":"publish","type":"page","link":"https:\/\/3-lab.pl\/en\/krotkowzrocznosc\/","title":{"rendered":"Shortsightedness"},"content":{"rendered":"<div id=\"ut-row-69ecb08e01367\" data-vc-full-width=\"true\" data-vc-full-width-init=\"false\" class=\"vc_row wpb_row vc_row-fluid vc_column-gap-0 ut-row-69ecb08e0137b\" ><div class=\"wpb_column vc_column_container vc_col-sm-12\" ><div id=\"ut_inner_column_69ecb08e020da\" class=\"vc_column-inner\" ><div class=\"wpb_wrapper\"><div  class=\"wpb_content_element   clearfix\"><style type=\"text\/css\" scoped>#ut_am_69ecb08e035ad { opacity: 1; }<\/style><div id=\"ut_am_wrap_69ecb08e035af\" class=\"ut-image-gallery-image\" style=\"text-align:center;\"><div class=\"ut-animated-image-item ut-image-gallery-item ut-animation-done\"><a class=\"ut-deactivated-link\" href=\"#\"><img  id=\"ut_am_69ecb08e035ad\" style=\"\" src=\"https:\/\/3-lab.pl\/wp-content\/uploads\/2019\/11\/krotkowzrocznosc-600x250.jpg\" width=\"600\" height=\"250\" alt=\"\"\/><\/a><\/div><\/div><\/div><\/div><\/div><\/div><div class=\"wpb_column vc_column_container vc_col-sm-12\" ><div id=\"ut_inner_column_69ecb08e037c8\" class=\"vc_column-inner\" ><div class=\"wpb_wrapper\"><\/div><\/div><\/div><\/div><div class=\"vc_row-full-width vc_clearfix\"><\/div><div id=\"ut-row-69ecb08e03d68\" data-vc-full-width=\"true\" data-vc-full-width-init=\"false\" class=\"vc_row wpb_row vc_row-fluid vc_column-gap-0 ut-row-69ecb08e03d76\" ><div class=\"wpb_column vc_column_container vc_col-sm-12\" ><div id=\"ut_inner_column_69ecb08e04213\" class=\"vc_column-inner\" ><div class=\"wpb_wrapper\"><div class=\"wpb_content_element\"><style type=\"text\/css\" scoped>#ut_accordion_69ecb08e0433f .ut-accordion-module-item.open .ut-accordion-module-heading { color: rgba(0, 179, 227, 1) !important }#ut_accordion_69ecb08e0433f .ut-accordion-module-heading:hover { color: rgba(0, 179, 227, 1) !important }#ut_accordion_69ecb08e0433f .ut-accordion-module-heading:active { color: rgba(0, 179, 227, 1) !important }#ut_accordion_69ecb08e0433f .ut-accordion-module-heading:focus { color: rgba(0, 179, 227, 1) !important }#ut_accordion_69ecb08e0433f .ut-accordion-module-item { border-top-style:solid; }#ut_accordion_69ecb08e0433f .ut-accordion-module-item:last-child { border-top-style:solid; border-bottom-style:solid; }<\/style>                \r\n                <script type=\"text\/javascript\">\r\n                \r\n                    (function($){\r\n                                                \r\n                        $(document).ready(function(){\r\n                            \r\n                            $('#ut_accordion_69ecb08e0433f [data-accordion]').accordion({\r\n                                \"transitionSpeed\"  : 400,\r\n                                \"singleOpen\"       : true,\r\n                                \"transitionEasing\" : \"ease\",\r\n                            });                            \r\n                    \r\n                        });\r\n                            \r\n                    })(jQuery);\r\n            \r\n                <\/script>\r\n                \r\n            <div id=\"ut_accordion_69ecb08e0433f\" data-accordion-group class=\"ut-accordion-module  ut-accordion-module-with-border\"><div data-accordion class=\"ut-accordion-module-item  open\"><h3 data-control class=\"ut-accordion-module-heading\" data-counter=\"1\">Project description<\/h3><div data-content class=\"ut-accordion-module-content\"><div class=\"ut-accordion-module-inner entry-content clearfix\"><strong>Status:<\/strong><span style=\"color: #ff1a1a;\"><strong> Completed<\/strong><\/span><\/p>\n<p>The aim of my project was to present upward tendency of shortsightedness occurance by kids and teenagers. Special consideration was granted to acceleration of cyvilization and technology development. For last few weeks, I was investigating relation of shortsightedness occurance and age in group of kids and teenagers (4-25 years old).<\/p>\n<ul>\n<li>I managed to pursue anonymus survey among 660 people. My research revealed that proportion of shortsighter rises with age. (I analysed amount and age of people, who reported shortsightedness at medical centre.)<\/li>\n<li>Main initiative coming from my project is to create Polish Naionwide Association of Volonteers Battling Schortsightedness, whose members would continue my idea of preventing shortsightedness of kids and teenagers by conducting free awareness-raising workshops and profilactic screening in kindergardens.<\/li>\n<\/ul>\n<p><\/div><\/div><\/div><div data-accordion class=\"ut-accordion-module-item\"><h3 data-control class=\"ut-accordion-module-heading\" data-counter=\"2\">Team<\/h3><div data-content class=\"ut-accordion-module-content\"><div class=\"ut-accordion-module-inner entry-content clearfix\"><strong>Scientific and substantial support:<\/strong><\/p>\n<ul>\n<li>Anna Rzepa \u2013 III LO w Gdynii- substantive supervisor<\/li>\n<\/ul>\n<p><strong>Project members:<\/strong><\/p>\n<ul>\n<li>Julia Kropid\u0142owska \u2013 III LO w Gdyni \u2013the author of the project<\/li>\n<\/ul>\n<p><\/div><\/div><\/div><div data-accordion class=\"ut-accordion-module-item\"><h3 data-control class=\"ut-accordion-module-heading\" data-counter=\"3\">Awards<\/h3><div data-content class=\"ut-accordion-module-content\"><div class=\"ut-accordion-module-inner entry-content clearfix\"><\/p>\n<ul>\n<li>regional finalist of Polish National Innovativeness and Inventiveness Olympiad 2019<\/li>\n<\/ul>\n<p><img class=\"alignnone size-full wp-image-1487\" src=\"http:\/\/3-lab.pl\/wp-content\/uploads\/2019\/12\/INN-LOGO.png\" alt=\"\" width=\"247\" height=\"204\" \/><\/div><\/div><\/div><div data-accordion class=\"ut-accordion-module-item\"><h3 data-control class=\"ut-accordion-module-heading\" data-counter=\"4\">Attachments and Links<\/h3><div data-content class=\"ut-accordion-module-content\"><div class=\"ut-accordion-module-inner entry-content clearfix\"><a href=\"http:\/\/3-lab.pl\/en\/wp-content\/uploads\/2019\/12\/olimpiada-innowacji-pdf-1.pdf\/\">Innovativeness and Inventiveness Olympiad official website\u00a0<\/a><\/div><\/div><\/div><\/div><\/div><\/div><\/div><\/div><\/div><div class=\"vc_row-full-width vc_clearfix\"><\/div><div id=\"ut-row-69ecb08e04903\" data-vc-full-width=\"true\" data-vc-full-width-init=\"false\" class=\"vc_row wpb_row vc_row-fluid vc_column-gap-0 ut-row-69ecb08e0490d\" ><div class=\"wpb_column vc_column_container vc_col-sm-12\" ><div id=\"ut_inner_column_69ecb08e04e81\" class=\"vc_column-inner\" ><div class=\"wpb_wrapper\"><style type=\"text\/css\" scoped><\/style><div id=\"ut_blog_grid_69ecb08e04fa5\" class=\"ut-blog-grid-module blog\"><div class=\"ut-blog-grid clearfix\">\n<article id=\"post-4954\" class=\"grid-33 tablet-grid-50 mobile-grid-100 ut-blog-grid-article clearfix post-4954 post type-post status-publish format-standard has-post-thumbnail hentry category-3-it-3-card category-3-it-3-nav category-3-it-jit-agile category-3-sat category-3-sat2 category-3-class category-art-garden-dziki-zakatek category-art-studio category-art-studio-kierunek-zwiedzania category-art-ups category-gietkie-mikroinwazyjne-urzadzenie-endoskopowe category-czlowiek-2 category-czlowiek category-eml category-extremebox category-future category-hackatony category-harc2020 category-inne-projekty category-inteligentna-apteczka-dla-polarnikow category-interfejs-mozg-mozg category-kapsula-z-kontrolowana-atmosfera category-korki-tv category-krotkowzrocznosc category-med category-ps category-pierwsi-widzowie category-bez-kategorii category-space\">\n    \n    <div class=\"ut-blog-grid-article-inner\">\n    \t\n\t\t\t\t\n                        \n\n        <!-- ut-post-thumbnail -->\n        <div class=\"ut-post-thumbnail\">     \n\n            <div class=\"entry-thumbnail\">\n\n                \n                <a title=\"Permanent Link to 3LAB w miesi\u0119czniku FOCUS\" href=\"https:\/\/3-lab.pl\/en\/2021\/11\/05\/3lab-w-miesieczniku-focus\/\">                \n                    \n                    <figure class=\"ut-post-thumbnail-caption-wrap\">\n\n                        \n        <img data-adaptive-images=\"{&quot;300&quot;:&quot;https:\\\/\\\/3-lab.pl\\\/wp-content\\\/uploads\\\/2021\\\/10\\\/Projekt-bez-tytulu-2-300x250.png&quot;,&quot;500&quot;:&quot;https:\\\/\\\/3-lab.pl\\\/wp-content\\\/uploads\\\/2021\\\/10\\\/Projekt-bez-tytulu-2-500x417.png&quot;,&quot;750&quot;:&quot;https:\\\/\\\/3-lab.pl\\\/wp-content\\\/uploads\\\/2021\\\/10\\\/Projekt-bez-tytulu-2-750x625.png&quot;,&quot;1000&quot;:&quot;https:\\\/\\\/3-lab.pl\\\/wp-content\\\/uploads\\\/2021\\\/10\\\/Projekt-bez-tytulu-2-1000x833.png&quot;,&quot;1500&quot;:&quot;https:\\\/\\\/3-lab.pl\\\/wp-content\\\/uploads\\\/2021\\\/10\\\/Projekt-bez-tytulu-2-1500x1250.png&quot;,&quot;2500&quot;:&quot;https:\\\/\\\/3-lab.pl\\\/wp-content\\\/uploads\\\/2021\\\/10\\\/Projekt-bez-tytulu-2-2500x2083.png&quot;}\" src=\"data:image\/svg+xml;charset=utf-8,%3Csvg xmlns%3D'http%3A%2F%2Fwww.w3.org%2F2000%2Fsvg' viewBox%3D'0 0 1500 1250'%2F%3E\" width=\"1500\" height=\"1250\" data-src=\"https:\/\/3-lab.pl\/wp-content\/uploads\/2021\/10\/Projekt-bez-tytulu-2-1500x1250.png\" data-image-id=\"4840\" class=\"ut-adaptive-image wp-post-image skip-lazy\">\n\n        \n                        \n                    <\/figure>\n                    \n                <\/a>  \n                \n                <a href=\"https:\/\/3-lab.pl\/en\/2021\/11\/\">\n                \n                    <div class=\"date-format\">\n                        <span class=\"day\">05<\/span>\n                        <span class=\"month\">Nov 2021<\/span>\n                    <\/div>\n                \n                <\/a>\n\n            <\/div>                                                                                                                         \n\n        <\/div><!-- close ut-post-thumbnail -->\n\n                \n                \n        <a class=\"ut-blog-link\" title=\"3LAB w miesi\u0119czniku FOCUS\" href=\"https:\/\/3-lab.pl\/en\/2021\/11\/05\/3lab-w-miesieczniku-focus\/\" rel=\"bookmark\">     \n              \n            <div class=\"ut-blog-grid-content-wrap\"> \n\n                \n                    <header class=\"entry-header\">\n\n                        <h2 class=\"entry-title\">3LAB w miesi\u0119czniku FOCUS<\/h2>          \n\n                    <\/header>\n                    <!-- close entry-header -->\n\n                 \n\n                <!-- entry-content -->\n                <div class=\"entry-content clearfix\">\n\n                    <p>Zapraszamy do lektury artyku\u0142u o Pracowni 3LAB, kt\u00f3ry ukaza\u0142 si\u0119 w listopadowym wydaniu miesi\u0119cznika FOCUS. Powsta\u0142 on na podstawie wywiadu&hellip;<\/p>\n\n                <\/div>\n                <!-- entry-content -->\n\n            <\/div>\n        \n        <\/a>\n        \n\t\t\t\t\n\t\t\t<div class=\"entry-meta clearfix\">\n\n\t\t\t\t<span class=\"author-links\"><i class=\"fa fa-user-o\"><\/i><a href=\"https:\/\/3-lab.pl\/en\/author\/kkozikowska\/\" title=\"Posts by Karolina Kozikowska\" rel=\"author\">Karolina Kozikowska<\/a><\/span>\n\n\t\t\t\t       \n\n\t\t\t<\/div>\n\t\t\n\t\t                        \n    <\/div>\n    \n<\/article>\n<!-- #post-4954 -->\n<article id=\"post-1517\" class=\"grid-33 tablet-grid-50 mobile-grid-100 ut-blog-grid-article clearfix post-1517 post type-post status-publish format-standard has-post-thumbnail hentry category-krotkowzrocznosc\">\n    \n    <div class=\"ut-blog-grid-article-inner\">\n    \t\n\t\t\t\t\n                        \n\n        <!-- ut-post-thumbnail -->\n        <div class=\"ut-post-thumbnail\">     \n\n            <div class=\"entry-thumbnail\">\n\n                \n                <a title=\"Permanent Link to Projekt &#8222;Kr\u00f3tkowzroczno\u015b\u0107&#8221; w Finale Regionalnym Og\u00f3lnopolskiej Olimpiady Innowacyjno\u015bci i Wynalazczo\u015bci\" href=\"https:\/\/3-lab.pl\/en\/2019\/07\/07\/1517\/\">                \n                    \n                    <figure class=\"ut-post-thumbnail-caption-wrap\">\n\n                        \n        <img data-adaptive-images=\"{&quot;300&quot;:&quot;https:\\\/\\\/3-lab.pl\\\/wp-content\\\/uploads\\\/2019\\\/12\\\/INN-LOGO-300x250.png&quot;,&quot;500&quot;:&quot;https:\\\/\\\/3-lab.pl\\\/wp-content\\\/uploads\\\/2019\\\/12\\\/INN-LOGO-500x417.png&quot;,&quot;750&quot;:&quot;https:\\\/\\\/3-lab.pl\\\/wp-content\\\/uploads\\\/2019\\\/12\\\/INN-LOGO-750x625.png&quot;,&quot;1000&quot;:&quot;https:\\\/\\\/3-lab.pl\\\/wp-content\\\/uploads\\\/2019\\\/12\\\/INN-LOGO-1000x833.png&quot;,&quot;1500&quot;:&quot;https:\\\/\\\/3-lab.pl\\\/wp-content\\\/uploads\\\/2019\\\/12\\\/INN-LOGO-1500x1250.png&quot;,&quot;2500&quot;:&quot;https:\\\/\\\/3-lab.pl\\\/wp-content\\\/uploads\\\/2019\\\/12\\\/INN-LOGO-2500x2083.png&quot;}\" src=\"data:image\/svg+xml;charset=utf-8,%3Csvg xmlns%3D'http%3A%2F%2Fwww.w3.org%2F2000%2Fsvg' viewBox%3D'0 0 1500 1250'%2F%3E\" width=\"1500\" height=\"1250\" data-src=\"https:\/\/3-lab.pl\/wp-content\/uploads\/2019\/12\/INN-LOGO-1500x1250.png\" data-image-id=\"1487\" class=\"ut-adaptive-image wp-post-image skip-lazy\">\n\n        \n                        \n                    <\/figure>\n                    \n                <\/a>  \n                \n                <a href=\"https:\/\/3-lab.pl\/en\/2019\/07\/\">\n                \n                    <div class=\"date-format\">\n                        <span class=\"day\">07<\/span>\n                        <span class=\"month\">Jul 2019<\/span>\n                    <\/div>\n                \n                <\/a>\n\n            <\/div>                                                                                                                         \n\n        <\/div><!-- close ut-post-thumbnail -->\n\n                \n                \n        <a class=\"ut-blog-link\" title=\"Projekt &#8222;Kr\u00f3tkowzroczno\u015b\u0107&#8221; w Finale Regionalnym Og\u00f3lnopolskiej Olimpiady Innowacyjno\u015bci i Wynalazczo\u015bci\" href=\"https:\/\/3-lab.pl\/en\/2019\/07\/07\/1517\/\" rel=\"bookmark\">     \n              \n            <div class=\"ut-blog-grid-content-wrap\"> \n\n                \n                    <header class=\"entry-header\">\n\n                        <h2 class=\"entry-title\">Project \"Kr\u00f3tkowzroczno\u015b\u0107\"(\"Shortsightedness\") in the Polish National Innovativeness and Inventiveness  Olympiad Finals<\/h2>          \n\n                    <\/header>\n                    <!-- close entry-header -->\n\n                 \n\n                <!-- entry-content -->\n                <div class=\"entry-content clearfix\">\n\n                    <p>Mi\u0142o nam poinformowa\u0107, i\u017c Julia Kropid\u0142owska z III LO w Gdyni - autorka projektu \"Kr\u00f3tkowzroczno\u015b\u0107\" - uzyska\u0142a tytu\u0142 Finalistki Regionalnej&hellip;<\/p>\n\n                <\/div>\n                <!-- entry-content -->\n\n            <\/div>\n        \n        <\/a>\n        \n\t\t\t\t\n\t\t\t<div class=\"entry-meta clearfix\">\n\n\t\t\t\t<span class=\"author-links\"><i class=\"fa fa-user-o\"><\/i><a href=\"https:\/\/3-lab.pl\/en\/author\/anna-rzepa\/\" title=\"Posts by Anna Rzepa\" rel=\"author\">Anna Rzepa<\/a><\/span>\n\n\t\t\t\t       \n\n\t\t\t<\/div>\n\t\t\n\t\t                        \n    <\/div>\n    \n<\/article>\n<!-- #post-1517 --><\/div><\/div><style type=\"text\/css\" scoped><\/style><div id=\"bklyn_btn_69ecb08e1d3af\" class=\"bklyn-btn-holder  bklyn-btn-center\"><a title=\"\"   href=\"#\" target=\"_self\" class=\"bklyn-btn  bklyn-btn-normal\" ><span class=\"ut-btn-text\">View all project entries<\/span><\/a><\/div><\/div><\/div><\/div><\/div><div class=\"vc_row-full-width vc_clearfix\"><\/div>","protected":false},"excerpt":{"rendered":"Mi\u0142o nam poinformowa\u0107, i\u017c Julia Kropid\u0142owska z III LO w Gdyni - autorka projektu \"Kr\u00f3tkowzroczno\u015b\u0107\" - uzyska\u0142a tytu\u0142 Finalistki Regionalnej Og\u00f3lnopolskiej Olimpiady Innowacyjno\u015bci i Wynalazczo\u015bci.","protected":false},"author":6,"featured_media":0,"parent":0,"menu_order":0,"comment_status":"closed","ping_status":"closed","template":"","meta":{"spay_email":""},"_links":{"self":[{"href":"https:\/\/3-lab.pl\/en\/wp-json\/wp\/v2\/pages\/3420"}],"collection":[{"href":"https:\/\/3-lab.pl\/en\/wp-json\/wp\/v2\/pages"}],"about":[{"href":"https:\/\/3-lab.pl\/en\/wp-json\/wp\/v2\/types\/page"}],"author":[{"embeddable":true,"href":"https:\/\/3-lab.pl\/en\/wp-json\/wp\/v2\/users\/6"}],"replies":[{"embeddable":true,"href":"https:\/\/3-lab.pl\/en\/wp-json\/wp\/v2\/comments?post=3420"}],"version-history":[{"count":8,"href":"https:\/\/3-lab.pl\/en\/wp-json\/wp\/v2\/pages\/3420\/revisions"}],"predecessor-version":[{"id":3853,"href":"https:\/\/3-lab.pl\/en\/wp-json\/wp\/v2\/pages\/3420\/revisions\/3853"}],"wp:attachment":[{"href":"https:\/\/3-lab.pl\/en\/wp-json\/wp\/v2\/media?parent=3420"}],"curies":[{"name":"wp","href":"https:\/\/api.w.org\/{rel}","templated":true}]}}