{"id":3407,"date":"2020-10-12T19:53:07","date_gmt":"2020-10-12T17:53:07","guid":{"rendered":"http:\/\/3-lab.pl\/?page_id=3407"},"modified":"2024-04-17T00:28:13","modified_gmt":"2024-04-16T22:28:13","slug":"extremebox","status":"publish","type":"page","link":"https:\/\/3-lab.pl\/en\/extremebox\/","title":{"rendered":"Extremebox"},"content":{"rendered":"<div id=\"ut-row-69dee17e46526\" data-vc-full-width=\"true\" data-vc-full-width-init=\"false\" class=\"vc_row wpb_row vc_row-fluid vc_column-gap-0 ut-row-69dee17e46535\" ><div class=\"wpb_column vc_column_container vc_col-sm-12\" ><div id=\"ut_inner_column_69dee17e470bd\" class=\"vc_column-inner\" ><div class=\"wpb_wrapper\"><div  class=\"wpb_content_element   clearfix\"><style type=\"text\/css\" scoped>#ut_am_69dee17e47815 { opacity: 1; }<\/style><div id=\"ut_am_wrap_69dee17e47816\" class=\"ut-image-gallery-image\" style=\"text-align:center;\"><div class=\"ut-animated-image-item ut-image-gallery-item ut-animation-done\"><a class=\"ut-deactivated-link\" href=\"#\"><img  id=\"ut_am_69dee17e47815\" style=\"\" src=\"https:\/\/3-lab.pl\/wp-content\/uploads\/2021\/02\/Extreme-700x380.png\" width=\"700\" height=\"380\" alt=\"\"\/><\/a><\/div><\/div><\/div><\/div><\/div><\/div><\/div><div class=\"vc_row-full-width vc_clearfix\"><\/div><div id=\"ut-row-69dee17e47d15\" data-vc-full-width=\"true\" data-vc-full-width-init=\"false\" class=\"vc_row wpb_row vc_row-fluid vc_column-gap-0 ut-row-69dee17e47d1f\" ><div class=\"wpb_column vc_column_container vc_col-sm-12\" ><div id=\"ut_inner_column_69dee17e48138\" class=\"vc_column-inner\" ><div class=\"wpb_wrapper\"><div class=\"wpb_content_element\"><style type=\"text\/css\" scoped>#ut_accordion_69dee17e4824a .ut-accordion-module-item.open .ut-accordion-module-heading { color: rgba(0, 179, 227, 1) !important }#ut_accordion_69dee17e4824a .ut-accordion-module-heading:hover { color: rgba(0, 179, 227, 1) !important }#ut_accordion_69dee17e4824a .ut-accordion-module-heading:active { color: rgba(0, 179, 227, 1) !important }#ut_accordion_69dee17e4824a .ut-accordion-module-heading:focus { color: rgba(0, 179, 227, 1) !important }#ut_accordion_69dee17e4824a .ut-accordion-module-item { border-top-style:solid; }#ut_accordion_69dee17e4824a .ut-accordion-module-item:last-child { border-top-style:solid; border-bottom-style:solid; }<\/style>                \r\n                <script type=\"text\/javascript\">\r\n                \r\n                    (function($){\r\n                                                \r\n                        $(document).ready(function(){\r\n                            \r\n                            $('#ut_accordion_69dee17e4824a [data-accordion]').accordion({\r\n                                \"transitionSpeed\"  : 400,\r\n                                \"singleOpen\"       : true,\r\n                                \"transitionEasing\" : \"ease\",\r\n                            });                            \r\n                    \r\n                        });\r\n                            \r\n                    })(jQuery);\r\n            \r\n                <\/script>\r\n                \r\n            <div id=\"ut_accordion_69dee17e4824a\" data-accordion-group class=\"ut-accordion-module  ut-accordion-module-with-border\"><div data-accordion class=\"ut-accordion-module-item\"><h3 data-control class=\"ut-accordion-module-heading\" data-counter=\"1\">II Edycja Projektu<\/h3><div data-content class=\"ut-accordion-module-content\"><div class=\"ut-accordion-module-inner entry-content clearfix\"><\/p>\n<div dir=\"auto\"><img class=\"wp-image-4913 aligncenter\" src=\"http:\/\/3-lab.pl\/wp-content\/uploads\/2021\/10\/thumbnail_LogoBox2poprawiony.png\" alt=\"\" width=\"494\" height=\"279\" srcset=\"https:\/\/3-lab.pl\/wp-content\/uploads\/2021\/10\/thumbnail_LogoBox2poprawiony.png 1280w, https:\/\/3-lab.pl\/wp-content\/uploads\/2021\/10\/thumbnail_LogoBox2poprawiony-650x366.png 650w, https:\/\/3-lab.pl\/wp-content\/uploads\/2021\/10\/thumbnail_LogoBox2poprawiony-768x432.png 768w, https:\/\/3-lab.pl\/wp-content\/uploads\/2021\/10\/thumbnail_LogoBox2poprawiony-16x9.png 16w\" sizes=\"(max-width: 494px) 100vw, 494px\" \/><\/div>\n<div dir=\"auto\">\n<p><span style=\"font-weight: 400;\">Maj\u0105c na uwadze zmiany klimatyczne stworzyli\u015bmy wyjatkowe urz\u0105dzenie. Ide\u0105 systemu jest bycie przyst\u0119pnym i wytrzyma\u0142ym narz\u0119dziem do pomiaru zmian klimatycznych w warunkach polarnych, kt\u00f3re silnie nie sprzyjaj\u0105 takim badaniom. Potrzeba na urz\u0105dzenie istnieje, poniewa\u017c du\u017ce stacje badawcze s\u0105 niezwykle kosztowne, ale niestety r\u00f3wnie\u017c awaryjne.<\/span><\/p>\n<p><span style=\"font-weight: 400;\">ExtremeBox dzi\u0119ki niewielkiemu poborowi pr\u0105du przez mikrokontroler, stosunkowo prostej budowie oraz wytrzyma\u0142ym materia\u0142om, z kt\u00f3rych powsta\u0142 stanowi idealne rozwi\u0105zanie tego problemu. <\/span><\/p>\n<p><strong>Prototyp urz\u0105dzenia wykonanego w ramach pierwszej edycji projektu ju\u017c 5 listopada zostanie przekazany Panu Dr Adamowi Nawrotowi, wieloletniemu polarnikowi do test\u00f3w w bazie na Antarktydzie. Podr\u00f3\u017c pierwszego ExtremeBox\u2019a b\u0119dzie na bie\u017c\u0105co pokazywana na stronie.<\/strong><\/p>\n<p><strong>II Edycja projektu ExtremeBox:<\/strong><\/p>\n<p><span style=\"font-weight: 400;\">Druga edycja zak\u0142ada wdro\u017cenie \u0142\u0105czenia urz\u0105dze\u0144 w sie\u0107, aby umo\u017cliwi\u0107 badania wi\u0119kszego obszaru, co zwi\u0119kszy u\u017cyteczno\u015b\u0107 systemu.\u00a0<\/span><\/p>\n<p><span style=\"font-weight: 400;\">Badania nad klimatem, szczeg\u00f3lnie te dotycz\u0105ce lodowc\u00f3w s\u0105 dla nas jako uczni\u00f3w Gdy\u0144skiej Tr\u00f3jki bardzo wa\u017cne. Je\u015bli sytuacja klimatyczna na \u015bwiecie nie poprawi si\u0119 w ci\u0105gu 10 nast\u0119pnych lat, klimatolodzy ostrzegaj\u0105, \u017ce cz\u0119\u015b\u0107 nadmorskich miejscowo\u015bci w tym Gdynia, mo\u017ce zosta\u0107 zalana ju\u017c w 2100 roku. Wyniki bada\u0144, kt\u00f3re b\u0119dzie prowadzi\u0142 system ExtremeBox mog\u0105 pom\u00f3c poprawi\u0107 t\u0119 sytuacj\u0119. Bez informacji na temat topnienia lodowc\u00f3w nie jeste\u015bmy w stanie nic z tym zrobi\u0107, natomiast maj\u0105c tak\u0105 wiedz\u0119 mo\u017cemy j\u0105 wykorzysta\u0107 do wprowadzenia pozytywnych zmian dla dobra planety i wszystkich ludzi.<\/span><\/p>\n<p><span style=\"font-weight: 400;\">Do stworzenia tego projektu nie wystarczy\u0142y jednak tylko ch\u0119ci do dzia\u0142ania. Chcieliby\u015bmy serdecznie podzi\u0119kowa\u0107 ludziom, z kt\u00f3rymi mieli\u015bmy okazj\u0119 rozmawia\u0107 i otrzymali\u015bmy rekomendacj\u0119, czyli Panu prof. dr hab. Markowi Lewandowskiemu i Panu prof. dr hab. Krzysztofowi Migale, szczeg\u00f3lne podzi\u0119kowania kierujemy r\u00f3wnie\u017c do Pana Jakuba Zdroika, opiekuna in\u017cynieryjnego projektu i Pana Dr Adama Nawrota, opiekuna merytorycznego.<\/span><\/p>\n<p><strong>Je\u015bli chcieliby\u015bcie dowiedzie\u0107 si\u0119 czego\u015b jeszcze na temat jak nasz projekt dzia\u0142a, na wszelkie pytania dotycz\u0105ce kwestii klimatycznych i in\u017cynieryjnych, zesp\u00f3\u0142 odpowiedzialny za ExtremeBox\u2019a ch\u0119tnie odpowie. <\/strong><\/p>\n<p><strong>Mo\u017cecie kierowa\u0107 je bezpo\u015brednio do naszego lidera Roberta Mi\u015bkiewicza na adres maseron652@gmail.com.<\/strong><\/p>\n<p><strong>Ekipa projektowa:<\/strong><\/p>\n<p><span style=\"font-weight: 400;\">Robert Mi\u015bkiewicz &#8211; lider projektu odpowiedzialny za energooszcz\u0119dno\u015b\u0107 systemu i komunikacj\u0119 LoRaWAN<\/span><\/p>\n<p><span style=\"font-weight: 400;\">Ignacy \u0141ubi\u0144ski &#8211; konstrukcja obudowy ExtremeBox\u2019a, monta\u017c oraz dob\u00f3r materia\u0142\u00f3w do wykonania urz\u0105dzenia<\/span><\/p>\n<p><span style=\"font-weight: 400;\">Bartosz Kostarczyk &#8211; dob\u00f3r czujnik\u00f3w, oprogramowanie odbiornika i mo\u017cliwe zastosowania systemu<\/span><\/p>\n<p><span style=\"font-weight: 400;\">Aleksandra Kaczmarek &#8211; koordynatorka medialna<\/span><\/p>\n<p>Jakub Zdroik &#8211; opiekun in\u017cynieryjny projektu<\/p>\n<p>dr Adam Nawrot &#8211; opiekun merytoryczny<\/p>\n<p>Anna Rzepa &#8211; opiekun naukowy projektu ze strony III LO w Gdyni<\/p>\n\r\n            <style type='text\/css'>\r\n                #gallery-1 {\r\n                    margin: auto;\r\n                }\r\n                #gallery-1 .gallery-item {\r\n                    float: left;\r\n                    margin-top: 10px;\r\n                    text-align: center;\r\n                    width: 33%;\r\n                }\r\n                #gallery-1 img {\r\n                    border: 2px solid #cfcfcf;\r\n                }\r\n                #gallery-1 .gallery-caption {\r\n                    margin-left: 0;\r\n                }\r\n                \r\n                \r\n                \r\n                \/* see gallery_shortcode() in wp-includes\/media.php *\/\r\n            <\/style>\n\t\t<div id='gallery-1' class='gallery galleryid-3407 gallery-columns-3 gallery-size-thumbnail'><dl class='gallery-item'>\r\n                <dt class='gallery-icon portrait'>\r\n                    <a href='https:\/\/3-lab.pl\/en\/2021\/10\/31\/extreembox-wyrusza-na-antarktyde\/thumbnail_1635693768372\/#main'><img width=\"325\" height=\"217\" src=\"https:\/\/3-lab.pl\/wp-content\/uploads\/2021\/10\/thumbnail_1635693768372-325x217.jpeg\" class=\"attachment-thumbnail size-thumbnail\" alt=\"\" \/><\/a>\r\n                <\/dt><\/dl><dl class='gallery-item'>\r\n                <dt class='gallery-icon landscape'>\r\n                    <a href='https:\/\/3-lab.pl\/en\/2021\/10\/31\/extreembox-wyrusza-na-antarktyde\/thumbnail_img_20200621_100359\/#main'><img width=\"325\" height=\"217\" src=\"https:\/\/3-lab.pl\/wp-content\/uploads\/2021\/10\/thumbnail_IMG_20200621_100359-325x217.jpeg\" class=\"attachment-thumbnail size-thumbnail\" alt=\"\" srcset=\"https:\/\/3-lab.pl\/wp-content\/uploads\/2021\/10\/thumbnail_IMG_20200621_100359-325x217.jpeg 325w, https:\/\/3-lab.pl\/wp-content\/uploads\/2021\/10\/thumbnail_IMG_20200621_100359-16x12.jpeg 16w\" sizes=\"(max-width: 325px) 100vw, 325px\" \/><\/a>\r\n                <\/dt><\/dl><dl class='gallery-item'>\r\n                <dt class='gallery-icon landscape'>\r\n                    <a href='https:\/\/3-lab.pl\/en\/2021\/10\/31\/extreembox-wyrusza-na-antarktyde\/thumbnail_1635693706507\/#main'><img width=\"325\" height=\"217\" src=\"https:\/\/3-lab.pl\/wp-content\/uploads\/2021\/10\/thumbnail_1635693706507-325x217.jpeg\" class=\"attachment-thumbnail size-thumbnail\" alt=\"\" srcset=\"https:\/\/3-lab.pl\/wp-content\/uploads\/2021\/10\/thumbnail_1635693706507-325x217.jpeg 325w, https:\/\/3-lab.pl\/wp-content\/uploads\/2021\/10\/thumbnail_1635693706507-16x12.jpeg 16w\" sizes=\"(max-width: 325px) 100vw, 325px\" \/><\/a>\r\n                <\/dt><\/dl><br style=\"clear: both\" \/><\/div>\n\n<\/div>\n<div dir=\"auto\"><\/div>\n<p><\/div><\/div><\/div><div data-accordion class=\"ut-accordion-module-item\"><h3 data-control class=\"ut-accordion-module-heading\" data-counter=\"2\">I Edycja Projektu<\/h3><div data-content class=\"ut-accordion-module-content\"><div class=\"ut-accordion-module-inner entry-content clearfix\"><\/p>\n<div dir=\"auto\" style=\"text-align: left;\">Extremebox is a project that was initiated by dr. Adam Nawrot (from the Institute of Geophysics of the Polish Academy of Sciences in cooperation with the forScience foundation), who is the content supervisor.<\/div>\n<div dir=\"auto\">The project works are also supported by Mr. Jakub Zdroik from the University of Gda\u0144sk as an engineering supervisor.<\/div>\n<div dir=\"auto\">Etremebox is a small-sized research station that will have to withstand extreme weather conditions and collect data on its own for 2 years. Tests of this station will take place in Hel in order to check the durability of the device under the influence of sea waves and unfavorable temperatures. The main goal is to collect as much information as possible for further research into the region.<\/div>\n<div dir=\"auto\"><\/div>\n<div dir=\"auto\">Main goals of the project are:<\/div>\n<p>1. Building an independent research station that can be used in extreme conditions<\/p>\n<p>2. Usage of Lora Wan technology<\/p>\n<p>3. Selection and installation of sensors<\/p>\n<p>4. Testing of the station<\/p>\n<p><\/div><\/div><\/div><div data-accordion class=\"ut-accordion-module-item\"><h3 data-control class=\"ut-accordion-module-heading\" data-counter=\"3\">Team<\/h3><div data-content class=\"ut-accordion-module-content\"><div class=\"ut-accordion-module-inner entry-content clearfix\"><strong>Scientific and substantial support:<\/strong><\/p>\n<ul>\n<li>Dr Adam Nawrot \u2013 Instytut Geofizyki Polskiej Akademii Nauk (Institute of Geophysics of the Polish Academy of Sciences) and ForScience Fundation<\/li>\n<li>Jakub Zdroik - Engineering Supervisor<\/li>\n<\/ul>\n<p><strong>Project members:<\/strong><\/p>\n<ul>\n<li>\n<div dir=\"auto\">Anna Rzepa - Coordinator of the project<\/div>\n<\/li>\n<li>\n<div dir=\"auto\">Robert Mi\u015bkiewicz - Team Leader<\/div>\n<\/li>\n<li>\n<div dir=\"auto\">Bartosz Kostarczyk<\/div>\n<\/li>\n<li>\n<div dir=\"auto\">Ignacy Lubi\u0144ski<\/div>\n<\/li>\n<\/ul>\n<p><\/div><\/div><\/div><div data-accordion class=\"ut-accordion-module-item\"><h3 data-control class=\"ut-accordion-module-heading\" data-counter=\"4\">Attachments and Links<\/h3><div data-content class=\"ut-accordion-module-content\"><div class=\"ut-accordion-module-inner entry-content clearfix\"><a href=\"http:\/\/forscience.pl\/language\/pl\/\">Forscience strona<\/a><\/div><\/div><\/div><\/div><\/div><\/div><\/div><\/div><\/div><div class=\"vc_row-full-width vc_clearfix\"><\/div><div id=\"ut-row-69dee17e49be0\" data-vc-full-width=\"true\" data-vc-full-width-init=\"false\" class=\"vc_row wpb_row vc_row-fluid vc_column-gap-0 ut-row-69dee17e49bea\" ><div class=\"wpb_column vc_column_container vc_col-sm-12\" ><div id=\"ut_inner_column_69dee17e49fbc\" class=\"vc_column-inner\" ><div class=\"wpb_wrapper\"><style type=\"text\/css\" scoped><\/style><div id=\"ut_blog_grid_69dee17e4a089\" class=\"ut-blog-grid-module blog\"><div class=\"ut-blog-grid clearfix\"><\/div><\/div><style type=\"text\/css\" scoped><\/style><div id=\"bklyn_btn_69dee17e4a8bb\" class=\"bklyn-btn-holder  bklyn-btn-center\"><a title=\"\"   href=\"http:\/\/3-lab.pl\/en\/category\/extrembox\/\" target=\"_self\" class=\"bklyn-btn  bklyn-btn-normal\" ><span class=\"ut-btn-text\">View all project entries<\/span><\/a><\/div><\/div><\/div><\/div><\/div><div class=\"vc_row-full-width vc_clearfix\"><\/div>","protected":false},"excerpt":{"rendered":"#ut_am_69dee17e4b7b3 { opacity: 1; }#ut_accordion_69dee17e4bf6a .ut-accordion-module-item.open .ut-accordion-module-heading { color: rgba(0, 179, 227, 1) !important }#ut_accordion_69dee17e4bf6a .ut-accordion-module-heading:hover { color: rgba(0, 179, 227, 1) !important }#ut_accordion_69dee17e4bf6a .ut-accordion-module-heading:active { color: rgba(0, 179, 227, 1) !important }#ut_accordion_69dee17e4bf6a .ut-accordion-module-heading:focus { color: rgba(0, 179, 227, 1) !important }#ut_accordion_69dee17e4bf6a .ut-accordion-module-item { border-top-style:solid; }#ut_accordion_69dee17e4bf6a .ut-accordion-module-item:last-child { border-top-style:solid; border-bottom-style:solid; } (function($){ $(document).ready(function(){ $('#ut_accordion_69dee17e4bf6a [data-accordion]').accordion({ [...]","protected":false},"author":6,"featured_media":0,"parent":0,"menu_order":0,"comment_status":"closed","ping_status":"closed","template":"","meta":{"spay_email":""},"_links":{"self":[{"href":"https:\/\/3-lab.pl\/en\/wp-json\/wp\/v2\/pages\/3407"}],"collection":[{"href":"https:\/\/3-lab.pl\/en\/wp-json\/wp\/v2\/pages"}],"about":[{"href":"https:\/\/3-lab.pl\/en\/wp-json\/wp\/v2\/types\/page"}],"author":[{"embeddable":true,"href":"https:\/\/3-lab.pl\/en\/wp-json\/wp\/v2\/users\/6"}],"replies":[{"embeddable":true,"href":"https:\/\/3-lab.pl\/en\/wp-json\/wp\/v2\/comments?post=3407"}],"version-history":[{"count":56,"href":"https:\/\/3-lab.pl\/en\/wp-json\/wp\/v2\/pages\/3407\/revisions"}],"predecessor-version":[{"id":6668,"href":"https:\/\/3-lab.pl\/en\/wp-json\/wp\/v2\/pages\/3407\/revisions\/6668"}],"wp:attachment":[{"href":"https:\/\/3-lab.pl\/en\/wp-json\/wp\/v2\/media?parent=3407"}],"curies":[{"name":"wp","href":"https:\/\/api.w.org\/{rel}","templated":true}]}}