{"id":2960,"date":"2020-05-10T17:39:50","date_gmt":"2020-05-10T15:39:50","guid":{"rendered":"http:\/\/3-lab.pl\/?page_id=2960"},"modified":"2024-05-07T21:37:58","modified_gmt":"2024-05-07T19:37:58","slug":"alert-edukacyjny","status":"publish","type":"page","link":"https:\/\/3-lab.pl\/en\/alert-edukacyjny\/","title":{"rendered":"Alert Edukacyjny"},"content":{"rendered":"<p>&nbsp;<\/p>\n<p><img class=\"wp-image-3015 aligncenter\" src=\"http:\/\/3-lab.pl\/wp-content\/uploads\/2020\/05\/Alert-edukacyjny-Okladka-05-1.png\" alt=\"\" width=\"602\" height=\"851\" srcset=\"https:\/\/3-lab.pl\/wp-content\/uploads\/2020\/05\/Alert-edukacyjny-Okladka-05-1.png 2481w, https:\/\/3-lab.pl\/wp-content\/uploads\/2020\/05\/Alert-edukacyjny-Okladka-05-1-306x433.png 306w, https:\/\/3-lab.pl\/wp-content\/uploads\/2020\/05\/Alert-edukacyjny-Okladka-05-1-768x1086.png 768w, https:\/\/3-lab.pl\/wp-content\/uploads\/2020\/05\/Alert-edukacyjny-Okladka-05-1-613x867.png 613w, https:\/\/3-lab.pl\/wp-content\/uploads\/2020\/05\/Alert-edukacyjny-Okladka-05-1-509x720.png 509w\" sizes=\"(max-width: 602px) 100vw, 602px\" \/><\/p>\n<p><a href=\"http:\/\/3-lab.pl\/en\/wp-content\/uploads\/2020\/09\/Alert-edukacyjny-6-1.pdf\/\">Alert edukacyjny 6 (1)<\/a><\/p>\n<p>Mi\u0142o nam poinformowa\u0107 \u017ce, uczniowie i absolwenci 3LO zostali zaproszeni przez prof. Jerzego Hausnera zesp\u00f3\u0142 ekspert\u00f3w &#8211; autor\u00f3w Alertu Edukacyjnego Open Eyes Economy Summit do przygotowania autorskiego, <strong>uczniowskiego <\/strong>Alertu.<\/p>\n<p><em>Pi\u0119knie dzi\u0119kujemy Pani Aleksandrze Fandrejewskiej za redakcj\u0119, oraz Panu Paw\u0142owi Kudzi za zainspirowanie do oddania g\u0142osu uczniom w Alercie Edukacyjnym. <\/em><\/p>\n<p><em>uczniowie i absolwenci III LO w Gdyni oraz Anna Rzepa i dr Anna Czernihowska-Tymoszyk<\/em><\/p>\n<p>&nbsp;<\/p>","protected":false},"excerpt":{"rendered":"<p>&nbsp; Alert edukacyjny 6 (1) Mi\u0142o nam poinformowa\u0107 \u017ce, uczniowie i absolwenci 3LO zostali zaproszeni przez prof. Jerzego Hausnera zesp\u00f3\u0142 ekspert\u00f3w &#8211; autor\u00f3w Alertu Edukacyjnego Open Eyes Economy Summit do przygotowania autorskiego, uczniowskiego Alertu. Pi\u0119knie dzi\u0119kujemy Pani Aleksandrze Fandrejewskiej za redakcj\u0119, oraz Panu Paw\u0142owi Kudzi za zainspirowanie do oddania g\u0142osu uczniom w Alercie Edukacyjnym. uczniowie [&hellip;]<\/p>","protected":false},"author":3,"featured_media":0,"parent":0,"menu_order":0,"comment_status":"closed","ping_status":"closed","template":"","meta":{"spay_email":""},"_links":{"self":[{"href":"https:\/\/3-lab.pl\/en\/wp-json\/wp\/v2\/pages\/2960"}],"collection":[{"href":"https:\/\/3-lab.pl\/en\/wp-json\/wp\/v2\/pages"}],"about":[{"href":"https:\/\/3-lab.pl\/en\/wp-json\/wp\/v2\/types\/page"}],"author":[{"embeddable":true,"href":"https:\/\/3-lab.pl\/en\/wp-json\/wp\/v2\/users\/3"}],"replies":[{"embeddable":true,"href":"https:\/\/3-lab.pl\/en\/wp-json\/wp\/v2\/comments?post=2960"}],"version-history":[{"count":18,"href":"https:\/\/3-lab.pl\/en\/wp-json\/wp\/v2\/pages\/2960\/revisions"}],"predecessor-version":[{"id":6740,"href":"https:\/\/3-lab.pl\/en\/wp-json\/wp\/v2\/pages\/2960\/revisions\/6740"}],"wp:attachment":[{"href":"https:\/\/3-lab.pl\/en\/wp-json\/wp\/v2\/media?parent=2960"}],"curies":[{"name":"wp","href":"https:\/\/api.w.org\/{rel}","templated":true}]}}