{"id":2956,"date":"2020-05-10T17:34:17","date_gmt":"2020-05-10T15:34:17","guid":{"rendered":"http:\/\/3-lab.pl\/?page_id=2956"},"modified":"2020-12-01T09:25:18","modified_gmt":"2020-12-01T08:25:18","slug":"dzien-otwarty","status":"publish","type":"page","link":"https:\/\/3-lab.pl\/en\/dzien-otwarty\/","title":{"rendered":"Dzie\u0144 Otwarty III LO"},"content":{"rendered":"<section id=\"ut-section-69e4fb0898a68\" data-vc-full-width=\"true\" data-vc-full-width-init=\"false\" data-cursor-skin=\"global\" class=\"vc_section ut-vc-160 vc_section-has-no-fill ut-section-69e4fb0898a75\"><div id=\"ut-row-69e4fb089905d\" data-vc-full-width=\"true\" data-vc-full-width-init=\"false\" class=\"vc_row wpb_row vc_row-fluid vc_column-gap-0 ut-row-69e4fb089906a\" ><div class=\"wpb_column vc_column_container vc_col-sm-12\" ><div id=\"ut_inner_column_69e4fb0899fed\" class=\"vc_column-inner\" ><div class=\"wpb_wrapper\"><div class=\"wpb_content_element\"><style type=\"text\/css\" scoped>#ut_accordion_69e4fb089a20c .ut-accordion-module-item.open .ut-accordion-module-heading { color: rgba(0, 179, 227, 1) !important }#ut_accordion_69e4fb089a20c .ut-accordion-module-heading:hover { color: rgba(0, 179, 227, 1) !important }#ut_accordion_69e4fb089a20c .ut-accordion-module-heading:active { color: rgba(0, 179, 227, 1) !important }#ut_accordion_69e4fb089a20c .ut-accordion-module-heading:focus { color: rgba(0, 179, 227, 1) !important }#ut_accordion_69e4fb089a20c .ut-accordion-module-item { border-top-style:solid; }#ut_accordion_69e4fb089a20c .ut-accordion-module-item:last-child { border-top-style:solid; border-bottom-style:solid; }#ut_accordion_69e4fb089a20c .ut-accordion-module-heading::before { -webkit-border-radius: 50%; -moz-border-radius: 50%; border-radius: 50%; }<\/style>                \r\n                <script type=\"text\/javascript\">\r\n                \r\n                    (function($){\r\n                                                \r\n                        $(document).ready(function(){\r\n                            \r\n                            $('#ut_accordion_69e4fb089a20c [data-accordion]').accordion({\r\n                                \"transitionSpeed\"  : 400,\r\n                                \"singleOpen\"       : true,\r\n                                \"transitionEasing\" : \"ease\",\r\n                            });                            \r\n                    \r\n                        });\r\n                            \r\n                    })(jQuery);\r\n            \r\n                <\/script>\r\n                \r\n            <div id=\"ut_accordion_69e4fb089a20c\" data-accordion-group class=\"ut-accordion-module  ut-accordion-module-with-counter ut-accordion-module-with-border\"><div data-accordion class=\"ut-accordion-module-item\"><h3 data-control class=\"ut-accordion-module-heading\" data-counter=\"1\">VIRTUAL OPEN HOUSE DAY OF III LO 2020<\/h3><div data-content class=\"ut-accordion-module-content\"><div class=\"ut-accordion-module-inner entry-content clearfix\"><\/p>\n<div><\/div>\n<div><\/div>\n<div><img class=\"wp-image-2993 aligncenter\" src=\"http:\/\/3-lab.pl\/wp-content\/uploads\/2020\/05\/interaktywna-plansza.png\" alt=\"\" width=\"756\" height=\"595\" srcset=\"https:\/\/3-lab.pl\/wp-content\/uploads\/2020\/05\/interaktywna-plansza.png 2603w, https:\/\/3-lab.pl\/wp-content\/uploads\/2020\/05\/interaktywna-plansza-550x433.png 550w, https:\/\/3-lab.pl\/wp-content\/uploads\/2020\/05\/interaktywna-plansza-768x604.png 768w, https:\/\/3-lab.pl\/wp-content\/uploads\/2020\/05\/interaktywna-plansza-1102x867.png 1102w, https:\/\/3-lab.pl\/wp-content\/uploads\/2020\/05\/interaktywna-plansza-915x720.png 915w\" sizes=\"(max-width: 756px) 100vw, 756px\" \/><\/div>\n<div><\/div>\n<div><\/div>\n<div style=\"text-align: center;\"><strong>Special Interactive Open House in Tr\u00f3jka (III LO Gdynia).<\/strong><\/div>\n<div><\/div>\n<div>On May 18, 2020, we invite you to Tr\u00f3jka (III Lo Gdynia) - in an unusual way, you can view materials about the work of the school and its students. They are presented in interactive illustration form. Additionally, an unique way to explore school's interiors is the model made in Minecraft.<\/div>\n<div><\/div>\n<div>You can view, read or download the materials you are interested in. You can chat with students on Discord or play inside our school's model in Minecraft.<\/div>\n<div>Detailed information about the recruitment can be acquired from school office.<\/div>\n<div><\/div>\n<div><strong>The Open house is the result of intensive team work of over a hundred students, graduates, teachers, students' parents and friends of III LO Gdynia.<\/strong> <b>jest efektem intensywnej zespo\u0142owej pracy ponad setki uczni\u00f3w, absolwent\u00f3w, nauczycieli, rodzic\u00f3w uczni\u00f3w i przyjaci\u00f3\u0142 III LO w GDYNI.<\/b><\/div>\n<div><\/div>\n<div>dzienotwarty.lo3gdynia.pl<\/div>\n<div><\/div>\n<div>Welcome!<\/div>\n<p dir=\"ltr\"><span style=\"font-family: Arial;\"><strong>Coordination of the Open Day at III LO \/ Coordination of obtaining materials promoting the school:<\/strong> <\/span><\/p>\n<p dir=\"ltr\"><span style=\"font-family: Arial;\">Ma\u0142gorzata Szyma\u0144ska \u2013 Pancewicz<br \/>\n<\/span><\/p>\n<p dir=\"ltr\"><span style=\"font-family: Arial;\"><strong>Idea and coordination of the interactive platform project:<\/strong> Anna Rzepa<\/span><\/p>\n<p dir=\"ltr\"><span style=\"font-family: Arial;\"><strong>Conceptual support:<\/strong> Olga Wro\u0144ska<\/span><\/p>\n<p dir=\"ltr\"><strong>Coordination of Communication on Discord \/ Coordination of the work of the Student Council (SU):<\/strong> Ma\u0142gorzata Olszowa<\/p>\n<p dir=\"ltr\"><strong><u>Coordination of the students' IT team:<\/u><\/strong> Bartosz Kostarczyk<\/p>\n<p dir=\"ltr\">Mateusz Mazurczak \u2013 Akademia High School<\/p>\n<p dir=\"ltr\">Piotr Bie\u0144kowski \u2013 Akademickie LO Politechniki Wroc\u0142awskiej (Academic High School of Wroc\u0142aw University of Science and Technology)<\/p>\n<p dir=\"ltr\"><strong><u>Illustration: <\/u><\/strong>Maia Sarmiento \u2013 Liceum Plastyczne w Gdyni (The Art High School in Gdynia)<\/p>\n<p dir=\"ltr\"><span style=\"font-family: Arial;\"><strong><u> Data managment:<\/u>:<\/strong> <\/span>Alan Solinski<\/p>\n<p dir=\"ltr\">Mateusz Pietrzak<\/p>\n<p dir=\"ltr\">Mateusz Pietrzak<\/p>\n<p dir=\"ltr\"><strong>Teachers:<\/strong><\/p>\n<p class=\"x_Textbody\">\u2022 klasa biologiczno-chemiczna ( A. Nowak + J. Raulin)<\/p>\n<p class=\"x_Textbody\">\u2022 klasa prawniczo- humanistyczna ( C.Bujalska+ M.Meronk, J.Piechowiak)<\/p>\n<p class=\"x_Textbody\">\u2022 mathematical, economic and geographical profile (G. Czarnecka + A. Fabrycka + I. Kotowska)<\/p>\n<p class=\"x_Textbody\">\u2022 mathematical and physical profile (J. Filipowicz+E.Kozir\u00f3g)<\/p>\n<p class=\"x_Textbody\">\u2022 mathematics and computer science profile (M. Ilewicz + B. Ja\u015bkiewicz)<\/p>\n<p class=\"x_Textbody\">\u2022 mathematical and Polish studies profile (E. Niwi\u0144ska-Lipi\u0144ska + J. Lech)<\/p>\n<p class=\"x_Textbody\">\u2022 school projects (A. Rzepa, M. Kubik)<\/p>\n<p class=\"x_Textbody\">\u2022  international projects (O.Wro\u0144ska)<\/p>\n<p class=\"x_Textbody\">\u2022 Student Council (M. Olszowa, A. Czernihowska-Tymoszyk)<\/p>\n<p class=\"x_Textbody\">\u2022 foreign languages (S. Winiarska-Mielniczuk, A.Ta\u017abierska, M.Bielak-Bodnar, A.Treli\u0144ska, B.Budkiewicz)<\/p>\n<p>\u2022 arts (D.Wnuczy\u0144ska)<\/p>\n<p>\u2022 IB profile (Renata Fia\u0142kowska i Anna Czarnowska)<\/p>\n<p class=\"x_Textbody\">\u2022 school's sports (K. \u0141o\u0144czuk)<\/p>\n<ul>\n<li><\/li>\n<\/ul>\n<p><strong>Students working on presentations:<\/strong><\/p>\n<p>Ma\u0142gorzata Okorowska<\/p>\n<p>Szymon Pob\u0142ocki,<\/p>\n<p>Martyna Byl,<\/p>\n<p>Olga Rogi\u0144ska,<\/p>\n<p>Kacper G\u0105secki,<\/p>\n<p>\u0141ukasz Papis,<\/p>\n<p>Julia Mazur,<\/p>\n<p>Dominika Py\u0107<\/p>\n<p>Maksymilian G\u00f3rski.<\/p>\n<div>Filip Jankowski,<\/div>\n<div><\/div>\n<div>Hanna Gronek,<\/div>\n<div><\/div>\n<div>Magdalena Pryczkowska,<\/div>\n<div><\/div>\n<div>Wojtek Renke,<\/div>\n<div><\/div>\n<div>Filip Zieli\u0144ski,<\/div>\n<div><\/div>\n<div>Maja Olszewska,<\/div>\n<div><\/div>\n<div>Dawid Grajewski,<\/div>\n<p>Karolina Skalska<\/p>\n<div align=\"left\">Liwia Jarocka,<\/div>\n<div align=\"left\"><\/div>\n<div align=\"left\">Maja Gregorczyk,<\/div>\n<div align=\"left\"><\/div>\n<div align=\"left\">Szymon Pob\u0142ocki,<\/div>\n<div align=\"left\">\n<div align=\"left\"><\/div>\n<div align=\"left\">Maksymilian Koseda,<\/div>\n<div align=\"left\"><\/div>\n<div align=\"left\">Julia Wr\u00f3blewska,<\/div>\n<div align=\"left\"><\/div>\n<div align=\"left\">Magdalena Klimko,<\/div>\n<div align=\"left\"><\/div>\n<div align=\"left\">Wojciech Paupa,<\/div>\n<div align=\"left\"><\/div>\n<div align=\"left\">Maja Hnat\u00f3w,<\/div>\n<div align=\"left\"><\/div>\n<div align=\"left\">Barbara Siewert,<\/div>\n<div align=\"left\"><\/div>\n<div align=\"left\">Iga Rozbicka,<\/div>\n<div align=\"left\"><\/div>\n<div align=\"left\">Nina Gordon,<\/div>\n<div align=\"left\"><\/div>\n<div align=\"left\">Maciej Socha,<\/div>\n<div align=\"left\"><\/div>\n<div align=\"left\">Alan Soli\u0144ski,<\/div>\n<div align=\"left\"><\/div>\n<div align=\"left\">Rados\u0142aw Waga,<\/div>\n<div align=\"left\"><\/div>\n<div align=\"left\">Mateusz Kr\u00f3l<\/div>\n<div align=\"left\"><\/div>\n<div align=\"left\">Katarzyna Ja\u0142oszewska,<\/div>\n<div align=\"left\"><\/div>\n<div align=\"left\">Zuzia Wiklent,<\/div>\n<div align=\"left\"><\/div>\n<div align=\"left\">Maja Olszewska,<\/div>\n<div align=\"left\"><\/div>\n<div align=\"left\">Jessica Hirsz<\/div>\n<div align=\"left\"><\/div>\n<div align=\"left\">Mateusz Pietrzak<\/div>\n<div align=\"left\"><\/div>\n<div align=\"left\">Marta Do\u0142\u0119bska<\/div>\n<div align=\"left\"><\/div>\n<div align=\"left\">Maj\u0105 Gregorczyk<\/div>\n<div align=\"left\"><\/div>\n<div align=\"left\">Maja Kozikowska<\/div>\n<div align=\"left\"><\/div>\n<div align=\"left\">Kalina Kwapisz<\/div>\n<div align=\"left\"><\/div>\n<div align=\"left\">\u0141ukasz Romaniuk<\/div>\n<div align=\"left\"><\/div>\n<div align=\"left\">Julia Pepli\u0144ska<\/div>\n<div align=\"left\"><\/div>\n<div align=\"left\">Micha\u0142 \u015aliwi\u0144ski<\/div>\n<div align=\"left\"><\/div>\n<div align=\"left\">Oliwia Ku\u017aniewicz<\/div>\n<div align=\"left\"><\/div>\n<div align=\"left\">\n<div dir=\"auto\">Aleksandra Asztemborska<\/div>\n<div dir=\"auto\"><\/div>\n<div dir=\"auto\">Urszula Zaborska<\/div>\n<div dir=\"auto\"><\/div>\n<div dir=\"auto\">Alina Zmuda Trzebiatowska<\/div>\n<div dir=\"auto\"><\/div>\n<div dir=\"auto\">Jan Kozikowski<\/div>\n<div dir=\"auto\"><\/div>\n<div dir=\"auto\">Krzysztof D\u0105browicz<\/div>\n<div dir=\"auto\"><\/div>\n<div dir=\"auto\">Martyna Br\u00f3dka<\/div>\n<div dir=\"auto\"><\/div>\n<div dir=\"auto\">Helena Krawiec<\/div>\n<div dir=\"auto\"><\/div>\n<div dir=\"auto\">Emilia Wojdylak<\/div>\n<div dir=\"auto\"><\/div>\n<div dir=\"auto\">Karina Ba\u0142dyszko<\/div>\n<div dir=\"auto\"><\/div>\n<div dir=\"auto\">Dominika Krasucka<\/div>\n<div dir=\"auto\"><\/div>\n<div dir=\"auto\">Mateusz Rytlewski<\/div>\n<div dir=\"auto\"><\/div>\n<div dir=\"auto\">Kamil Kobuszewski<\/div>\n<div dir=\"auto\"><\/div>\n<div dir=\"auto\">Szymon Pawletko<\/div>\n<div dir=\"auto\"><\/div>\n<div dir=\"auto\">Hubert Anaczkowski<\/div>\n<\/div>\n<div align=\"left\"><\/div>\n<div align=\"left\"><\/div>\n<\/div>\n<p dir=\"ltr\"><span style=\"font-family: Arial;\"><strong><u>Coordination of the student communication team on Discord \/ Student Council:<\/u><\/strong> Liwia Jarocka<\/span><\/p>\n<p dir=\"ltr\">1.Martyna Zawadzka<br \/>\n2. Rados\u0142aw Waga<br \/>\n3. Barbara Siewert<br \/>\n4. Zuzanna \u0141uczak<br \/>\n5. Maja G\u0142\u00f3wczewska<br \/>\n6. Andrzej Wasilewski<br \/>\n7. Dominika Rosi\u0144ska<br \/>\n8. Jan Jab\u0142onowski \u2013 K\u0119ska<br \/>\n9. Julia Krause<br \/>\n10. Szymon Pawletko<br \/>\n11. Zofia Katkowska<br \/>\n12. Mateusz Rytlewski<br \/>\n13. Magda Pryczkowska<br \/>\n14. Maja Staniewska<br \/>\n15. Krzysztof Kosz<br \/>\n16. Grzegorz Kodrzycki<br \/>\n17. Filip Majewski<br \/>\n18. Szymon Skalski<br \/>\n19. Magda Skalska<br \/>\n20. Liwia Jarocka<br \/>\n21. Wojciech Paupa<br \/>\n22. Tymon Krzy\u017canowski<br \/>\n23. Natalia Gajzler<br \/>\n24. Aleksandra B\u0119dzi\u0144ska<\/p>\n<p dir=\"ltr\"><u><strong>Coordination of Minecraft Team:<\/strong> <\/u>Stanis\u0142aw Czech<\/p>\n<ol>\n<li>Ada Ko\u0142odziejczak<\/li>\n<li>Maja Miska<\/li>\n<li>Jakub Bronowski<\/li>\n<li>Jakub Daszkiewicz<\/li>\n<li>B\u0142a\u017cej \u0141ytkowski<\/li>\n<li>Grzegorz Kierzkowski<\/li>\n<li>Jakub Dziopa<\/li>\n<li>Maciek Mejer<\/li>\n<li>Rados\u0142aw Majer<\/li>\n<li>Franciszek Witt<\/li>\n<li>Zuzanna Ossowska<\/li>\n<li>Mateusz Pietrzak<\/li>\n<\/ol>\n<p>Przygotowanie koncepcji platformy interaktywnej<\/p>\n<ol>\n<li>\n<p dir=\"ltr\" style=\"text-align: left;\">Przygotowanie ilustracji<\/p>\n<\/li>\n<li style=\"text-align: left;\">\n<p dir=\"ltr\"><span style=\"font-family: Arial;\">Pozyskanie materia\u0142\u00f3w promuj\u0105cych szko\u0142\u0119<\/span><\/p>\n<\/li>\n<li style=\"text-align: left;\">\n<p dir=\"ltr\"><span style=\"font-family: Arial;\">Przygotowanie Minecraft w wersji online, z mo\u017cliwo\u015bci\u0105 zagrania potencjalnego u\u017cytkownika \/wykupienie serwera\/<\/span><\/p>\n<\/li>\n<li style=\"text-align: left;\">\n<p dir=\"ltr\"><span style=\"font-family: Arial;\">Stworzenie planszy interaktywnej<\/span><\/p>\n<\/li>\n<li style=\"text-align: left;\">\n<p dir=\"ltr\"><span style=\"font-family: Arial;\">Przygotowanie procesu komunikacji na Discordzie<\/span><\/p>\n<\/li>\n<li style=\"text-align: left;\">\n<p dir=\"ltr\"><span style=\"font-family: Arial;\">Pozyskanie os\u00f3b reprezentuj\u0105cych 3 LO<\/span><\/p>\n<\/li>\n<li style=\"text-align: left;\">\n<p dir=\"ltr\"><span style=\"font-family: Arial;\">Stworzenie grafiku dost\u0119pno\u015bci <\/span><\/p>\n<\/li>\n<li style=\"text-align: left;\">\n<p dir=\"ltr\"><span style=\"font-family: Arial;\">Stworzenie chatu<\/span><\/p>\n<\/li>\n<li style=\"text-align: left;\">\n<p dir=\"ltr\"><span style=\"font-family: Arial;\">Umieszczenie platformy na no\u015bnikach online\/ stronach\/<\/span><\/p>\n<\/li>\n<li>\n<p dir=\"ltr\" style=\"text-align: left;\"><span style=\"font-family: Arial;\">Promocja<\/span><\/p>\n<\/li>\n<\/ol>\n<p><b><\/div><\/div><\/div><div data-accordion class=\"ut-accordion-module-item\"><h3 data-control class=\"ut-accordion-module-heading\" data-counter=\"2\">DZIE\u0143 OTWARTY 2018<\/h3><div data-content class=\"ut-accordion-module-content\"><div class=\"ut-accordion-module-inner entry-content clearfix\"><\/b><\/p>\n\r\n            <style type='text\/css'>\r\n                #gallery-1 {\r\n                    margin: auto;\r\n                }\r\n                #gallery-1 .gallery-item {\r\n                    float: left;\r\n                    margin-top: 10px;\r\n                    text-align: center;\r\n                    width: 50%;\r\n                }\r\n                #gallery-1 img {\r\n                    border: 2px solid #cfcfcf;\r\n                }\r\n                #gallery-1 .gallery-caption {\r\n                    margin-left: 0;\r\n                }\r\n                \r\n                \r\n                \r\n                \/* see gallery_shortcode() in wp-includes\/media.php *\/\r\n            <\/style>\n\t\t<div id='gallery-1' class='gallery galleryid-2956 gallery-columns-2 gallery-size-thumbnail'><dl class='gallery-item'>\r\n                <dt class='gallery-icon portrait'>\r\n                    <a href='https:\/\/3-lab.pl\/en\/grafika-design\/a4-2_innekolory_2\/#main'><img width=\"325\" height=\"217\" src=\"https:\/\/3-lab.pl\/wp-content\/uploads\/2020\/01\/A4-2_innekolory_2-325x217.jpg\" class=\"attachment-thumbnail size-thumbnail\" alt=\"\" srcset=\"https:\/\/3-lab.pl\/wp-content\/uploads\/2020\/01\/A4-2_innekolory_2-325x217.jpg 325w, https:\/\/3-lab.pl\/wp-content\/uploads\/2020\/01\/A4-2_innekolory_2-650x433.jpg 650w, https:\/\/3-lab.pl\/wp-content\/uploads\/2020\/01\/A4-2_innekolory_2-1300x867.jpg 1300w\" sizes=\"(max-width: 325px) 100vw, 325px\" \/><\/a>\r\n                <\/dt>\r\n                    <dd class='wp-caption-text gallery-caption'>\r\n                    Plakat: Adrian Stawicki\r\n                    <\/dd><\/dl><dl class='gallery-item'>\r\n                <dt class='gallery-icon portrait'>\r\n                    <a href='https:\/\/3-lab.pl\/en\/grafika-design\/a4-2_innekolory\/#main'><img width=\"325\" height=\"217\" src=\"https:\/\/3-lab.pl\/wp-content\/uploads\/2020\/01\/A4-2_innekolory-325x217.jpg\" class=\"attachment-thumbnail size-thumbnail\" alt=\"\" srcset=\"https:\/\/3-lab.pl\/wp-content\/uploads\/2020\/01\/A4-2_innekolory-325x217.jpg 325w, https:\/\/3-lab.pl\/wp-content\/uploads\/2020\/01\/A4-2_innekolory-650x433.jpg 650w, https:\/\/3-lab.pl\/wp-content\/uploads\/2020\/01\/A4-2_innekolory-1300x867.jpg 1300w\" sizes=\"(max-width: 325px) 100vw, 325px\" \/><\/a>\r\n                <\/dt><\/dl><br style=\"clear: both\" \/><\/div>\n\n<p><\/div><\/div><\/div><\/div><\/div><\/div><\/div><\/div><\/div><div class=\"vc_row-full-width vc_clearfix\"><\/div><a data-id=\"section-without-id\" class=\"ut-vc-offset-anchor-bottom\" name=\"section-without-id\"><\/a><\/section><div class=\"vc_row-full-width vc_clearfix\"><\/div>","protected":false},"excerpt":{"rendered":"#ut_accordion_69e4fb08a0983 .ut-accordion-module-item.open .ut-accordion-module-heading { color: rgba(0, 179, 227, 1) !important }#ut_accordion_69e4fb08a0983 .ut-accordion-module-heading:hover { color: rgba(0, 179, 227, 1) !important }#ut_accordion_69e4fb08a0983 .ut-accordion-module-heading:active { color: rgba(0, 179, 227, 1) !important }#ut_accordion_69e4fb08a0983 .ut-accordion-module-heading:focus { color: rgba(0, 179, 227, 1) !important }#ut_accordion_69e4fb08a0983 .ut-accordion-module-item { border-top-style:solid; }#ut_accordion_69e4fb08a0983 .ut-accordion-module-item:last-child { border-top-style:solid; border-bottom-style:solid; }#ut_accordion_69e4fb08a0983 .ut-accordion-module-heading::before { -webkit-border-radius: 50%; -moz-border-radius: 50%; border-radius: 50%; [...]","protected":false},"author":3,"featured_media":0,"parent":0,"menu_order":0,"comment_status":"closed","ping_status":"closed","template":"","meta":{"spay_email":""},"_links":{"self":[{"href":"https:\/\/3-lab.pl\/en\/wp-json\/wp\/v2\/pages\/2956"}],"collection":[{"href":"https:\/\/3-lab.pl\/en\/wp-json\/wp\/v2\/pages"}],"about":[{"href":"https:\/\/3-lab.pl\/en\/wp-json\/wp\/v2\/types\/page"}],"author":[{"embeddable":true,"href":"https:\/\/3-lab.pl\/en\/wp-json\/wp\/v2\/users\/3"}],"replies":[{"embeddable":true,"href":"https:\/\/3-lab.pl\/en\/wp-json\/wp\/v2\/comments?post=2956"}],"version-history":[{"count":32,"href":"https:\/\/3-lab.pl\/en\/wp-json\/wp\/v2\/pages\/2956\/revisions"}],"predecessor-version":[{"id":3782,"href":"https:\/\/3-lab.pl\/en\/wp-json\/wp\/v2\/pages\/2956\/revisions\/3782"}],"wp:attachment":[{"href":"https:\/\/3-lab.pl\/en\/wp-json\/wp\/v2\/media?parent=2956"}],"curies":[{"name":"wp","href":"https:\/\/api.w.org\/{rel}","templated":true}]}}