{"id":1851,"date":"2019-12-29T14:59:42","date_gmt":"2019-12-29T13:59:42","guid":{"rendered":"http:\/\/3-lab.pl\/?page_id=1851"},"modified":"2020-02-17T14:36:50","modified_gmt":"2020-02-17T13:36:50","slug":"opis-projektu-3-sat","status":"publish","type":"page","link":"https:\/\/3-lab.pl\/en\/opis-projektu-3-sat\/","title":{"rendered":"Opis projektu 3-SAT"},"content":{"rendered":"<p><strong><img class=\"size-medium wp-image-1223 aligncenter\" src=\"http:\/\/3-lab.pl\/wp-content\/uploads\/2019\/11\/3-sat-650x433.jpg\" alt=\"\" width=\"650\" height=\"433\" srcset=\"https:\/\/3-lab.pl\/wp-content\/uploads\/2019\/11\/3-sat-650x433.jpg 650w, https:\/\/3-lab.pl\/wp-content\/uploads\/2019\/11\/3-sat-325x217.jpg 325w\" sizes=\"(max-width: 650px) 100vw, 650px\" \/><\/strong><\/p>\n<p><span style=\"font-weight: 400;\">3-SAT was created as an initiative of first-grade students of the High School no.3 in Gdynia. Even though the idea was born among the participants of an extracurricular robotics class on the Gda\u0144sk University of Technology, students of different interests quickly joined the project. Physicists, mathematicians, biologists and even humanists found a place within 3-SAT. A shared passion and challenge connected them.<\/span><\/p>\n<p><span style=\"font-weight: 400;\">The aim of 3-SAT is to conduct an astrobiological experiment in the form of a stratospheric mission, using the HAMAV platform, which was developed in the project. However, in the course of the three-year project, our team had to face numerous problems and challenges, while expanding their activity to incorporate mission \"\u015awiat\u0142o\", the history module and other initiatives.<\/span><\/p>\n<p><span style=\"font-weight: 400;\">All team members have already graduated high school and are continuing their education on Poland's and world's top universities, such as Oxford, Cambridge, Imperial, TU Delft, the Warsaw University and the Warsaw University of Technology.<\/span><\/p>\n<p><span style=\"font-weight: 400;\">3-SAT's mission is being continued by younger students in 3-SAT2, which has team members of equally varied interests and determination to cope with difficult problems. 3-SAT2 is coordinated by Mrs Anna Rzepa and Mrs Marta M\u0105kosa.<\/span><\/p>\n<p>&nbsp;<\/p>","protected":false},"excerpt":{"rendered":"<p>3-SAT powsta\u0142 jako inicjatywa pierwszorocznych uczni\u00f3w III LO w Gdyni. Mimo \u017ce pomys\u0142 zrodzi\u0142 si\u0119 w\u015br\u00f3d uczestnik\u00f3w k\u00f3\u0142ka robotycznego prowadzonego na Politechnice Gda\u0144skiej, do projektu pr\u0119dko do\u0142\u0105czy\u0142y osoby o bardzo r\u00f3\u017cnych zainteresowaniach. W 3-SAT miejsce znale\u017ali fizycy, matematycy, biolodzy, a nawet humani\u015bci. Wszystkich po\u0142\u0105czy\u0142a pasja oraz wsp\u00f3lne wyzwanie. Celem projektu 3-SAT by\u0142o przeprowadzenie eksperymentu astrobiologicznego [&hellip;]<\/p>","protected":false},"author":3,"featured_media":0,"parent":0,"menu_order":0,"comment_status":"closed","ping_status":"closed","template":"","meta":{"spay_email":""},"_links":{"self":[{"href":"https:\/\/3-lab.pl\/en\/wp-json\/wp\/v2\/pages\/1851"}],"collection":[{"href":"https:\/\/3-lab.pl\/en\/wp-json\/wp\/v2\/pages"}],"about":[{"href":"https:\/\/3-lab.pl\/en\/wp-json\/wp\/v2\/types\/page"}],"author":[{"embeddable":true,"href":"https:\/\/3-lab.pl\/en\/wp-json\/wp\/v2\/users\/3"}],"replies":[{"embeddable":true,"href":"https:\/\/3-lab.pl\/en\/wp-json\/wp\/v2\/comments?post=1851"}],"version-history":[{"count":10,"href":"https:\/\/3-lab.pl\/en\/wp-json\/wp\/v2\/pages\/1851\/revisions"}],"predecessor-version":[{"id":2510,"href":"https:\/\/3-lab.pl\/en\/wp-json\/wp\/v2\/pages\/1851\/revisions\/2510"}],"wp:attachment":[{"href":"https:\/\/3-lab.pl\/en\/wp-json\/wp\/v2\/media?parent=1851"}],"curies":[{"name":"wp","href":"https:\/\/api.w.org\/{rel}","templated":true}]}}