{"id":1684,"date":"2019-12-14T13:19:08","date_gmt":"2019-12-14T12:19:08","guid":{"rendered":"http:\/\/3-lab.pl\/?page_id=1684"},"modified":"2020-01-01T21:47:14","modified_gmt":"2020-01-01T20:47:14","slug":"zespol-3-sat2","status":"publish","type":"page","link":"https:\/\/3-lab.pl\/en\/zespol-3-sat2\/","title":{"rendered":"The 3-SAT Team 2"},"content":{"rendered":"<style>#cola{width: 28%; padding-left: 10px;}#colb{width: 18%;}<\/style>\n<div style=\"margin: auto; width: 75%;\">\n<p><strong>Project members<\/strong><\/p>\n<table>\n<tbody>\n<tr>\n<td id=\"cola\">p. Anna Rzepa<\/td>\n<td id=\"colb\">III LO w Gdyni<\/td>\n<td>Project coodrination<\/td>\n<\/tr>\n<tr>\n<td>p. Marta M\u0105kosa<\/td>\n<td>III LO w Gdyni<\/td>\n<td>Support of the physics-related process<\/td>\n<\/tr>\n<tr>\n<td>p. Bo\u017cena Chmieli\u0144ska<\/td>\n<td>III LO w Gdyni<\/td>\n<td>Support of media efforts<\/td>\n<\/tr>\n<tr>\n<td>Rados\u0142aw Waga<\/td>\n<td>III LO w Gdyni<\/td>\n<td>Project lead, engineering module<\/td>\n<\/tr>\n<tr>\n<td>Iga Bernacka<\/td>\n<td>III LO w Gdyni<\/td>\n<td>Astrobiological module<\/td>\n<\/tr>\n<tr>\n<td>Evan Collier<\/td>\n<td>VI LO w Gdyni<\/td>\n<td>Engineering module - 3D printing<\/td>\n<\/tr>\n<tr>\n<td>Karolina Kozikowska<\/td>\n<td>III LO w Gdyni<\/td>\n<td>Media module - promotion of the project<\/td>\n<\/tr>\n<tr>\n<td>Mateusz Kr\u00f3l<\/td>\n<td>III LO w Gdyni<\/td>\n<td>Engineering module - IT tasks<\/td>\n<\/tr>\n<tr>\n<td>Zofia Lipka<\/td>\n<td>III LO w Gdyni<\/td>\n<td>Coordination of the astrobiological module<\/td>\n<\/tr>\n<tr>\n<td>Witold Petrulis<\/td>\n<td>III LO w Gdyni<\/td>\n<td>Astrobiological module<\/td>\n<\/tr>\n<tr>\n<td>Jakub Wysocki<\/td>\n<td>III LO w Gdyni<\/td>\n<td>Coordination of the engineering module<\/td>\n<\/tr>\n<\/tbody>\n<\/table>\n<p>&nbsp;<\/p>\n<p><strong>Substantive supervisors<\/strong><\/p>\n<table>\n<tbody>\n<tr>\n<td id=\"cola\">p. Mariusz Pu\u0142as<\/td>\n<td id=\"colb\">Pelixar<\/td>\n<td>substantive supervision of engeneering module<\/td>\n<\/tr>\n<tr>\n<td>p. Jakub Targo\u0144ski<\/td>\n<td>University of Gda\u0144sk<\/td>\n<td>substantive supervision of engeneering module<\/td>\n<\/tr>\n<tr>\n<td>dr Aleksandra Zgrundo<\/td>\n<td>University of Gda\u0144sk<\/td>\n<td>substantive supervision of astrobiological module<\/td>\n<\/tr>\n<\/tbody>\n<\/table>\n<p>&nbsp;<\/p>\n<p><strong>Supporting persons<\/strong><\/p>\n<table style=\"width: 50%;\">\n<tbody>\n<tr>\n<td style=\"width: 56%;\">p. Maciej Jakimiec<\/td>\n<td style=\"width: 36%;\">Copernicus Project<\/td>\n<td><\/td>\n<\/tr>\n<tr>\n<td>p. Jakub Zdroik<\/td>\n<td>University of Gda\u0144sk<\/td>\n<td><\/td>\n<\/tr>\n<\/tbody>\n<\/table>\n<\/div>","protected":false},"excerpt":{"rendered":"<p>Cz\u0142onkowie projektu p. Anna Rzepa III LO w Gdyni Koordynacja projektu p. Marta M\u0105kosa III LO w Gdyni Wsparcie procesu fizycznego p. Bo\u017cena Chmieli\u0144ska III LO w Gdyni Wsparcie dzia\u0142a\u0144 medialnych Rados\u0142aw Waga III LO w Gdyni Lider projektu, modu\u0142 in\u017cynieryjny Iga Bernacka III LO w Gdyni Modu\u0142 astrobiologiczny Evan Collier VI LO w Gdyni [&hellip;]<\/p>","protected":false},"author":3,"featured_media":0,"parent":0,"menu_order":0,"comment_status":"closed","ping_status":"closed","template":"","meta":{"spay_email":""},"_links":{"self":[{"href":"https:\/\/3-lab.pl\/en\/wp-json\/wp\/v2\/pages\/1684"}],"collection":[{"href":"https:\/\/3-lab.pl\/en\/wp-json\/wp\/v2\/pages"}],"about":[{"href":"https:\/\/3-lab.pl\/en\/wp-json\/wp\/v2\/types\/page"}],"author":[{"embeddable":true,"href":"https:\/\/3-lab.pl\/en\/wp-json\/wp\/v2\/users\/3"}],"replies":[{"embeddable":true,"href":"https:\/\/3-lab.pl\/en\/wp-json\/wp\/v2\/comments?post=1684"}],"version-history":[{"count":48,"href":"https:\/\/3-lab.pl\/en\/wp-json\/wp\/v2\/pages\/1684\/revisions"}],"predecessor-version":[{"id":1875,"href":"https:\/\/3-lab.pl\/en\/wp-json\/wp\/v2\/pages\/1684\/revisions\/1875"}],"wp:attachment":[{"href":"https:\/\/3-lab.pl\/en\/wp-json\/wp\/v2\/media?parent=1684"}],"curies":[{"name":"wp","href":"https:\/\/api.w.org\/{rel}","templated":true}]}}