{"id":1105,"date":"2019-10-27T16:02:10","date_gmt":"2019-10-27T15:02:10","guid":{"rendered":"http:\/\/3-lab.pl\/?page_id=1105"},"modified":"2024-10-18T08:42:37","modified_gmt":"2024-10-18T06:42:37","slug":"przyjaciele","status":"publish","type":"page","link":"https:\/\/3-lab.pl\/en\/przyjaciele\/","title":{"rendered":"Friends"},"content":{"rendered":"<div id=\"ut-row-69decf1c5ca93\" data-vc-full-width=\"true\" data-vc-full-width-init=\"false\" class=\"vc_row wpb_row vc_row-fluid vc_column-gap-0 ut-row-69decf1c5caa9\" ><div class=\"wpb_column vc_column_container vc_col-sm-3\" ><div id=\"ut_inner_column_69decf1c5d6fe\" class=\"vc_column-inner\" ><div class=\"wpb_wrapper\"><\/div><\/div><\/div><div class=\"wpb_column vc_column_container vc_col-sm-6\" ><div id=\"ut_inner_column_69decf1c5d8a6\" class=\"vc_column-inner\" ><div class=\"wpb_wrapper\">\n\t<div class=\"wpb_text_column wpb_content_element\" >\n\t\t<div class=\"wpb_wrapper\">\n\t\t\t<ul>\n<li>Marek Adamkowicz \u2013 Polish Post Museum in Gdansk<\/li>\n<li>Mgr. Daniel Adamowski \u2013 Maritime Communications Club \"Szkuner\"<\/li>\n<li>Piotr Bia\u0142as \u2013 Tata studio<\/li>\n<li>Mariusz Bessman \u2013 Jit Team<\/li>\n<li>Dagmara Bo\u017cek &#8211; IGF PAN<\/li>\n<li>Joanna Bud\u017ako \u2013 Jit Team<\/li>\n<li>Pawe\u0142 Burdziakowski \u2013 Pelixar<\/li>\n<li>Dr. Pawe\u0142 Chyc \u2013 President of the Marine and Space Cluster<\/li>\n<li>Barbara Cie\u015blak \u2013 Primary School No. 1 in L\u0119bork<\/li>\n<li>Bartosz Cie\u015bli\u0144ski \u2013 Jit Team<\/li>\n<li>Micha\u0142 Czmoch &#8211; Krypton<\/li>\n<li>Dr Adam D\u0105browski \u2013 Gda\u0144sk University of Technology<\/li>\n<li>Pawe\u0142 Derek \u2013 IMGW<\/li>\n<li>Prof. Habililated Dr. Piotr Doerffer \u2013 Institute of Flows of the Polish Academy of Sciences<\/li>\n<li>Anna Duszak-General school no.3 in Gdynia<\/li>\n<li>Zofia Dzik &#8211; Humanites<\/li>\n<li>Dr Agata Go\u017adzik \u2013 Institute of Geophysics of the Polish Academy of Sciences<\/li>\n<li>Krystian G\u00f3rski \u2013 Maritime Communications Club \"Szkuner\"<\/li>\n<li>Micha\u0142 Gumiela \u2013 PW SAT2<\/li>\n<li>Master in engineering Jan Idzikowski-Maritime Communications Club \"Szkuner\"<\/li>\n<li>Maciej Jakimiec \u2013 Copernicus Project<\/li>\n<li>Dr in engineering Krzysztof Januszewski-Maritime Communications Club \"Szkuner\"<\/li>\n<li>Habilitated Dr in engineering Rafa\u0142 J\u0119drzejewski-Maritime Communications Club \"Szkuner\"<\/li>\n<li>prof.Krzysztof Jajuga -Uniwersytet Wroc\u0142awski<\/li>\n<li>Barbara J\u00f3\u017awiak &#8211; Fundacja forScience<\/li>\n<li>Daniel Kaczmara \u2013 Creotech<\/li>\n<li>dr Krzysztof Kanafka \u2013 Blue dot Solutions<\/li>\n<li>Ksenia Kaniewska<\/li>\n<li>Maciej Kankowski \u2013 Jit Team<\/li>\n<li>Pawe\u0142 Klein -WRZEpracownia<\/li>\n<li>Dr Agata Ko\u0142odziejczyk \u2013 European Space Agency<\/li>\n<li>Robert Koralewski \u2013 Maritime Communications Club \"Szkuner\"<\/li>\n<li>Krzysztof Kossak \u2013 Fab Lab<\/li>\n<li>Tomasz Kozar \u2013 Microsoft<\/li>\n<li>Pawe\u0142 Kudzia \u2013 Project Analysis Coordinator for Sustainable Development<\/li>\n<li>Bodo Kox<\/li>\n<li>Dr. Pawe\u0142 Lejba \u2013 Bor\u00f3wiec Space Research Center<\/li>\n<li>Master Micha\u0142 Lewczuk \u2013 Maritime Communications Club \"Szkuner\"<\/li>\n<li>Olga Lewandowska &#8211; Muzeum Miasta Gdyni<\/li>\n<li>Izabella Gierada Lipka<\/li>\n<li>dr hab. in\u017c, prof PG\u00a0 Jacek Lubi\u0144ski &#8211; Politechnika Gda\u0144ska<\/li>\n<li>Dorota Lubiewska-General school no.3 in Gdynia<\/li>\n<li>Damian Ludke \u2013 Bluemedia<\/li>\n<li>Dariusz Mankiewicz \u2013 Maritime Communications Club \"Szkuner\" \u2013 coordination  of the project \u201d Per radio Ad astra\u201d<\/li>\n<li>Master in engineering-Maritime Communications Club \"Szkuner\"<\/li>\n<li>Karin Moder &#8211; Muzeum Miasta Gdyni<\/li>\n<li>Bartosz Mocza\u0142a \u2013 Polish Rocket Society<\/li>\n<li>Damian Mayer \u2013 Polish Rocket Society<\/li>\n<li>Dr Adam Nawrot \u2013 Institute of Geophysics of the Polish Academy of Sciences, Foundation for Science<\/li>\n<li>Sebastian Nowicki \u2013 Pelixar<\/li>\n<li>dr hab. Krystian Obolewski, prof. UKW &#8211; Kierownik Katedry Hydrobiologii<\/li>\n<li>Dr. Agnieszka Pa\u0142ka \u2013 Maritime University<\/li>\n<li>Karol Pelzner \u2013 Gda\u0144sk University of Technology<\/li>\n<li>Filip Piasecki \u2013 Tata studio<\/li>\n<li>Anna Piekut<\/li>\n<li>Sebastian Ptak \u2013 Bluemedia<\/li>\n<li>Mariusz Pu\u0142as \u2013 Pelixar<\/li>\n<li>Remigiusz Piwowarski -Vice-President of the Gdynia Trio Alumni Association<\/li>\n<li>prof. Aleksandra Przegali\u0144ska -Vice-Rector responsible for International Cooperation and ESR<br aria-hidden=\"true\" \/>Kozminski University\/ Department forManagement in Networked and Digital Societies<br aria-hidden=\"true\" \/>2020 AIER Research Fellow<br aria-hidden=\"true\" \/>2021 Harvard Labour and Worklife Programme Senior Research Fellow<\/li>\n<li>Bart\u0142omiej Przybyciel &#8211; Wydzia\u0142 Edukacji Miasta Gdynia<\/li>\n<li>Przemys\u0142aw Rud\u017a \u2013 Polish Space Agency<\/li>\n<li>Maja Meissner &#8211; <span class=\"OYPEnA font-feature-liga-off font-feature-clig-off font-feature-calt-off text-decoration-none text-strikethrough-none\"> CEO Executive Search &amp; Leadership Development | Connector &#8211; Meissner &amp;Partners<\/span><\/li>\n<li>Pawe\u0142 Muszy\u0144ski &#8211; przyjaciel \ud83d\ude42<\/li>\n<li>Adrian Stawicki \u2013 Adrian Stawicki design<\/li>\n<li>Tomasz Sosnowski &#8211; Muzeum Miasta Gdyni<\/li>\n<li>dr Marcin Stolarski \u2013 Rocket Lab<\/li>\n<li>Dr. Tomasz Suchodolski \u2013 Bor\u00f3wiec Space Research Center<\/li>\n<li>Dr Grzegorz Szychli\u0144ski \u2013 Historical Museum of the City of Gdansk<\/li>\n<li>Arkadiusz \u015amigielski &#8211; Optinav<\/li>\n<li>dr Franciszek \u015awita\u0142a &#8211; Profesor Politechniki Samarskiej Rosja<\/li>\n<li>Professor Janusz Tana\u015b<\/li>\n<li>Leszek Tana\u015b<\/li>\n<li>Jakub Targo\u0144ski \u2013 University of Gdansk<\/li>\n<li>Habilitated Dr. Janusz Trupinda-Polish Post Museum in Gdansk<\/li>\n<li>Inna Uwarowa \u2013 Coordinator PW SAT 2<\/li>\n<li>Emiel Van Es \u2013 Variosteel<\/li>\n<li>Dorota Wnuczy\u0144ska \u2013General school no.3 in Gdynia<\/li>\n<li>Patrycja W\u00f3jcik &#8211; Muzeum Miasta Gdyni<\/li>\n<li>Jan W\u00f3jtowicz \u2013 Maritime Communications Club \"Szkuner\"<\/li>\n<li>prof. dr hab. (p\u0142k rez) Marek Wrzosek &#8211; Akademia Sztuki Wojennej<br aria-hidden=\"true\" \/>\u00a0\u00a0\u00a0 Wydzia\u0142 Wojskowy<\/li>\n<li>Izabela Zab\u0142ocka \u2013 IMGW<\/li>\n<li>Dr Tomasz Zawistowski \u2013 Creotech<\/li>\n<li>Jakub Zdroik \u2013 University of Gdansk<\/li>\n<li>Dr Aleksandra Zgrundo \u2013 University of Gdansk \u2013 Faculty of Oceanography<\/li>\n<li>B\u0142a\u017cej Zieli\u0144ski \u2013 Polish Rocket Society<\/li>\n<li>August \u017bywczyk &#8211; Defence24<\/li>\n<\/ul>\n\n\t\t<\/div>\n\t<\/div>\n<\/div><\/div><\/div><div class=\"wpb_column vc_column_container vc_col-sm-3\" ><div id=\"ut_inner_column_69decf1c5de78\" class=\"vc_column-inner\" ><div class=\"wpb_wrapper\"><\/div><\/div><\/div><\/div><div class=\"vc_row-full-width vc_clearfix\"><\/div>","protected":false},"excerpt":{"rendered":"Marek Adamkowicz - Muzeum Poczty Polskiej w Gda\u0144sku mgr in\u017c. Daniel Adamowski - Morski Klub \u0141\u0105czno\u015bci \u201cSzkuner\u201d Piotr Bia\u0142as - Tata studio Mariusz Bessman - Jit Team Dagmara Bo\u017cek - IGF PAN Joanna Bud\u017ako - Jit Team Pawe\u0142 Burdziakowski - Pelixar dr Pawe\u0142 Chyc - Prezydent Klastra Morskiego i Kosmicznego Barbara Cie\u015blak - Szko\u0142a Podstawowa [...]","protected":false},"author":1,"featured_media":0,"parent":0,"menu_order":0,"comment_status":"closed","ping_status":"closed","template":"","meta":{"spay_email":""},"_links":{"self":[{"href":"https:\/\/3-lab.pl\/en\/wp-json\/wp\/v2\/pages\/1105"}],"collection":[{"href":"https:\/\/3-lab.pl\/en\/wp-json\/wp\/v2\/pages"}],"about":[{"href":"https:\/\/3-lab.pl\/en\/wp-json\/wp\/v2\/types\/page"}],"author":[{"embeddable":true,"href":"https:\/\/3-lab.pl\/en\/wp-json\/wp\/v2\/users\/1"}],"replies":[{"embeddable":true,"href":"https:\/\/3-lab.pl\/en\/wp-json\/wp\/v2\/comments?post=1105"}],"version-history":[{"count":81,"href":"https:\/\/3-lab.pl\/en\/wp-json\/wp\/v2\/pages\/1105\/revisions"}],"predecessor-version":[{"id":6879,"href":"https:\/\/3-lab.pl\/en\/wp-json\/wp\/v2\/pages\/1105\/revisions\/6879"}],"wp:attachment":[{"href":"https:\/\/3-lab.pl\/en\/wp-json\/wp\/v2\/media?parent=1105"}],"curies":[{"name":"wp","href":"https:\/\/api.w.org\/{rel}","templated":true}]}}