{"id":1100,"date":"2019-10-27T16:01:26","date_gmt":"2019-10-27T15:01:26","guid":{"rendered":"http:\/\/3-lab.pl\/?page_id=1100"},"modified":"2020-10-28T16:46:17","modified_gmt":"2020-10-28T15:46:17","slug":"o-nas-old","status":"publish","type":"page","link":"https:\/\/3-lab.pl\/en\/o-nas-old\/","title":{"rendered":"O nas &#8211; old"},"content":{"rendered":"<div id=\"ut-row-69f2ea8d7430b\" data-vc-full-width=\"true\" data-vc-full-width-init=\"false\" class=\"vc_row wpb_row vc_row-fluid vc_column-gap-0 ut-row-69f2ea8d74322\" ><div class=\"wpb_column vc_column_container vc_col-sm-12\" ><div id=\"ut_inner_column_69f2ea8d758af\" class=\"vc_column-inner\" ><div class=\"wpb_wrapper\">\n\t<div class=\"wpb_text_column wpb_content_element\" >\n\t\t<div class=\"wpb_wrapper\">\n\t\t\t<div>\n<p>PRACOWNIA INNOWACJI 3LAB &#8211; Udost\u0119pniane na <span class=\"il\">under<\/span>\u00a0CC-BY-NC-SA.3.0 PL<\/p>\n<\/div>\n<div><img class=\"wp-image-2524 alignnone\" src=\"http:\/\/3-lab.pl\/wp-content\/uploads\/2020\/02\/120px-CC-BY-NC-SA.svg.png\" alt=\"\" width=\"131\" height=\"46\" \/><\/div>\n<p>&nbsp;<\/p>\n<div><strong>Pracownia innowacji III LO jest platform\u0105 spo\u0142eczno\u015bciow\u0105 w realnym \u015bwiecie, wsp\u00f3lnot\u0105 pomagaj\u0105c\u0105 w procesach przeprowadzania innowacyjnych projekt\u00f3w.<\/strong><\/div>\n<div><\/div>\n<div>To punkt w kt\u00f3rym wszyscy si\u0119 zbieramy i od kt\u00f3rego rozpoczynamy drog\u0119.<\/div>\n<div>To ludzie.<\/div>\n<div>To idee, procesy i rozwi\u0105zania.<\/div>\n<div>It is modelling, conceptions and strategies.<\/div>\n<div>It is trends, cross-sector analysis, management and coordination.<\/div>\n<div>To praca Karoliny, Radka, Mateusza, Adriana i wielu innych, dzi\u0119ki kt\u00f3rym zagl\u0105damy za kulisy proces\u00f3w projektowych.<\/div>\n<div>Cho\u0107 nie interesuj\u0105 nas kasyna Las Vegas, nie jest nam obcy styl pracy Danny&#8217;ego Ocean.<\/div>\n<div>Dron stratosferyczny, gi\u0119tki endoskop, inteligentna apteczka, urz\u0105dzenia do bada\u0144 w warunkach ekstremalnych, projekty spo\u0142eczno\u015bciowe na czas epidemii &#8211; to dzi\u0119ki pomocy niesamowitych ludzi, m\u0142odzie\u017c operuje w przestrzeni, w kt\u00f3rej nowych rozwi\u0105za\u0144 jeszcze nie ma, a stare s\u0105 nieaktualne.<\/div>\n<div><\/div>\n<div>\n<div><strong>T\u0105 spo\u0142eczno\u015b\u0107 tworz\u0105 uczniowie, absolwenci, nauczyciele, pracownicy szko\u0142y, fundacje, uczelnie, agencje, instytucje, firmy prywatne i przyjaciele.<\/strong><\/div>\n<\/div>\n<div>\n<p>&nbsp;<\/p>\n<div>I have the pleasure to connect all dots.<\/div>\n<div>Anna Rzepa<\/div>\n<\/div>\n<p>&nbsp;<\/p>\n<div><img class=\"wp-image-2365 alignnone\" src=\"http:\/\/3-lab.pl\/wp-content\/uploads\/2020\/02\/struktura-3lab.png\" alt=\"\" width=\"786\" height=\"589\" srcset=\"https:\/\/3-lab.pl\/wp-content\/uploads\/2020\/02\/struktura-3lab.png 1024w, https:\/\/3-lab.pl\/wp-content\/uploads\/2020\/02\/struktura-3lab-577x433.png 577w, https:\/\/3-lab.pl\/wp-content\/uploads\/2020\/02\/struktura-3lab-768x576.png 768w, https:\/\/3-lab.pl\/wp-content\/uploads\/2020\/02\/struktura-3lab-960x720.png 960w\" sizes=\"(max-width: 786px) 100vw, 786px\" \/><\/div>\n\n\t\t<\/div>\n\t<\/div>\n<\/div><\/div><\/div><div class=\"wpb_column vc_column_container vc_col-sm-12\" ><div id=\"ut_inner_column_69f2ea8d75dbb\" class=\"vc_column-inner\" ><div class=\"wpb_wrapper\">\n\t<div class=\"wpb_text_column wpb_content_element\" >\n\t\t<div class=\"wpb_wrapper\">\n\t\t\t<h2><\/h2>\n<h2 style=\"text-align: center;\">Zesp\u00f3\u0142 3LAB<\/h2>\n\n\t\t<\/div>\n\t<\/div>\n<\/div><\/div><\/div><\/div><div class=\"vc_row-full-width vc_clearfix\"><\/div><div id=\"ut-row-69f2ea8d76654\" data-vc-full-width=\"true\" data-vc-full-width-init=\"false\" class=\"vc_row wpb_row vc_row-fluid vc_column-gap-0 ut-row-69f2ea8d76660\" ><div class=\"wpb_column vc_column_container vc_col-sm-6\" ><div id=\"ut_inner_column_69f2ea8d76c9a\" class=\"vc_column-inner\" ><div class=\"wpb_wrapper\">\n\t<div class=\"wpb_text_column wpb_content_element\" >\n\t\t<div class=\"wpb_wrapper\">\n\t\t\t<h3>Nauczyciele i Eksperci<\/h3>\n<ul>\n<li>Koordynacja i strategia &#8211; Anna Rzepa<\/li>\n<li>Finanse i umowy &#8211; Marta M\u0105kosa<\/li>\n<li>Materia\u0142y prasowe &#8211; Bo\u017cena Chmieli\u0144ska<\/li>\n<li>Analiza prawna &#8211; dr Pawe\u0142 Chyc<\/li>\n<li>Zr\u00f3wnowa\u017cony rozw\u00f3j &#8211; Pawe\u0142 Kudzia<\/li>\n<li>Wsp\u00f3\u0142praca mi\u0119dzynarodowa &#8211; Olga Wro\u0144ska<\/li>\n<\/ul>\n\n\t\t<\/div>\n\t<\/div>\n<\/div><\/div><\/div><div class=\"wpb_column vc_column_container vc_col-sm-6\" ><div id=\"ut_inner_column_69f2ea8d76fa7\" class=\"vc_column-inner\" ><div class=\"wpb_wrapper\">\n\t<div class=\"wpb_text_column wpb_content_element\" >\n\t\t<div class=\"wpb_wrapper\">\n\t\t\t<h3>Uczniowie i absolwenci<\/h3>\n<ul>\n<li>Zarz\u0105dzanie zespo\u0142ami uczniowskimi &#8211; Rados\u0142aw Waga<\/li>\n<li>Logistyka &#8211; Zosia Lipka<\/li>\n<li>IT\n<ul>\n<li>Mateusz Kr\u00f3l<\/li>\n<li>Bartosz Kostarczyk<\/li>\n<\/ul>\n<\/li>\n<li>Media\n<ul>\n<li>Karolina Kozikowska \u2013 lider zespo\u0142u<\/li>\n<li>Barbara Siewert<\/li>\n<\/ul>\n<\/li>\n<li>Rozwi\u0105zania formalno-prawne\n<ul>\n<li>Valerija Holub \u2013 lider zespo\u0142u<\/li>\n<li>Gosia Okorowska<\/li>\n<li>Patrycja Wirkowska<\/li>\n<li>Julia Godnicz<\/li>\n<\/ul>\n<\/li>\n<li>3D printing studio\n<ul>\n<li>Mike Ryan \u2013 lider zespo\u0142u<\/li>\n<li>Alan Soli\u0144ski<\/li>\n<li>Mateusz Pietrzak<\/li>\n<\/ul>\n<\/li>\n<li>Art + Design\n<ul>\n<li>Kinga Kulpa<\/li>\n<li>Basia Mindak<\/li>\n<\/ul>\n<\/li>\n<li>Creative\n<ul>\n<li>Jakub Wysocki \u2013 lider zespo\u0142u<\/li>\n<li>Evan Collier<\/li>\n<\/ul>\n<\/li>\n<\/ul>\n\n\t\t<\/div>\n\t<\/div>\n<\/div><\/div><\/div><\/div><div class=\"vc_row-full-width vc_clearfix\"><\/div>","protected":false},"excerpt":{"rendered":"PRACOWNIA INNOWACJI 3LAB - Udost\u0119pniane na licencji\u00a0CC-BY-NC-SA.3.0 PL &nbsp; Pracownia innowacji III LO jest platform\u0105 spo\u0142eczno\u015bciow\u0105 w realnym \u015bwiecie, wsp\u00f3lnot\u0105 pomagaj\u0105c\u0105 w procesach przeprowadzania innowacyjnych projekt\u00f3w. To punkt w kt\u00f3rym wszyscy si\u0119 zbieramy i od kt\u00f3rego rozpoczynamy drog\u0119. To ludzie. To idee, procesy i rozwi\u0105zania. To modelowanie, koncepcje i strategie. To trendy, analiza cross sektorowa, [...]","protected":false},"author":1,"featured_media":0,"parent":0,"menu_order":0,"comment_status":"closed","ping_status":"closed","template":"","meta":{"spay_email":""},"_links":{"self":[{"href":"https:\/\/3-lab.pl\/en\/wp-json\/wp\/v2\/pages\/1100"}],"collection":[{"href":"https:\/\/3-lab.pl\/en\/wp-json\/wp\/v2\/pages"}],"about":[{"href":"https:\/\/3-lab.pl\/en\/wp-json\/wp\/v2\/types\/page"}],"author":[{"embeddable":true,"href":"https:\/\/3-lab.pl\/en\/wp-json\/wp\/v2\/users\/1"}],"replies":[{"embeddable":true,"href":"https:\/\/3-lab.pl\/en\/wp-json\/wp\/v2\/comments?post=1100"}],"version-history":[{"count":65,"href":"https:\/\/3-lab.pl\/en\/wp-json\/wp\/v2\/pages\/1100\/revisions"}],"predecessor-version":[{"id":3636,"href":"https:\/\/3-lab.pl\/en\/wp-json\/wp\/v2\/pages\/1100\/revisions\/3636"}],"wp:attachment":[{"href":"https:\/\/3-lab.pl\/en\/wp-json\/wp\/v2\/media?parent=1100"}],"curies":[{"name":"wp","href":"https:\/\/api.w.org\/{rel}","templated":true}]}}