{"id":1088,"date":"2017-06-07T17:19:28","date_gmt":"2017-06-07T17:19:28","guid":{"rendered":"http:\/\/3-lab.pl\/?page_id=7"},"modified":"2024-02-19T20:50:52","modified_gmt":"2024-02-19T19:50:52","slug":"front-page","status":"publish","type":"page","link":"https:\/\/3-lab.pl\/en\/","title":{"rendered":"Strona g\u0142\u00f3wna"},"content":{"rendered":"<div id=\"ut-row-69decf62a12f3\" data-vc-full-width=\"true\" data-vc-full-width-init=\"false\" class=\"vc_row wpb_row vc_row-fluid vc_column-gap-0 ut-row-69decf62a1304\" ><div class=\"wpb_column vc_column_container vc_col-sm-12 vc_col-lg-12\" ><div id=\"ut_inner_column_69decf62a27a0\" class=\"vc_column-inner\" ><div class=\"wpb_wrapper\"><div class=\"wpb_content_element\"><style type=\"text\/css\" scoped>#ut_header_69decf62a2c92.pt-style-2 .page-title:after, #ut_header_69decf62a2c92.pt-style-2 .parallax-title:after, #ut_header_69decf62a2c92.pt-style-2 .section-title:after {background-color:!important;height: ;width: ;}<\/style><header id=\"ut_header_69decf62a2c92\" class=\"section-header ut-no-title-linebreak-mobile ut-no-lead-linebreak-mobile pt-style-2 header-center element-with-custom-line-height\"><h2  class=\"section-title\"><span>What is new?<\/span><\/h2><div data-delay=\"0\" class=\"lead\"><p>News<\/p>\n<\/div><\/header><\/div><style type=\"text\/css\" scoped>#ut_blog_grid_69decf62a3015 .date-format { display:none; }<\/style><div id=\"ut_blog_grid_69decf62a3015\" class=\"ut-blog-grid-module blog\"><div class=\"ut-blog-grid clearfix\">\n<article id=\"post-7298\" class=\"grid-33 tablet-grid-50 mobile-grid-100 ut-blog-grid-article clearfix post-7298 post type-post status-publish format-standard has-post-thumbnail hentry category-bez-kategorii\">\n    \n    <div class=\"ut-blog-grid-article-inner\">\n    \t\n\t\t\t\t\n                        \n\n        <!-- ut-post-thumbnail -->\n        <div class=\"ut-post-thumbnail\">     \n\n            <div class=\"entry-thumbnail\">\n\n                \n                <a title=\"Permanent Link to Konferencja &#8222;Longevity Nation&#8221;\" href=\"https:\/\/3-lab.pl\/en\/2026\/03\/15\/konferencja-longevity-nation\/\">                \n                    \n                    <figure class=\"ut-post-thumbnail-caption-wrap\">\n\n                        \n        <img data-adaptive-images=\"{&quot;300&quot;:&quot;https:\\\/\\\/3-lab.pl\\\/wp-content\\\/uploads\\\/2026\\\/03\\\/Czytanie-Wspiera-Dlugowiecznos\\u0301c\\u0301-\\u2013-Konferencja-Longevity-Nation.-Fundacja-Powszechnego-Czytania-3-Mar.-2026-www.fpc_.org_.pllongevity_nation.-1-300x250.png&quot;,&quot;500&quot;:&quot;https:\\\/\\\/3-lab.pl\\\/wp-content\\\/uploads\\\/2026\\\/03\\\/Czytanie-Wspiera-Dlugowiecznos\\u0301c\\u0301-\\u2013-Konferencja-Longevity-Nation.-Fundacja-Powszechnego-Czytania-3-Mar.-2026-www.fpc_.org_.pllongevity_nation.-1-500x417.png&quot;,&quot;750&quot;:&quot;https:\\\/\\\/3-lab.pl\\\/wp-content\\\/uploads\\\/2026\\\/03\\\/Czytanie-Wspiera-Dlugowiecznos\\u0301c\\u0301-\\u2013-Konferencja-Longevity-Nation.-Fundacja-Powszechnego-Czytania-3-Mar.-2026-www.fpc_.org_.pllongevity_nation.-1-750x625.png&quot;,&quot;1000&quot;:&quot;https:\\\/\\\/3-lab.pl\\\/wp-content\\\/uploads\\\/2026\\\/03\\\/Czytanie-Wspiera-Dlugowiecznos\\u0301c\\u0301-\\u2013-Konferencja-Longevity-Nation.-Fundacja-Powszechnego-Czytania-3-Mar.-2026-www.fpc_.org_.pllongevity_nation.-1-1000x833.png&quot;,&quot;1500&quot;:&quot;https:\\\/\\\/3-lab.pl\\\/wp-content\\\/uploads\\\/2026\\\/03\\\/Czytanie-Wspiera-Dlugowiecznos\\u0301c\\u0301-\\u2013-Konferencja-Longevity-Nation.-Fundacja-Powszechnego-Czytania-3-Mar.-2026-www.fpc_.org_.pllongevity_nation.-1-1500x1250.png&quot;,&quot;2500&quot;:&quot;https:\\\/\\\/3-lab.pl\\\/wp-content\\\/uploads\\\/2026\\\/03\\\/Czytanie-Wspiera-Dlugowiecznos\\u0301c\\u0301-\\u2013-Konferencja-Longevity-Nation.-Fundacja-Powszechnego-Czytania-3-Mar.-2026-www.fpc_.org_.pllongevity_nation.-1-2500x2083.png&quot;}\" src=\"data:image\/svg+xml;charset=utf-8,%3Csvg xmlns%3D'http%3A%2F%2Fwww.w3.org%2F2000%2Fsvg' viewBox%3D'0 0 1500 1250'%2F%3E\" width=\"1500\" height=\"1250\" data-src=\"https:\/\/3-lab.pl\/wp-content\/uploads\/2026\/03\/Czytanie-Wspiera-Dlugowiecznos\u0301c\u0301-\u2013-Konferencja-Longevity-Nation.-Fundacja-Powszechnego-Czytania-3-Mar.-2026-www.fpc_.org_.pllongevity_nation.-1-1500x1250.png\" data-image-id=\"7311\" class=\"ut-adaptive-image wp-post-image skip-lazy\">\n\n        \n                        \n                    <\/figure>\n                    \n                <\/a>  \n                \n                <a href=\"https:\/\/3-lab.pl\/en\/2026\/03\/\">\n                \n                    <div class=\"date-format\">\n                        <span class=\"day\">15<\/span>\n                        <span class=\"month\">Mar 2026<\/span>\n                    <\/div>\n                \n                <\/a>\n\n            <\/div>                                                                                                                         \n\n        <\/div><!-- close ut-post-thumbnail -->\n\n                \n                \n        <a class=\"ut-blog-link\" title=\"Konferencja &#8222;Longevity Nation&#8221;\" href=\"https:\/\/3-lab.pl\/en\/2026\/03\/15\/konferencja-longevity-nation\/\" rel=\"bookmark\">     \n              \n            <div class=\"ut-blog-grid-content-wrap\"> \n\n                \n                    <header class=\"entry-header\">\n\n                        <h2 class=\"entry-title\">Konferencja &#8222;Longevity Nation&#8221;<\/h2>          \n\n                    <\/header>\n                    <!-- close entry-header -->\n\n                 \n\n                <!-- entry-content -->\n                <div class=\"entry-content clearfix\">\n\n                    <p>Dnia 18 lutego, dzi\u0119ki zaproszeniu Pani Mai Meissner, mia\u0142y\u015bmy przyjemno\u015b\u0107 uczestniczy\u0107 w wyj\u0105tkowej konferencji \u201cLongevity Nation\u201d po\u015bwi\u0119conej przysz\u0142o\u015bci przyw\u00f3dztwa oraz&hellip;<\/p>\n\n                <\/div>\n                <!-- entry-content -->\n\n            <\/div>\n        \n        <\/a>\n        \n\t\t                        \n    <\/div>\n    \n<\/article>\n<!-- #post-7298 -->\n<article id=\"post-7301\" class=\"grid-33 tablet-grid-50 mobile-grid-100 ut-blog-grid-article clearfix post-7301 post type-post status-publish format-standard has-post-thumbnail hentry category-bez-kategorii\">\n    \n    <div class=\"ut-blog-grid-article-inner\">\n    \t\n\t\t\t\t\n                        \n\n        <!-- ut-post-thumbnail -->\n        <div class=\"ut-post-thumbnail\">     \n\n            <div class=\"entry-thumbnail\">\n\n                \n                <a title=\"Permanent Link to Aukcja charytatywna &#8222;Sztuka przeciw wykluczeniu&#8221;\" href=\"https:\/\/3-lab.pl\/en\/2026\/02\/25\/aukcja-charytatywna-sztuka-przeciw-wykluczeniu\/\">                \n                    \n                    <figure class=\"ut-post-thumbnail-caption-wrap\">\n\n                        \n        <img data-adaptive-images=\"{&quot;300&quot;:&quot;https:\\\/\\\/3-lab.pl\\\/wp-content\\\/uploads\\\/2026\\\/03\\\/1764936491-300x250.jpg&quot;,&quot;500&quot;:&quot;https:\\\/\\\/3-lab.pl\\\/wp-content\\\/uploads\\\/2026\\\/03\\\/1764936491-500x417.jpg&quot;,&quot;750&quot;:&quot;https:\\\/\\\/3-lab.pl\\\/wp-content\\\/uploads\\\/2026\\\/03\\\/1764936491-750x625.jpg&quot;,&quot;1000&quot;:&quot;https:\\\/\\\/3-lab.pl\\\/wp-content\\\/uploads\\\/2026\\\/03\\\/1764936491-1000x833.jpg&quot;,&quot;1500&quot;:&quot;https:\\\/\\\/3-lab.pl\\\/wp-content\\\/uploads\\\/2026\\\/03\\\/1764936491-1500x1250.jpg&quot;,&quot;2500&quot;:&quot;https:\\\/\\\/3-lab.pl\\\/wp-content\\\/uploads\\\/2026\\\/03\\\/1764936491-2500x2083.jpg&quot;}\" src=\"data:image\/svg+xml;charset=utf-8,%3Csvg xmlns%3D'http%3A%2F%2Fwww.w3.org%2F2000%2Fsvg' viewBox%3D'0 0 1500 1250'%2F%3E\" width=\"1500\" height=\"1250\" data-src=\"https:\/\/3-lab.pl\/wp-content\/uploads\/2026\/03\/1764936491-1500x1250.jpg\" data-image-id=\"7302\" class=\"ut-adaptive-image wp-post-image skip-lazy\">\n\n        \n                        \n                    <\/figure>\n                    \n                <\/a>  \n                \n                <a href=\"https:\/\/3-lab.pl\/en\/2026\/02\/\">\n                \n                    <div class=\"date-format\">\n                        <span class=\"day\">25<\/span>\n                        <span class=\"month\">Feb 2026<\/span>\n                    <\/div>\n                \n                <\/a>\n\n            <\/div>                                                                                                                         \n\n        <\/div><!-- close ut-post-thumbnail -->\n\n                \n                \n        <a class=\"ut-blog-link\" title=\"Aukcja charytatywna &#8222;Sztuka przeciw wykluczeniu&#8221;\" href=\"https:\/\/3-lab.pl\/en\/2026\/02\/25\/aukcja-charytatywna-sztuka-przeciw-wykluczeniu\/\" rel=\"bookmark\">     \n              \n            <div class=\"ut-blog-grid-content-wrap\"> \n\n                \n                    <header class=\"entry-header\">\n\n                        <h2 class=\"entry-title\">Aukcja charytatywna &#8222;Sztuka przeciw wykluczeniu&#8221;<\/h2>          \n\n                    <\/header>\n                    <!-- close entry-header -->\n\n                 \n\n                <!-- entry-content -->\n                <div class=\"entry-content clearfix\">\n\n                    <p>3 grudnia ubieg\u0142ego roku dwuosobowa reprezentacja 3LAB-u - Maciej Mi\u0142osz oraz Kalina Socha, pod opiek\u0105 pani Anny Rzepy, mia\u0142a zaszczyt&hellip;<\/p>\n\n                <\/div>\n                <!-- entry-content -->\n\n            <\/div>\n        \n        <\/a>\n        \n\t\t                        \n    <\/div>\n    \n<\/article>\n<!-- #post-7301 -->\n<article id=\"post-7313\" class=\"grid-33 tablet-grid-50 mobile-grid-100 ut-blog-grid-article clearfix post-7313 post type-post status-publish format-standard has-post-thumbnail hentry category-bez-kategorii\">\n    \n    <div class=\"ut-blog-grid-article-inner\">\n    \t\n\t\t\t\t\n                        \n\n        <!-- ut-post-thumbnail -->\n        <div class=\"ut-post-thumbnail\">     \n\n            <div class=\"entry-thumbnail\">\n\n                \n                <a title=\"Permanent Link to Kornelia Wieczorek laureatk\u0105 nagrody VIVA! People Power 2025\" href=\"https:\/\/3-lab.pl\/en\/2025\/12\/08\/kornelia-wieczorek-laureatka-nagrody-viva-people-power-2025\/\">                \n                    \n                    <figure class=\"ut-post-thumbnail-caption-wrap\">\n\n                        \n        <img data-adaptive-images=\"{&quot;300&quot;:&quot;https:\\\/\\\/3-lab.pl\\\/wp-content\\\/uploads\\\/2026\\\/03\\\/grafiki-kategorie-wygrane5-c323738-1.webp&quot;,&quot;500&quot;:&quot;https:\\\/\\\/3-lab.pl\\\/wp-content\\\/uploads\\\/2026\\\/03\\\/grafiki-kategorie-wygrane5-c323738-1.webp&quot;,&quot;750&quot;:&quot;https:\\\/\\\/3-lab.pl\\\/wp-content\\\/uploads\\\/2026\\\/03\\\/grafiki-kategorie-wygrane5-c323738-1.webp&quot;,&quot;1000&quot;:&quot;https:\\\/\\\/3-lab.pl\\\/wp-content\\\/uploads\\\/2026\\\/03\\\/grafiki-kategorie-wygrane5-c323738-1.webp&quot;,&quot;1500&quot;:&quot;https:\\\/\\\/3-lab.pl\\\/wp-content\\\/uploads\\\/2026\\\/03\\\/grafiki-kategorie-wygrane5-c323738-1.webp&quot;,&quot;2500&quot;:&quot;https:\\\/\\\/3-lab.pl\\\/wp-content\\\/uploads\\\/2026\\\/03\\\/grafiki-kategorie-wygrane5-c323738-1.webp&quot;}\" src=\"data:image\/svg+xml;charset=utf-8,%3Csvg xmlns%3D'http%3A%2F%2Fwww.w3.org%2F2000%2Fsvg' viewBox%3D'0 0 940 282'%2F%3E\" width=\"940\" height=\"282\" data-src=\"https:\/\/3-lab.pl\/wp-content\/uploads\/2026\/03\/grafiki-kategorie-wygrane5-c323738-1.webp\" data-image-id=\"7319\" class=\"ut-adaptive-image wp-post-image skip-lazy\">\n\n        \n                        \n                    <\/figure>\n                    \n                <\/a>  \n                \n                <a href=\"https:\/\/3-lab.pl\/en\/2025\/12\/\">\n                \n                    <div class=\"date-format\">\n                        <span class=\"day\">08<\/span>\n                        <span class=\"month\">Dec 2025<\/span>\n                    <\/div>\n                \n                <\/a>\n\n            <\/div>                                                                                                                         \n\n        <\/div><!-- close ut-post-thumbnail -->\n\n                \n                \n        <a class=\"ut-blog-link\" title=\"Kornelia Wieczorek laureatk\u0105 nagrody VIVA! People Power 2025\" href=\"https:\/\/3-lab.pl\/en\/2025\/12\/08\/kornelia-wieczorek-laureatka-nagrody-viva-people-power-2025\/\" rel=\"bookmark\">     \n              \n            <div class=\"ut-blog-grid-content-wrap\"> \n\n                \n                    <header class=\"entry-header\">\n\n                        <h2 class=\"entry-title\">Kornelia Wieczorek laureatk\u0105 nagrody VIVA! People Power 2025<\/h2>          \n\n                    <\/header>\n                    <!-- close entry-header -->\n\n                 \n\n                <!-- entry-content -->\n                <div class=\"entry-content clearfix\">\n\n                    <p>Kornelia Wieczorek po raz kolejny udowadnia, \u017ce jej dzia\u0142ania maj\u0105 realny wp\u0142yw na otoczenie. Tym razem zosta\u0142a wyr\u00f3\u017cniona podczas gali&hellip;<\/p>\n\n                <\/div>\n                <!-- entry-content -->\n\n            <\/div>\n        \n        <\/a>\n        \n\t\t                        \n    <\/div>\n    \n<\/article>\n<!-- #post-7313 --><\/div><\/div><\/div><\/div><\/div><\/div><div class=\"vc_row-full-width vc_clearfix\"><\/div>","protected":false},"excerpt":{"rendered":"Kornelia Wieczorek po raz kolejny udowadnia, \u017ce jej dzia\u0142ania maj\u0105 realny wp\u0142yw na otoczenie. Tym razem zosta\u0142a wyr\u00f3\u017cniona podczas gali VIVA! People Power 2025, plebiscytu, kt\u00f3ry nagradza osoby inspiruj\u0105ce innych i aktywnie zmieniaj\u0105ce \u015bwiat na lepsze. Podczas uroczysto\u015bci, kt\u00f3ra odby\u0142a si\u0119 3 grudnia, uczennica III Liceum Og\u00f3lnokszta\u0142c\u0105cego w Gdyni odebra\u0142a nagrod\u0119 w kategorii \u201eNowy g\u0142os\u201d. [...]","protected":false},"author":1,"featured_media":1159,"parent":0,"menu_order":0,"comment_status":"closed","ping_status":"closed","template":"","meta":{"spay_email":""},"_links":{"self":[{"href":"https:\/\/3-lab.pl\/en\/wp-json\/wp\/v2\/pages\/1088"}],"collection":[{"href":"https:\/\/3-lab.pl\/en\/wp-json\/wp\/v2\/pages"}],"about":[{"href":"https:\/\/3-lab.pl\/en\/wp-json\/wp\/v2\/types\/page"}],"author":[{"embeddable":true,"href":"https:\/\/3-lab.pl\/en\/wp-json\/wp\/v2\/users\/1"}],"replies":[{"embeddable":true,"href":"https:\/\/3-lab.pl\/en\/wp-json\/wp\/v2\/comments?post=1088"}],"version-history":[{"count":55,"href":"https:\/\/3-lab.pl\/en\/wp-json\/wp\/v2\/pages\/1088\/revisions"}],"predecessor-version":[{"id":6378,"href":"https:\/\/3-lab.pl\/en\/wp-json\/wp\/v2\/pages\/1088\/revisions\/6378"}],"wp:featuredmedia":[{"embeddable":true,"href":"https:\/\/3-lab.pl\/en\/wp-json\/wp\/v2\/media\/1159"}],"wp:attachment":[{"href":"https:\/\/3-lab.pl\/en\/wp-json\/wp\/v2\/media?parent=1088"}],"curies":[{"name":"wp","href":"https:\/\/api.w.org\/{rel}","templated":true}]}}